{"id":8482,"date":"2024-12-20T19:39:26","date_gmt":"2024-12-20T19:39:26","guid":{"rendered":"https:\/\/whitelip.com\/xqs-arctic-freeze-slim-ultra-strong\/"},"modified":"2026-05-09T10:11:04","modified_gmt":"2026-05-09T10:11:04","slug":"xqs-arctic-freeze-slim-ultra-strong","status":"publish","type":"product","link":"https:\/\/whitelip.com\/tr\/xqs\/xqs-arctic-freeze-slim-ultra-strong\/","title":{"rendered":"XQS Arctic Freeze Slim Ultra Strong"},"content":{"rendered":"<h2><b>XQS Arctic Freeze Slim Ultra Strong<\/b><\/h2>\n<p><span style=\"font-weight: 400;\">XQS Arctic Freeze Slim Ultra Strong yo\u011fun bir <\/span><b>yo\u011fun ve buzlu nane tad\u0131<\/b><span style=\"font-weight: 400;\"> sunar, g\u00fc\u00e7l\u00fc bir serinletici senzasyonla, nikotin kullan\u0131c\u0131lar\u0131 i\u00e7in en canland\u0131r\u0131c\u0131 se\u00e7eneklerden biri yaparak. Ultra-g\u00fc\u00e7l\u00fc sal\u0131n\u0131m tercih edenler i\u00e7in tasarlanan, her ince, t\u00fcm beyaz po\u015fet <\/span><b>20 mg nikotin<\/b><span style=\"font-weight: 400;\">i\u00e7erir, maksimum g\u00fc\u00e7 arayan deneyimli kullan\u0131c\u0131lar i\u00e7in hemen ve uzun s\u00fcreli etkisini sa\u011flar.<\/span><\/p>\n<p><span style=\"font-weight: 400;\">\u0130nce format, duda\u011f\u0131n alt\u0131nda rahat ve gizli bir uyum sa\u011flar, di\u015f lekesi olmayan temiz, t\u00fct\u00fcn i\u00e7ermez bir deneyim sunar. Y\u00fcksek kaliteli bitki bazl\u0131 liflerden yap\u0131lan XQS Arctic Freeze Slim Ultra Strong, keskin ve ferah olan \u00e7evre arkada\u015f nane profili ile modern bir nikotin alternatifi sunarl\u0131k. G\u00fc\u00e7l\u00fc bir nikotin art\u0131\u015f\u0131na ve serinletici bir yumrukya ihtiyac\u0131n\u0131z oldu\u011fu anlar i\u00e7in idealdir.<\/span><\/p>\n<table>\n<tbody>\n<tr>\n<td><b>Attribute<\/b><\/td>\n<td><b>Ayr\u0131nt\u0131lar<\/b><\/td>\n<\/tr>\n<tr>\n<td><b>Brand<\/b><\/td>\n<td><span style=\"font-weight: 400;\">XQS<\/span><\/td>\n<\/tr>\n<tr>\n<td><b>\u00dcr\u00fcn T\u00fcr\u00fc<\/b><\/td>\n<td><span style=\"font-weight: 400;\">T\u00fcm Beyaz Nikotin Po\u015fetleri<\/span><\/td>\n<\/tr>\n<tr>\n<td><b>Format<\/b><\/td>\n<td><span style=\"font-weight: 400;\">\u0130nce<\/span><\/td>\n<\/tr>\n<tr>\n<td><b>Aroma<\/b><\/td>\n<td><span style=\"font-weight: 400;\">Icy Mint<\/span><\/td>\n<\/tr>\n<tr>\n<td><b>Nikotin G\u00fcc\u00fc<\/b><\/td>\n<td><span style=\"font-weight: 400;\">20 mg po\u015fet ba\u015f\u0131na (25 mg\/g)<\/span><\/td>\n<\/tr>\n<tr>\n<td><b>K\u0131s\u0131m A\u011f\u0131rl\u0131\u011f\u0131<\/b><\/td>\n<td><span style=\"font-weight: 400;\">0,8 gram<\/span><\/td>\n<\/tr>\n<tr>\n<td><b>K\u0131s\u0131m Say\u0131s\u0131<\/b><\/td>\n<td><span style=\"font-weight: 400;\">kutu ba\u015f\u0131na 20<\/span><\/td>\n<\/tr>\n<tr>\n<td><b>Toplam Kutu A\u011f\u0131rl\u0131\u011f\u0131<\/b><\/td>\n<td><span style=\"font-weight: 400;\">16 gram<\/span><\/td>\n<\/tr>\n<tr>\n<td><b>\u00dcretici<\/b><\/td>\n<td><span style=\"font-weight: 400;\">XQS International<\/span><\/td>\n<\/tr>\n<tr>\n<td><b>Dikkate De\u011fer \u00d6zellikler<\/b><\/td>\n<td><span style=\"font-weight: 400;\">T\u00fct\u00fcn i\u00e7ermez, ince format, yo\u011fun arktik nane lezzeti ile ultra-g\u00fc\u00e7l\u00fc nikotin<\/span><\/td>\n<\/tr>\n<\/tbody>\n<\/table>","protected":false},"excerpt":{"rendered":"<p><span style=\"font-weight: 400;\">XQS Arctic Freeze <strong>\u0130nce<\/strong> Ultra Strong'lu bir <\/span><b>yo\u011fun ve buzlu nane tad\u0131<\/b><span style=\"font-weight: 400;\"> sunar, g\u00fc\u00e7l\u00fc bir serinletici senzasyonla, nikotin kullan\u0131c\u0131lar\u0131 i\u00e7in en canland\u0131r\u0131c\u0131 se\u00e7eneklerden biri yaparak. Ultra-g\u00fc\u00e7l\u00fc sal\u0131n\u0131m tercih edenler i\u00e7in tasarlanan, her ince, t\u00fcm beyaz po\u015fet <\/span><b>20 mg nikotin<\/b><span style=\"font-weight: 400;\">i\u00e7erir, maksimum g\u00fc\u00e7 arayan deneyimli kullan\u0131c\u0131lar i\u00e7in hemen ve uzun s\u00fcreli etkisini sa\u011flar.<\/span><\/p>","protected":false},"featured_media":8483,"comment_status":"open","ping_status":"closed","template":"","format":[206],"meta":{"_acf_changed":false},"product_brand":[],"product_cat":[27],"product_tag":[16545],"flavours":[199],"nicotine":[219,232],"class_list":{"0":"post-8482","1":"product","2":"type-product","3":"status-publish","4":"has-post-thumbnail","6":"product_cat-xqs","7":"product_tag-20-mg-pouch","8":"pa_quantity-1-pack","9":"pa_quantity-10-pack","10":"pa_quantity-3-pack","11":"pa_quantity-30-pack","12":"pa_quantity-5-pack","13":"pa_quantity-60-pack","14":"flavours-mint","15":"format-slim","16":"nicotine-25-mg-g","17":"nicotine-extra-strong","19":"first","20":"outofstock","21":"taxable","22":"shipping-taxable","23":"purchasable","24":"product-type-variable"},"acf":[],"_links":{"self":[{"href":"https:\/\/whitelip.com\/tr\/wp-json\/wp\/v2\/product\/8482","targetHints":{"allow":["GET"]}}],"collection":[{"href":"https:\/\/whitelip.com\/tr\/wp-json\/wp\/v2\/product"}],"about":[{"href":"https:\/\/whitelip.com\/tr\/wp-json\/wp\/v2\/types\/product"}],"replies":[{"embeddable":true,"href":"https:\/\/whitelip.com\/tr\/wp-json\/wp\/v2\/comments?post=8482"}],"wp:featuredmedia":[{"embeddable":true,"href":"https:\/\/whitelip.com\/tr\/wp-json\/wp\/v2\/media\/8483"}],"wp:attachment":[{"href":"https:\/\/whitelip.com\/tr\/wp-json\/wp\/v2\/media?parent=8482"}],"wp:term":[{"taxonomy":"product_brand","embeddable":true,"href":"https:\/\/whitelip.com\/tr\/wp-json\/wp\/v2\/product_brand?post=8482"},{"taxonomy":"product_cat","embeddable":true,"href":"https:\/\/whitelip.com\/tr\/wp-json\/wp\/v2\/product_cat?post=8482"},{"taxonomy":"product_tag","embeddable":true,"href":"https:\/\/whitelip.com\/tr\/wp-json\/wp\/v2\/product_tag?post=8482"},{"taxonomy":"flavours","embeddable":true,"href":"https:\/\/whitelip.com\/tr\/wp-json\/wp\/v2\/flavours?post=8482"},{"taxonomy":"format","embeddable":true,"href":"https:\/\/whitelip.com\/tr\/wp-json\/wp\/v2\/format?post=8482"},{"taxonomy":"nicotine","embeddable":true,"href":"https:\/\/whitelip.com\/tr\/wp-json\/wp\/v2\/nicotine?post=8482"}],"curies":[{"name":"wp","href":"https:\/\/api.w.org\/{rel}","templated":true}]}}