{"id":8466,"date":"2024-11-28T12:46:11","date_gmt":"2024-11-28T12:46:11","guid":{"rendered":"https:\/\/whitelip.com\/on-plus-citrus-slim-strong\/"},"modified":"2026-03-10T09:05:51","modified_gmt":"2026-03-10T09:05:51","slug":"on-plus-citrus-slim-strong","status":"publish","type":"product","link":"https:\/\/whitelip.com\/tr\/on\/on-plus-citrus-slim-strong\/","title":{"rendered":"On! Plus Citrus Slim Strong"},"content":{"rendered":"<h2><b>On! Plus Citrus Slim Strong<\/b><\/h2>\n<p><span style=\"font-weight: 400;\">On! Plus Citrus Slim Strong nikotin keseleri, g\u00fc\u00e7l\u00fc bir nikotin etkisiyle e\u015fle\u015ftirilmi\u015f, canl\u0131 ve ferahlat\u0131c\u0131 bir sitrus lezzeti sunar ve cesur, canland\u0131r\u0131c\u0131 bir deneyim sa\u011flar. Bu ince, t\u00fct\u00fcns\u00fcz keseler gizli ve rahat kullan\u0131m i\u00e7in tasarlanm\u0131\u015f olup, duda\u011f\u0131n alt\u0131na kusursuz \u015fekilde uyar. Temiz ve tatmin edici bir lezzet ve nikotin sal\u0131n\u0131m\u0131 ile On! Plus Citrus Slim Strong, meyve aromal\u0131 ve canland\u0131r\u0131c\u0131 se\u00e7enekleri daha g\u00fc\u00e7l\u00fc bir nikotin profiliyle tercih eden kullan\u0131c\u0131lar i\u00e7in m\u00fckemmel bir se\u00e7imdir.<\/span><\/p>\n<table>\n<tbody>\n<tr>\n<td><b>Attribute<\/b><\/td>\n<td><b>Ayr\u0131nt\u0131lar<\/b><\/td>\n<\/tr>\n<tr>\n<td><span style=\"font-weight: 400;\">Kutu Ba\u015f\u0131na \u0130\u00e7erik<\/span><\/td>\n<td><span style=\"font-weight: 400;\">16,8g (20 kesesi)<\/span><\/td>\n<\/tr>\n<tr>\n<td><span style=\"font-weight: 400;\">Nikotin \u0130\u00e7eri\u011fi<\/span><\/td>\n<td><span style=\"font-weight: 400;\">14 mg\/g (po\u015fet ba\u015f\u0131na 11.2 mg)<\/span><\/td>\n<\/tr>\n<tr>\n<td><span style=\"font-weight: 400;\">Po\u015fet Format\u0131<\/span><\/td>\n<td><span style=\"font-weight: 400;\">\u0130nce<\/span><\/td>\n<\/tr>\n<tr>\n<td><span style=\"font-weight: 400;\">\u00dcretici<\/span><\/td>\n<td><span style=\"font-weight: 400;\">Altria Group<\/span><\/td>\n<\/tr>\n<tr>\n<td><span style=\"font-weight: 400;\">Aroma<\/span><\/td>\n<td><span style=\"font-weight: 400;\">Narenciye<\/span><\/td>\n<\/tr>\n<tr>\n<td><span style=\"font-weight: 400;\">T\u00fcr<\/span><\/td>\n<td><span style=\"font-weight: 400;\">T\u00fcm beyaz po\u015fet, t\u00fct\u00fcns\u00fcz<\/span><\/td>\n<\/tr>\n<\/tbody>\n<\/table>","protected":false},"excerpt":{"rendered":"<p>On! Plus Citrus Slim Strong nikotin keseler keskin, serinletici <strong data-start=\"73\" data-end=\"83\">Narenciye<\/strong> tat sunup cesur, uyar\u0131c\u0131 bir etki sa\u011flar. <strong data-start=\"123\" data-end=\"131\">\u0130nce<\/strong> t\u00fct\u00fcns\u00fcz keseler, gizli ve rahat kullan\u0131m i\u00e7in ve temiz bir lezzet ve nikotin sal\u0131n\u0131m\u0131. Her kese i\u00e7erir <strong data-start=\"247\" data-end=\"267\">11.2 mg nikotin<\/strong>.<\/p>","protected":false},"featured_media":8467,"comment_status":"open","ping_status":"closed","template":"","format":[206],"meta":{"_acf_changed":false},"product_brand":[],"product_cat":[79],"product_tag":[16577],"flavours":[190],"nicotine":[232,211],"class_list":{"0":"post-8466","1":"product","2":"type-product","3":"status-publish","4":"has-post-thumbnail","6":"product_cat-on","7":"product_tag-11-2-mg-pouch","8":"pa_quantity-1-pack","9":"pa_quantity-10-pack","10":"pa_quantity-3-pack","11":"pa_quantity-30-pack","12":"pa_quantity-5-pack","13":"pa_quantity-60-pack","14":"flavours-citrus","15":"format-slim","16":"nicotine-extra-strong","17":"nicotine-14-mg-g","19":"first","20":"outofstock","21":"taxable","22":"shipping-taxable","23":"purchasable","24":"product-type-variable"},"acf":[],"_links":{"self":[{"href":"https:\/\/whitelip.com\/tr\/wp-json\/wp\/v2\/product\/8466","targetHints":{"allow":["GET"]}}],"collection":[{"href":"https:\/\/whitelip.com\/tr\/wp-json\/wp\/v2\/product"}],"about":[{"href":"https:\/\/whitelip.com\/tr\/wp-json\/wp\/v2\/types\/product"}],"replies":[{"embeddable":true,"href":"https:\/\/whitelip.com\/tr\/wp-json\/wp\/v2\/comments?post=8466"}],"wp:featuredmedia":[{"embeddable":true,"href":"https:\/\/whitelip.com\/tr\/wp-json\/wp\/v2\/media\/8467"}],"wp:attachment":[{"href":"https:\/\/whitelip.com\/tr\/wp-json\/wp\/v2\/media?parent=8466"}],"wp:term":[{"taxonomy":"product_brand","embeddable":true,"href":"https:\/\/whitelip.com\/tr\/wp-json\/wp\/v2\/product_brand?post=8466"},{"taxonomy":"product_cat","embeddable":true,"href":"https:\/\/whitelip.com\/tr\/wp-json\/wp\/v2\/product_cat?post=8466"},{"taxonomy":"product_tag","embeddable":true,"href":"https:\/\/whitelip.com\/tr\/wp-json\/wp\/v2\/product_tag?post=8466"},{"taxonomy":"flavours","embeddable":true,"href":"https:\/\/whitelip.com\/tr\/wp-json\/wp\/v2\/flavours?post=8466"},{"taxonomy":"format","embeddable":true,"href":"https:\/\/whitelip.com\/tr\/wp-json\/wp\/v2\/format?post=8466"},{"taxonomy":"nicotine","embeddable":true,"href":"https:\/\/whitelip.com\/tr\/wp-json\/wp\/v2\/nicotine?post=8466"}],"curies":[{"name":"wp","href":"https:\/\/api.w.org\/{rel}","templated":true}]}}