{"id":8458,"date":"2024-11-28T12:46:11","date_gmt":"2024-11-28T12:46:11","guid":{"rendered":"https:\/\/whitelip.com\/on-plus-berry-slim\/"},"modified":"2026-03-10T09:05:20","modified_gmt":"2026-03-10T09:05:20","slug":"on-plus-berry-slim","status":"publish","type":"product","link":"https:\/\/whitelip.com\/tr\/on\/on-plus-berry-slim\/","title":{"rendered":"On! Plus Berry Slim"},"content":{"rendered":"<h2><b>On! Plus Berry Slim<\/b><\/h2>\n<p><span style=\"font-weight: 400;\">On! Plus Berry Slim nikotin keseler karma meyve aromalar\u0131 sunan canl\u0131 bir kar\u0131\u015f\u0131m sunup tatl\u0131 ve meyveli bir nikotin deneyimi sa\u011flar. Bu incel, t\u00fct\u00fcns\u00fcz keseler gizli ve rahat kullan\u0131m i\u00e7in tasarlanm\u0131\u015f olup duda\u011f\u0131n alt\u0131nda m\u00fckemmel \u015fekilde oturarak hareket halindeyken keyif al\u0131nmas\u0131n\u0131 sa\u011flar. Orta nikotin g\u00fcc\u00fc ile On! Plus Berry Slim tat ve nikotinin tatmin edici ve temiz sal\u0131n\u0131m\u0131 sa\u011flayarak meyveli ve serinletici se\u00e7enekleri takdir eden kullan\u0131c\u0131lar i\u00e7in m\u00fckemmel bir se\u00e7imdir.<\/span><\/p>\n<table>\n<tbody>\n<tr>\n<td><b>Attribute<\/b><\/td>\n<td><b>Ayr\u0131nt\u0131lar<\/b><\/td>\n<\/tr>\n<tr>\n<td><span style=\"font-weight: 400;\">Kutu Ba\u015f\u0131na \u0130\u00e7erik<\/span><\/td>\n<td><span style=\"font-weight: 400;\">16,8g (20 kesesi)<\/span><\/td>\n<\/tr>\n<tr>\n<td><span style=\"font-weight: 400;\">Nikotin \u0130\u00e7eri\u011fi<\/span><\/td>\n<td><span style=\"font-weight: 400;\">8 mg\/g (kesesi ba\u015f\u0131na 6,4 mg)<\/span><\/td>\n<\/tr>\n<tr>\n<td><span style=\"font-weight: 400;\">Po\u015fet Format\u0131<\/span><\/td>\n<td><span style=\"font-weight: 400;\">\u0130nce<\/span><\/td>\n<\/tr>\n<tr>\n<td><span style=\"font-weight: 400;\">\u00dcretici<\/span><\/td>\n<td><span style=\"font-weight: 400;\">Altria Group<\/span><\/td>\n<\/tr>\n<tr>\n<td><span style=\"font-weight: 400;\">Aroma<\/span><\/td>\n<td><span style=\"font-weight: 400;\">Karma Meyve<\/span><\/td>\n<\/tr>\n<tr>\n<td><span style=\"font-weight: 400;\">T\u00fcr<\/span><\/td>\n<td><span style=\"font-weight: 400;\">T\u00fcm beyaz po\u015fet, t\u00fct\u00fcns\u00fcz<\/span><\/td>\n<\/tr>\n<\/tbody>\n<\/table>","protected":false},"excerpt":{"rendered":"<p>On! Plus Berry <strong data-start=\"15\" data-end=\"23\">\u0130nce<\/strong> nikotin keseler tatl\u0131, meyveli <strong data-start=\"65\" data-end=\"74\">Berry<\/strong> tat sunarlar. T\u00fct\u00fcns\u00fcz ve duda\u011f\u0131n alt\u0131nda gizli olup hareket halindeyken rahat kullan\u0131m i\u00e7in temiz, tatmin edici sal\u0131n\u0131m ile. Her kesede <strong data-start=\"208\" data-end=\"227\">6,4 mg nikotin<\/strong>.<\/p>","protected":false},"featured_media":8459,"comment_status":"open","ping_status":"closed","template":"","format":[206],"meta":{"_acf_changed":false},"product_brand":[],"product_cat":[79],"product_tag":[16577],"flavours":[196],"nicotine":[230,236],"class_list":{"0":"post-8458","1":"product","2":"type-product","3":"status-publish","4":"has-post-thumbnail","6":"product_cat-on","7":"product_tag-11-2-mg-pouch","8":"pa_quantity-1-pack","9":"pa_quantity-10-pack","10":"pa_quantity-3-pack","11":"pa_quantity-30-pack","12":"pa_quantity-5-pack","13":"pa_quantity-60-pack","14":"flavours-fruits-berries","15":"format-slim","16":"nicotine-8-mg-g","17":"nicotine-strong","19":"first","20":"outofstock","21":"taxable","22":"shipping-taxable","23":"purchasable","24":"product-type-variable"},"acf":[],"_links":{"self":[{"href":"https:\/\/whitelip.com\/tr\/wp-json\/wp\/v2\/product\/8458","targetHints":{"allow":["GET"]}}],"collection":[{"href":"https:\/\/whitelip.com\/tr\/wp-json\/wp\/v2\/product"}],"about":[{"href":"https:\/\/whitelip.com\/tr\/wp-json\/wp\/v2\/types\/product"}],"replies":[{"embeddable":true,"href":"https:\/\/whitelip.com\/tr\/wp-json\/wp\/v2\/comments?post=8458"}],"wp:featuredmedia":[{"embeddable":true,"href":"https:\/\/whitelip.com\/tr\/wp-json\/wp\/v2\/media\/8459"}],"wp:attachment":[{"href":"https:\/\/whitelip.com\/tr\/wp-json\/wp\/v2\/media?parent=8458"}],"wp:term":[{"taxonomy":"product_brand","embeddable":true,"href":"https:\/\/whitelip.com\/tr\/wp-json\/wp\/v2\/product_brand?post=8458"},{"taxonomy":"product_cat","embeddable":true,"href":"https:\/\/whitelip.com\/tr\/wp-json\/wp\/v2\/product_cat?post=8458"},{"taxonomy":"product_tag","embeddable":true,"href":"https:\/\/whitelip.com\/tr\/wp-json\/wp\/v2\/product_tag?post=8458"},{"taxonomy":"flavours","embeddable":true,"href":"https:\/\/whitelip.com\/tr\/wp-json\/wp\/v2\/flavours?post=8458"},{"taxonomy":"format","embeddable":true,"href":"https:\/\/whitelip.com\/tr\/wp-json\/wp\/v2\/format?post=8458"},{"taxonomy":"nicotine","embeddable":true,"href":"https:\/\/whitelip.com\/tr\/wp-json\/wp\/v2\/nicotine?post=8458"}],"curies":[{"name":"wp","href":"https:\/\/api.w.org\/{rel}","templated":true}]}}