{"id":8456,"date":"2024-11-28T12:46:11","date_gmt":"2024-11-28T12:46:11","guid":{"rendered":"https:\/\/whitelip.com\/on-plus-smooth-mint-slim\/"},"modified":"2026-03-10T09:06:08","modified_gmt":"2026-03-10T09:06:08","slug":"on-plus-smooth-mint-slim","status":"publish","type":"product","link":"https:\/\/whitelip.com\/tr\/on\/on-plus-smooth-mint-slim\/","title":{"rendered":"On! Plus Smooth Mint Slim"},"content":{"rendered":"<h2><b>On! Plus Smooth Mint Slim<\/b><\/h2>\n<p><span style=\"font-weight: 400;\">On! Plus Smooth Mint Slim nikotin keseleri, dengeli ve canland\u0131r\u0131c\u0131 bir deneyim arayan kullan\u0131c\u0131lar i\u00e7in m\u00fckemmel olan orta d\u00fczey nikotin g\u00fcc\u00fc ile ferahlat\u0131c\u0131 ve p\u00fcr\u00fczs\u00fcz bir nane lezzeti sunar. Bu ince, t\u00fct\u00fcns\u00fcz keseler gizli ve rahat kullan\u0131m i\u00e7in tasarlanm\u0131\u015f olup, duda\u011f\u0131n alt\u0131na kusursuz \u015fekilde uyar. On! Plus Smooth Mint Slim, di\u015fleri boyamadan hareket halindeyken keyfini \u00e7\u0131karmak i\u00e7in m\u00fckemmel olan temiz ve tatmin edici bir lezzet ve nikotin sal\u0131n\u0131m\u0131 sa\u011flar.<\/span><\/p>\n<table>\n<tbody>\n<tr>\n<td><b>Attribute<\/b><\/td>\n<td><b>Ayr\u0131nt\u0131lar<\/b><\/td>\n<\/tr>\n<tr>\n<td><span style=\"font-weight: 400;\">Kutu Ba\u015f\u0131na \u0130\u00e7erik<\/span><\/td>\n<td><span style=\"font-weight: 400;\">16,8g (20 kesesi)<\/span><\/td>\n<\/tr>\n<tr>\n<td><span style=\"font-weight: 400;\">Nikotin \u0130\u00e7eri\u011fi<\/span><\/td>\n<td><span style=\"font-weight: 400;\">8 mg\/g (kesesi ba\u015f\u0131na 6,4 mg)<\/span><\/td>\n<\/tr>\n<tr>\n<td><span style=\"font-weight: 400;\">Po\u015fet Format\u0131<\/span><\/td>\n<td><span style=\"font-weight: 400;\">\u0130nce<\/span><\/td>\n<\/tr>\n<tr>\n<td><span style=\"font-weight: 400;\">\u00dcretici<\/span><\/td>\n<td><span style=\"font-weight: 400;\">Altria Group<\/span><\/td>\n<\/tr>\n<tr>\n<td><span style=\"font-weight: 400;\">Aroma<\/span><\/td>\n<td><span style=\"font-weight: 400;\">Smooth Mint<\/span><\/td>\n<\/tr>\n<tr>\n<td><span style=\"font-weight: 400;\">T\u00fcr<\/span><\/td>\n<td><span style=\"font-weight: 400;\">T\u00fcm beyaz po\u015fet, t\u00fct\u00fcns\u00fcz<\/span><\/td>\n<\/tr>\n<\/tbody>\n<\/table>","protected":false},"excerpt":{"rendered":"<p>On! Plus Smooth Mint <strong data-start=\"21\" data-end=\"29\">\u0130nce<\/strong> nikotin keseleri temiz, ferahlat\u0131c\u0131 bir <strong data-start=\"75\" data-end=\"90\">Smooth Mint<\/strong> lezzeti sunar, dengeli, orta bir etkiyle. T\u00fct\u00fcns\u00fcz ve duda\u011f\u0131n alt\u0131nda gizli, rahat, hareket halindeyken kullan\u0131m i\u00e7in temiz lezzet ve nikotin sal\u0131n\u0131m\u0131. Her kese i\u00e7erir <strong data-start=\"266\" data-end=\"285\">6,4 mg nikotin<\/strong>.<\/p>","protected":false},"featured_media":3129,"comment_status":"open","ping_status":"closed","template":"","format":[206],"meta":{"_acf_changed":false},"product_brand":[],"product_cat":[79],"product_tag":[16995],"flavours":[199],"nicotine":[230,236],"class_list":{"0":"post-8456","1":"product","2":"type-product","3":"status-publish","4":"has-post-thumbnail","6":"product_cat-on","7":"product_tag-6-4-mg-pouch","8":"pa_quantity-1-pack","9":"pa_quantity-10-pack","10":"pa_quantity-3-pack","11":"pa_quantity-30-pack","12":"pa_quantity-5-pack","13":"pa_quantity-60-pack","14":"flavours-mint","15":"format-slim","16":"nicotine-8-mg-g","17":"nicotine-strong","19":"first","20":"outofstock","21":"taxable","22":"shipping-taxable","23":"purchasable","24":"product-type-variable"},"acf":[],"_links":{"self":[{"href":"https:\/\/whitelip.com\/tr\/wp-json\/wp\/v2\/product\/8456","targetHints":{"allow":["GET"]}}],"collection":[{"href":"https:\/\/whitelip.com\/tr\/wp-json\/wp\/v2\/product"}],"about":[{"href":"https:\/\/whitelip.com\/tr\/wp-json\/wp\/v2\/types\/product"}],"replies":[{"embeddable":true,"href":"https:\/\/whitelip.com\/tr\/wp-json\/wp\/v2\/comments?post=8456"}],"wp:featuredmedia":[{"embeddable":true,"href":"https:\/\/whitelip.com\/tr\/wp-json\/wp\/v2\/media\/3129"}],"wp:attachment":[{"href":"https:\/\/whitelip.com\/tr\/wp-json\/wp\/v2\/media?parent=8456"}],"wp:term":[{"taxonomy":"product_brand","embeddable":true,"href":"https:\/\/whitelip.com\/tr\/wp-json\/wp\/v2\/product_brand?post=8456"},{"taxonomy":"product_cat","embeddable":true,"href":"https:\/\/whitelip.com\/tr\/wp-json\/wp\/v2\/product_cat?post=8456"},{"taxonomy":"product_tag","embeddable":true,"href":"https:\/\/whitelip.com\/tr\/wp-json\/wp\/v2\/product_tag?post=8456"},{"taxonomy":"flavours","embeddable":true,"href":"https:\/\/whitelip.com\/tr\/wp-json\/wp\/v2\/flavours?post=8456"},{"taxonomy":"format","embeddable":true,"href":"https:\/\/whitelip.com\/tr\/wp-json\/wp\/v2\/format?post=8456"},{"taxonomy":"nicotine","embeddable":true,"href":"https:\/\/whitelip.com\/tr\/wp-json\/wp\/v2\/nicotine?post=8456"}],"curies":[{"name":"wp","href":"https:\/\/api.w.org\/{rel}","templated":true}]}}