{"id":8450,"date":"2024-12-20T19:39:07","date_gmt":"2024-12-20T19:39:07","guid":{"rendered":"https:\/\/whitelip.com\/velo-freezing-peppermint\/"},"modified":"2026-04-17T21:15:35","modified_gmt":"2026-04-17T21:15:35","slug":"velo-freezing-peppermint","status":"publish","type":"product","link":"https:\/\/whitelip.com\/tr\/velo\/velo-freezing-peppermint\/","title":{"rendered":"VELO Dondurucu Nane"},"content":{"rendered":"<h2><strong>VELO Dondurucu Nane<\/strong><\/h2>\n<p><span style=\"font-weight: 400;\">VELO Freezing Peppermint, so\u011futma mentoliyle birle\u015ftirilmi\u015f g\u00fc\u00e7l\u00fc bir nane aromas\u0131 sunarak, ferah ve canland\u0131r\u0131c\u0131 bir deneyim sa\u011flar. Bu ince, t\u00fcm beyaz nikotin po\u015fetleri ayr\u0131k ve konforlu bir uyum sa\u011flamak i\u00e7in tasarlanm\u0131\u015f olup, tutarl\u0131 bir tat ve nikotin sal\u0131n\u0131m\u0131 sa\u011flar. Bu t\u00fct\u00fcns\u00fcz \u00fcr\u00fcn, g\u00fc\u00e7l\u00fc ve tatmin edici bir nane hissi arayan ki\u015filer i\u00e7in idealdir.<\/span><\/p>\n<table>\n<tbody>\n<tr>\n<td><b>Attribute<\/b><\/td>\n<td><b>Ayr\u0131nt\u0131lar<\/b><\/td>\n<\/tr>\n<tr>\n<td><span style=\"font-weight: 400;\">Brand<\/span><\/td>\n<td><span style=\"font-weight: 400;\">VELO<\/span><\/td>\n<\/tr>\n<tr>\n<td><span style=\"font-weight: 400;\">\u00dcr\u00fcn T\u00fcr\u00fc<\/span><\/td>\n<td><span style=\"font-weight: 400;\">T\u00fcm Beyaz Nikotin Po\u015fetleri<\/span><\/td>\n<\/tr>\n<tr>\n<td><span style=\"font-weight: 400;\">Format<\/span><\/td>\n<td><span style=\"font-weight: 400;\">\u0130nce<\/span><\/td>\n<\/tr>\n<tr>\n<td><span style=\"font-weight: 400;\">Aroma<\/span><\/td>\n<td><span style=\"font-weight: 400;\">Nane ve Mentol<\/span><\/td>\n<\/tr>\n<tr>\n<td><span style=\"font-weight: 400;\">Nikotin G\u00fcc\u00fc<\/span><\/td>\n<td><span style=\"font-weight: 400;\">15,6 mg\/g (po\u015fet ba\u015f\u0131na 10,9 mg)<\/span><\/td>\n<\/tr>\n<tr>\n<td><span style=\"font-weight: 400;\">K\u0131s\u0131m A\u011f\u0131rl\u0131\u011f\u0131<\/span><\/td>\n<td><span style=\"font-weight: 400;\">0,7 gram<\/span><\/td>\n<\/tr>\n<tr>\n<td><span style=\"font-weight: 400;\">K\u0131s\u0131m Say\u0131s\u0131<\/span><\/td>\n<td><span style=\"font-weight: 400;\">kutu ba\u015f\u0131na 20<\/span><\/td>\n<\/tr>\n<tr>\n<td><span style=\"font-weight: 400;\">Toplam Kutu A\u011f\u0131rl\u0131\u011f\u0131<\/span><\/td>\n<td><span style=\"font-weight: 400;\">14 gram<\/span><\/td>\n<\/tr>\n<tr>\n<td><span style=\"font-weight: 400;\">\u00dcretici<\/span><\/td>\n<td><span style=\"font-weight: 400;\">BAT<\/span><\/td>\n<\/tr>\n<tr>\n<td><span style=\"font-weight: 400;\">Dikkate De\u011fer \u00d6zellikler<\/span><\/td>\n<td><span style=\"font-weight: 400;\">T\u00fct\u00fcns\u00fcz, ayr\u0131k ince porsiyonlar, h\u0131zl\u0131 tat sal\u0131n\u0131m\u0131<\/span><\/td>\n<\/tr>\n<\/tbody>\n<\/table>","protected":false},"excerpt":{"rendered":"<p>VELO Freezing Peppermint nikotin po\u015fetleri g\u00fc\u00e7l\u00fc bir <strong data-start=\"61\" data-end=\"83\">Peppermint Menthol<\/strong> tat sunuyor ferah so\u011futma etkisi ile. <strong data-start=\"125\" data-end=\"133\">\u0130nce<\/strong>, ayr\u0131k ve konfortable kullan\u0131m i\u00e7in all-white format ve tutarl\u0131 sal\u0131n\u0131m. Her po\u015fet <strong data-start=\"228\" data-end=\"248\">10,9 mg nikotin<\/strong>.<\/p>","protected":false},"featured_media":8451,"comment_status":"open","ping_status":"closed","template":"","format":[206],"meta":{"_acf_changed":false},"product_brand":[],"product_cat":[48],"product_tag":[17005],"flavours":[199],"nicotine":[213,232],"class_list":{"0":"post-8450","1":"product","2":"type-product","3":"status-publish","4":"has-post-thumbnail","6":"product_cat-velo","7":"product_tag-15-6-mg-pouch","8":"pa_quantity-1-pack","9":"pa_quantity-10-pack","10":"pa_quantity-3-pack","11":"pa_quantity-30-pack","12":"pa_quantity-5-pack","13":"pa_quantity-60-pack","14":"flavours-mint","15":"format-slim","16":"nicotine-16-mg-g","17":"nicotine-extra-strong","19":"first","20":"outofstock","21":"taxable","22":"shipping-taxable","23":"purchasable","24":"product-type-variable"},"acf":[],"_links":{"self":[{"href":"https:\/\/whitelip.com\/tr\/wp-json\/wp\/v2\/product\/8450","targetHints":{"allow":["GET"]}}],"collection":[{"href":"https:\/\/whitelip.com\/tr\/wp-json\/wp\/v2\/product"}],"about":[{"href":"https:\/\/whitelip.com\/tr\/wp-json\/wp\/v2\/types\/product"}],"replies":[{"embeddable":true,"href":"https:\/\/whitelip.com\/tr\/wp-json\/wp\/v2\/comments?post=8450"}],"wp:featuredmedia":[{"embeddable":true,"href":"https:\/\/whitelip.com\/tr\/wp-json\/wp\/v2\/media\/8451"}],"wp:attachment":[{"href":"https:\/\/whitelip.com\/tr\/wp-json\/wp\/v2\/media?parent=8450"}],"wp:term":[{"taxonomy":"product_brand","embeddable":true,"href":"https:\/\/whitelip.com\/tr\/wp-json\/wp\/v2\/product_brand?post=8450"},{"taxonomy":"product_cat","embeddable":true,"href":"https:\/\/whitelip.com\/tr\/wp-json\/wp\/v2\/product_cat?post=8450"},{"taxonomy":"product_tag","embeddable":true,"href":"https:\/\/whitelip.com\/tr\/wp-json\/wp\/v2\/product_tag?post=8450"},{"taxonomy":"flavours","embeddable":true,"href":"https:\/\/whitelip.com\/tr\/wp-json\/wp\/v2\/flavours?post=8450"},{"taxonomy":"format","embeddable":true,"href":"https:\/\/whitelip.com\/tr\/wp-json\/wp\/v2\/format?post=8450"},{"taxonomy":"nicotine","embeddable":true,"href":"https:\/\/whitelip.com\/tr\/wp-json\/wp\/v2\/nicotine?post=8450"}],"curies":[{"name":"wp","href":"https:\/\/api.w.org\/{rel}","templated":true}]}}