{"id":8422,"date":"2024-12-20T19:39:02","date_gmt":"2024-12-20T19:39:02","guid":{"rendered":"https:\/\/whitelip.com\/white-fox-peppered-mint\/"},"modified":"2026-03-10T09:51:01","modified_gmt":"2026-03-10T09:51:01","slug":"white-fox-peppered-mint","status":"publish","type":"product","link":"https:\/\/whitelip.com\/tr\/white-fox\/white-fox-peppered-mint\/","title":{"rendered":"White Fox Peppered Mint"},"content":{"rendered":"<h2><b>White Fox Peppered Mint<\/b><\/h2>\n<p><span style=\"font-weight: 400;\">White Fox Peppered Mint, geleneksel nane aromalar\u0131 \u00fczerinde benzersiz bir twist sunuyor, <\/span><b>keskin nane taban\u0131<\/b><span style=\"font-weight: 400;\"> ve incelikle baharatl\u0131 bir karabiber alt tonu ile birle\u015ftirilmi\u015f. Bu kombinasyon, dengeli ve canland\u0131r\u0131c\u0131 bir nikotin sal\u0131n\u0131m\u0131n\u0131 arayan kullan\u0131c\u0131lar i\u00e7in m\u00fckemmel, ferah ancak biraz cesur bir deneyim sa\u011flar. Her ince, t\u00fcm beyaz po\u015fet <\/span><b>12 mg nikotin<\/b><span style=\"font-weight: 400;\">i\u00e7erir, deneyimli kullan\u0131c\u0131lar i\u00e7in ideal olan g\u00fc\u00e7l\u00fc ve tutarl\u0131 bir etki sa\u011flar.<\/span><\/p>\n<p><span style=\"font-weight: 400;\">\u0130nce format, duda\u011f\u0131n alt\u0131nda rahat ve ayr\u0131k bir uyum sa\u011flayarak, di\u015fleri boyamadan temiz, t\u00fct\u00fcns\u00fcz bir se\u00e7enek sunar. Y\u00fcksek kaliteli bitki esasl\u0131 liflerden yap\u0131lan White Fox Peppered Mint, ay\u0131rt edici ve ferah bir tat profili ile modern bir nikotin alternatifi sunmak \u00fczere tasarlanm\u0131\u015ft\u0131r. Nan\u0131n\u0131n c\u00fcretkar\u0131n\u0131 veya baharat\u0131n incelikli \u0131s\u0131s\u0131n\u0131 tercih etseyseniz de, bu \u00fcr\u00fcn tatmin edici ve benzersiz bir deneyim sa\u011flar.<\/span><\/p>\n<table>\n<tbody>\n<tr>\n<td><b>Attribute<\/b><\/td>\n<td><b>Ayr\u0131nt\u0131lar<\/b><\/td>\n<\/tr>\n<tr>\n<td><b>Brand<\/b><\/td>\n<td><span style=\"font-weight: 400;\">White Fox<\/span><\/td>\n<\/tr>\n<tr>\n<td><b>\u00dcr\u00fcn T\u00fcr\u00fc<\/b><\/td>\n<td><span style=\"font-weight: 400;\">T\u00fcm Beyaz Nikotin Po\u015fetleri<\/span><\/td>\n<\/tr>\n<tr>\n<td><b>Format<\/b><\/td>\n<td><span style=\"font-weight: 400;\">\u0130nce<\/span><\/td>\n<\/tr>\n<tr>\n<td><b>Aroma<\/b><\/td>\n<td><span style=\"font-weight: 400;\">Nane ve Karabiber Notalar\u0131<\/span><\/td>\n<\/tr>\n<tr>\n<td><b>Nikotin G\u00fcc\u00fc<\/b><\/td>\n<td><span style=\"font-weight: 400;\">Kesesi ba\u015f\u0131na 12 mg (16 mg\/g)<\/span><\/td>\n<\/tr>\n<tr>\n<td><b>K\u0131s\u0131m A\u011f\u0131rl\u0131\u011f\u0131<\/b><\/td>\n<td><span style=\"font-weight: 400;\">0,75 gram<\/span><\/td>\n<\/tr>\n<tr>\n<td><b>K\u0131s\u0131m Say\u0131s\u0131<\/b><\/td>\n<td><span style=\"font-weight: 400;\">kutu ba\u015f\u0131na 20<\/span><\/td>\n<\/tr>\n<tr>\n<td><b>Toplam Kutu A\u011f\u0131rl\u0131\u011f\u0131<\/b><\/td>\n<td><span style=\"font-weight: 400;\">15 gram<\/span><\/td>\n<\/tr>\n<tr>\n<td><b>\u00dcretici<\/b><\/td>\n<td><span style=\"font-weight: 400;\">White Fox<\/span><\/td>\n<\/tr>\n<tr>\n<td><b>Dikkate De\u011fer \u00d6zellikler<\/b><\/td>\n<td><span style=\"font-weight: 400;\">T\u00fct\u00fcns\u00fcz, ince format, cesur nane ile baharatl\u0131 bir twist ile<\/span><\/td>\n<\/tr>\n<\/tbody>\n<\/table>","protected":false},"excerpt":{"rendered":"<p><span style=\"font-weight: 400;\">White Fox Peppered Mint, geleneksel nane aromalar\u0131 \u00fczerinde benzersiz bir twist sunuyor, <\/span><b>keskin nane taban\u0131<\/b><span style=\"font-weight: 400;\"> ve incelikle baharatl\u0131 bir karabiber alt tonu ile birle\u015ftirilmi\u015f. Bu kombinasyon, dengeli ve canland\u0131r\u0131c\u0131 bir nikotin sal\u0131n\u0131m\u0131n\u0131 arayan kullan\u0131c\u0131lar i\u00e7in m\u00fckemmel, ferah ancak biraz cesur bir deneyim sa\u011flar. Her ince, t\u00fcm beyaz po\u015fet <\/span><b>12 mg nikotin<\/b><span style=\"font-weight: 400;\">i\u00e7erir, deneyimli kullan\u0131c\u0131lar i\u00e7in ideal olan g\u00fc\u00e7l\u00fc ve tutarl\u0131 bir etki sa\u011flar.<\/span><\/p>","protected":false},"featured_media":8423,"comment_status":"open","ping_status":"closed","template":"","format":[206],"meta":{"_acf_changed":false},"product_brand":[],"product_cat":[76],"product_tag":[16561],"flavours":[199],"nicotine":[213,232],"class_list":{"0":"post-8422","1":"product","2":"type-product","3":"status-publish","4":"has-post-thumbnail","6":"product_cat-white-fox","7":"product_tag-12-mg-pouch","8":"pa_quantity-1-pack","9":"pa_quantity-10-pack","10":"pa_quantity-3-pack","11":"pa_quantity-30-pack","12":"pa_quantity-5-pack","13":"pa_quantity-60-pack","14":"flavours-mint","15":"format-slim","16":"nicotine-16-mg-g","17":"nicotine-extra-strong","19":"first","20":"outofstock","21":"taxable","22":"shipping-taxable","23":"purchasable","24":"product-type-variable"},"acf":[],"_links":{"self":[{"href":"https:\/\/whitelip.com\/tr\/wp-json\/wp\/v2\/product\/8422","targetHints":{"allow":["GET"]}}],"collection":[{"href":"https:\/\/whitelip.com\/tr\/wp-json\/wp\/v2\/product"}],"about":[{"href":"https:\/\/whitelip.com\/tr\/wp-json\/wp\/v2\/types\/product"}],"replies":[{"embeddable":true,"href":"https:\/\/whitelip.com\/tr\/wp-json\/wp\/v2\/comments?post=8422"}],"wp:featuredmedia":[{"embeddable":true,"href":"https:\/\/whitelip.com\/tr\/wp-json\/wp\/v2\/media\/8423"}],"wp:attachment":[{"href":"https:\/\/whitelip.com\/tr\/wp-json\/wp\/v2\/media?parent=8422"}],"wp:term":[{"taxonomy":"product_brand","embeddable":true,"href":"https:\/\/whitelip.com\/tr\/wp-json\/wp\/v2\/product_brand?post=8422"},{"taxonomy":"product_cat","embeddable":true,"href":"https:\/\/whitelip.com\/tr\/wp-json\/wp\/v2\/product_cat?post=8422"},{"taxonomy":"product_tag","embeddable":true,"href":"https:\/\/whitelip.com\/tr\/wp-json\/wp\/v2\/product_tag?post=8422"},{"taxonomy":"flavours","embeddable":true,"href":"https:\/\/whitelip.com\/tr\/wp-json\/wp\/v2\/flavours?post=8422"},{"taxonomy":"format","embeddable":true,"href":"https:\/\/whitelip.com\/tr\/wp-json\/wp\/v2\/format?post=8422"},{"taxonomy":"nicotine","embeddable":true,"href":"https:\/\/whitelip.com\/tr\/wp-json\/wp\/v2\/nicotine?post=8422"}],"curies":[{"name":"wp","href":"https:\/\/api.w.org\/{rel}","templated":true}]}}