{"id":8388,"date":"2024-11-28T12:43:54","date_gmt":"2024-11-28T12:43:54","guid":{"rendered":"https:\/\/whitelip.com\/lundgrens-vagsvall\/"},"modified":"2026-05-06T10:11:14","modified_gmt":"2026-05-06T10:11:14","slug":"lundgrens-vagsvall","status":"publish","type":"product","link":"https:\/\/whitelip.com\/tr\/lundgrens\/lundgrens-vagsvall\/","title":{"rendered":"LUNDGRENS V\u00e5gsvall"},"content":{"rendered":"<h2><b>LUNDGRENS V\u00e5gsvall<\/b><\/h2>\n<p><span style=\"font-weight: 400;\">LUNDGRENS V\u00e5gsvall nikotin po\u015fetleri, \u0130sve\u00e7 k\u0131y\u0131s\u0131ndan ilham alarak, tazeleyici ve meyveli bir deneyim i\u00e7in deniz \u00e7ile\u011fi ve tuzlu meyan k\u00f6k\u00fcn\u00fcn benzersiz bir kar\u0131\u015f\u0131m\u0131n\u0131 sunmaktad\u0131r. Bu ince, tamamen beyaz po\u015fetler, duda\u011f\u0131n alt\u0131na gizli ve rahat bir uyum i\u00e7in tasarlanm\u0131\u015f, temiz ve tatmin edici bir aroma ve nikotin sal\u0131n\u0131m\u0131 sa\u011flar. Cesur ancak dengeli tatlar\u0131 seven ki\u015filer i\u00e7in tasarlanan LUNDGRELS V\u00e5gsvall, \u00f6ne \u00e7\u0131kan \u00f6zg\u00fcn bir duyum sunar.<\/span><\/p>\n<table>\n<tbody>\n<tr>\n<td><b>Attribute<\/b><\/td>\n<td><b>Ayr\u0131nt\u0131lar<\/b><\/td>\n<\/tr>\n<tr>\n<td><span style=\"font-weight: 400;\">Kutu Ba\u015f\u0131na \u0130\u00e7erik<\/span><\/td>\n<td><span style=\"font-weight: 400;\">21.6g<\/span><\/td>\n<\/tr>\n<tr>\n<td><span style=\"font-weight: 400;\">Nikotin \u0130\u00e7eri\u011fi<\/span><\/td>\n<td><span style=\"font-weight: 400;\">10 mg\/g (po\u015fet ba\u015f\u0131na 8 mg)<\/span><\/td>\n<\/tr>\n<tr>\n<td><span style=\"font-weight: 400;\">Po\u015fet Format\u0131<\/span><\/td>\n<td><span style=\"font-weight: 400;\">\u0130nce<\/span><\/td>\n<\/tr>\n<tr>\n<td><span style=\"font-weight: 400;\">\u00dcretici<\/span><\/td>\n<td><span style=\"font-weight: 400;\">Fiedler &amp; Lundgren<\/span><\/td>\n<\/tr>\n<tr>\n<td><span style=\"font-weight: 400;\">Aroma<\/span><\/td>\n<td><span style=\"font-weight: 400;\">Deniz \u00e7ile\u011fi ve Tuzlu Meyan K\u00f6k\u00fc<\/span><\/td>\n<\/tr>\n<tr>\n<td><span style=\"font-weight: 400;\">T\u00fcr<\/span><\/td>\n<td><span style=\"font-weight: 400;\">T\u00fcm beyaz po\u015fet, t\u00fct\u00fcns\u00fcz<\/span><\/td>\n<\/tr>\n<\/tbody>\n<\/table>","protected":false},"excerpt":{"rendered":"<p><span style=\"font-weight: 400;\">LUNDGRENS V\u00e5gsvall benzersiz bir kar\u0131\u015f\u0131m sunmakta: <strong data-start=\"0\" data-end=\"34\" data-is-only-node=\"\">Deniz \u00e7ile\u011fi &amp; tuzlu meyan k\u00f6k\u00fc<\/strong> \u0130sve\u00e7 k\u0131y\u0131s\u0131ndan ilham alan tazeleyici, meyveli bir profil sunar. <strong>\u0130nce<\/strong>, tamamen beyaz po\u015fetler duda\u011f\u0131n alt\u0131nda gizli bir \u015fekilde ve rahat bir \u015fekilde oturur, temiz, tatmin edici bir sal\u0131n\u0131m sa\u011flar. Cesur ancak dengeli tatlar\u0131 seven ki\u015filer i\u00e7in tasarlanm\u0131\u015f LUNDGRENS V\u00e5gsvall, \u00f6ne \u00e7\u0131kan \u00f6zg\u00fcn bir his sunmaktad\u0131r.<\/span><\/p>","protected":false},"featured_media":8389,"comment_status":"open","ping_status":"closed","template":"","format":[204],"meta":{"_acf_changed":false},"product_brand":[],"product_cat":[59],"product_tag":[16583],"flavours":[196],"nicotine":[207,236],"class_list":{"0":"post-8388","1":"product","2":"type-product","3":"status-publish","4":"has-post-thumbnail","6":"product_cat-lundgrens","7":"product_tag-8-mg-pouch","8":"pa_quantity-1-pack","9":"pa_quantity-10-pack","10":"pa_quantity-3-pack","11":"pa_quantity-30-pack","12":"pa_quantity-5-pack","13":"pa_quantity-60-pack","14":"flavours-fruits-berries","15":"format-large","16":"nicotine-10-mg-g","17":"nicotine-strong","19":"first","20":"outofstock","21":"taxable","22":"shipping-taxable","23":"purchasable","24":"product-type-variable"},"acf":[],"_links":{"self":[{"href":"https:\/\/whitelip.com\/tr\/wp-json\/wp\/v2\/product\/8388","targetHints":{"allow":["GET"]}}],"collection":[{"href":"https:\/\/whitelip.com\/tr\/wp-json\/wp\/v2\/product"}],"about":[{"href":"https:\/\/whitelip.com\/tr\/wp-json\/wp\/v2\/types\/product"}],"replies":[{"embeddable":true,"href":"https:\/\/whitelip.com\/tr\/wp-json\/wp\/v2\/comments?post=8388"}],"wp:featuredmedia":[{"embeddable":true,"href":"https:\/\/whitelip.com\/tr\/wp-json\/wp\/v2\/media\/8389"}],"wp:attachment":[{"href":"https:\/\/whitelip.com\/tr\/wp-json\/wp\/v2\/media?parent=8388"}],"wp:term":[{"taxonomy":"product_brand","embeddable":true,"href":"https:\/\/whitelip.com\/tr\/wp-json\/wp\/v2\/product_brand?post=8388"},{"taxonomy":"product_cat","embeddable":true,"href":"https:\/\/whitelip.com\/tr\/wp-json\/wp\/v2\/product_cat?post=8388"},{"taxonomy":"product_tag","embeddable":true,"href":"https:\/\/whitelip.com\/tr\/wp-json\/wp\/v2\/product_tag?post=8388"},{"taxonomy":"flavours","embeddable":true,"href":"https:\/\/whitelip.com\/tr\/wp-json\/wp\/v2\/flavours?post=8388"},{"taxonomy":"format","embeddable":true,"href":"https:\/\/whitelip.com\/tr\/wp-json\/wp\/v2\/format?post=8388"},{"taxonomy":"nicotine","embeddable":true,"href":"https:\/\/whitelip.com\/tr\/wp-json\/wp\/v2\/nicotine?post=8388"}],"curies":[{"name":"wp","href":"https:\/\/api.w.org\/{rel}","templated":true}]}}