{"id":8384,"date":"2024-11-28T12:43:54","date_gmt":"2024-11-28T12:43:54","guid":{"rendered":"https:\/\/whitelip.com\/77-melon-mint-light\/"},"modified":"2026-05-06T10:11:33","modified_gmt":"2026-05-06T10:11:33","slug":"77-melon-mint-light","status":"publish","type":"product","link":"https:\/\/whitelip.com\/tr\/77\/77-melon-mint-light\/","title":{"rendered":"77 Melon Mint Light"},"content":{"rendered":"<h2><strong>77 Melon Mint Light<\/strong><\/h2>\n<p><span style=\"font-weight: 400;\">77 Melon Mint Light nikotin po\u015fetleri, kavunun tatl\u0131 ve suyu tat ile ferah nane biti\u015fini birle\u015ftirerek lezzetli bir tat profili olu\u015fturuyor. Her ince, tamamen beyaz po\u015fet 5,2 mg nikotin i\u00e7eriyor ve hafif nikotin etkisi arayanlar i\u00e7in ideal. Ayr\u0131k tasar\u0131m, duda\u011f\u0131n alt\u0131nda rahat bir oturum sa\u011flayarak di\u015fleri lekelemeden istedi\u011finiz zaman kullan\u0131labiliyor. 77 Group taraf\u0131ndan \u00fcretilen bu t\u00fct\u00fcns\u00fcz po\u015fetler, tatmin edici bir deneyim sunmak i\u00e7in en son teknoloji kullan\u0131larak tasarlanm\u0131\u015ft\u0131r.<\/span><\/p>\n<table>\n<tbody>\n<tr>\n<td><b>Attribute<\/b><\/td>\n<td><b>Ayr\u0131nt\u0131lar<\/b><\/td>\n<\/tr>\n<tr>\n<td><b>10g (20 po\u015fet)<\/b><\/td>\n<td><span style=\"font-weight: 400;\">Nikotin i\u00e7eri\u011fi<\/span><\/td>\n<\/tr>\n<tr>\n<td><b>Nikotin i\u00e7eri\u011fi<\/b><\/td>\n<td><span style=\"font-weight: 400;\">8 mg\/g (po\u015fet ba\u015f\u0131na 5,2 mg)<\/span><\/td>\n<\/tr>\n<tr>\n<td><b>Po\u015fet format\u0131<\/b><\/td>\n<td><span style=\"font-weight: 400;\">\u0130nce<\/span><\/td>\n<\/tr>\n<tr>\n<td><b>\u00dcretici<\/b><\/td>\n<td><span style=\"font-weight: 400;\">77 Grubu<\/span><\/td>\n<\/tr>\n<tr>\n<td><b>Aroma<\/b><\/td>\n<td><span style=\"font-weight: 400;\">Kavun ve Nane<\/span><\/td>\n<\/tr>\n<tr>\n<td><b>T\u00fcr<\/b><\/td>\n<td><span style=\"font-weight: 400;\">Tamamen beyaz po\u015fet<\/span><\/td>\n<\/tr>\n<\/tbody>\n<\/table>","protected":false},"excerpt":{"rendered":"<p>Tatl\u0131, sulu <strong data-start=\"13\" data-end=\"32\">mentollu kavun<\/strong> taze, ferah bir tada sahip. The <strong data-start=\"67\" data-end=\"86\">tamamen beyaz po\u015fetler duda\u011f\u0131n alt\u0131nda gizli ve rahat bir \u015fekilde oturur, leke olmadan istedi\u011finiz zaman kullan\u0131labilir. Her po\u015fet i\u00e7erir <\/strong>tamamen beyaz po\u015fetler duda\u011f\u0131n alt\u0131nda gizli ve rahat oturur, temiz, her zaman kullan\u0131m i\u00e7in. Her po\u015fet <strong data-start=\"184\" data-end=\"203\">5,2 mg nikotin<\/strong>77 Group taraf\u0131ndan sunulan, hafif ve d\u00fc\u015f\u00fck nikotin etkisi ya\u015fatan.<\/p>","protected":false},"featured_media":8385,"comment_status":"open","ping_status":"closed","template":"","format":[206],"meta":{"_acf_changed":false},"product_brand":[],"product_cat":[23],"product_tag":[16547],"flavours":[196,199],"nicotine":[230,236],"class_list":{"0":"post-8384","1":"product","2":"type-product","3":"status-publish","4":"has-post-thumbnail","6":"product_cat-23","7":"product_tag-5-2-mg-pouch","8":"pa_quantity-1-pack","9":"pa_quantity-10-pack","10":"pa_quantity-3-pack","11":"pa_quantity-30-pack","12":"pa_quantity-5-pack","13":"pa_quantity-60-pack","14":"flavours-fruits-berries","15":"flavours-mint","16":"format-slim","17":"nicotine-8-mg-g","18":"nicotine-strong","20":"first","21":"instock","22":"taxable","23":"shipping-taxable","24":"purchasable","25":"product-type-variable"},"acf":[],"_links":{"self":[{"href":"https:\/\/whitelip.com\/tr\/wp-json\/wp\/v2\/product\/8384","targetHints":{"allow":["GET"]}}],"collection":[{"href":"https:\/\/whitelip.com\/tr\/wp-json\/wp\/v2\/product"}],"about":[{"href":"https:\/\/whitelip.com\/tr\/wp-json\/wp\/v2\/types\/product"}],"replies":[{"embeddable":true,"href":"https:\/\/whitelip.com\/tr\/wp-json\/wp\/v2\/comments?post=8384"}],"wp:featuredmedia":[{"embeddable":true,"href":"https:\/\/whitelip.com\/tr\/wp-json\/wp\/v2\/media\/8385"}],"wp:attachment":[{"href":"https:\/\/whitelip.com\/tr\/wp-json\/wp\/v2\/media?parent=8384"}],"wp:term":[{"taxonomy":"product_brand","embeddable":true,"href":"https:\/\/whitelip.com\/tr\/wp-json\/wp\/v2\/product_brand?post=8384"},{"taxonomy":"product_cat","embeddable":true,"href":"https:\/\/whitelip.com\/tr\/wp-json\/wp\/v2\/product_cat?post=8384"},{"taxonomy":"product_tag","embeddable":true,"href":"https:\/\/whitelip.com\/tr\/wp-json\/wp\/v2\/product_tag?post=8384"},{"taxonomy":"flavours","embeddable":true,"href":"https:\/\/whitelip.com\/tr\/wp-json\/wp\/v2\/flavours?post=8384"},{"taxonomy":"format","embeddable":true,"href":"https:\/\/whitelip.com\/tr\/wp-json\/wp\/v2\/format?post=8384"},{"taxonomy":"nicotine","embeddable":true,"href":"https:\/\/whitelip.com\/tr\/wp-json\/wp\/v2\/nicotine?post=8384"}],"curies":[{"name":"wp","href":"https:\/\/api.w.org\/{rel}","templated":true}]}}