{"id":8380,"date":"2024-12-20T19:39:08","date_gmt":"2024-12-20T19:39:08","guid":{"rendered":"https:\/\/whitelip.com\/xqs-elderflower-light\/"},"modified":"2026-04-15T02:35:58","modified_gmt":"2026-04-15T02:35:58","slug":"xqs-elderflower-light","status":"publish","type":"product","link":"https:\/\/whitelip.com\/tr\/xqs\/xqs-elderflower-light\/","title":{"rendered":"XQS Elderflower Light"},"content":{"rendered":"<h2><b>XQS Elderflower Light<\/b><\/h2>\n<p><span style=\"font-weight: 400;\">XQS Elderflower Light, zaif ve <\/span><b>ferahlat\u0131c\u0131 elderflower aromas\u0131<\/b><span style=\"font-weight: 400;\">sunar, ince \u00e7i\u00e7eksi tatl\u0131l\u0131k ile keskin ve yumu\u015fak bir biti\u015f sa\u011flar. Hafif\u00e7e bir nikotin deneyimi arayan kullan\u0131c\u0131lar i\u00e7in tasarlanan her ince, t\u00fcm beyaz po\u015fuk i\u00e7erir <\/span><b>4 mg nikotin<\/b><span style=\"font-weight: 400;\">, g\u00fcnl\u00fck kullan\u0131m i\u00e7in ideal olacak \u015fekilde nazik ve tutarl\u0131 bir sal\u0131n\u0131m sa\u011flar.<\/span><\/p>\n<p><span style=\"font-weight: 400;\">\u0130nce format, duda\u011f\u0131n alt\u0131na ayr\u0131k ve rahat bir \u015fekilde oturmas\u0131n\u0131 sa\u011flayarak her yerde temiz, leke-free kullan\u0131m yap\u0131lmas\u0131n\u0131 m\u00fcmk\u00fcn k\u0131lar. Tamamen t\u00fct\u00fcns\u00fcz ve y\u00fcksek kaliteli bitki bazl\u0131 malzemelerden yap\u0131lan XQS Elderflower Light, modern ve zarif bir nikotin alternatifi sunar. Yumu\u015fak elderflower tad\u0131, hafif ve rafine bir aroma deneyimi arayan ki\u015filer i\u00e7in m\u00fckemmel bir se\u00e7imdir.<\/span><\/p>\n<table>\n<tbody>\n<tr>\n<td><b>Attribute<\/b><\/td>\n<td><b>Ayr\u0131nt\u0131lar<\/b><\/td>\n<\/tr>\n<tr>\n<td><b>Brand<\/b><\/td>\n<td><span style=\"font-weight: 400;\">XQS<\/span><\/td>\n<\/tr>\n<tr>\n<td><b>\u00dcr\u00fcn T\u00fcr\u00fc<\/b><\/td>\n<td><span style=\"font-weight: 400;\">T\u00fcm Beyaz Nikotin Po\u015fetleri<\/span><\/td>\n<\/tr>\n<tr>\n<td><b>Format<\/b><\/td>\n<td><span style=\"font-weight: 400;\">\u0130nce<\/span><\/td>\n<\/tr>\n<tr>\n<td><b>Aroma<\/b><\/td>\n<td><span style=\"font-weight: 400;\">Elderflower<\/span><\/td>\n<\/tr>\n<tr>\n<td><b>Nikotin G\u00fcc\u00fc<\/b><\/td>\n<td><span style=\"font-weight: 400;\">4 mg po\u015fet ba\u015f\u0131na (5 mg\/g)<\/span><\/td>\n<\/tr>\n<tr>\n<td><b>K\u0131s\u0131m A\u011f\u0131rl\u0131\u011f\u0131<\/b><\/td>\n<td><span style=\"font-weight: 400;\">0,75 gram<\/span><\/td>\n<\/tr>\n<tr>\n<td><b>K\u0131s\u0131m Say\u0131s\u0131<\/b><\/td>\n<td><span style=\"font-weight: 400;\">kutu ba\u015f\u0131na 20<\/span><\/td>\n<\/tr>\n<tr>\n<td><b>Toplam Kutu A\u011f\u0131rl\u0131\u011f\u0131<\/b><\/td>\n<td><span style=\"font-weight: 400;\">15 gram<\/span><\/td>\n<\/tr>\n<tr>\n<td><b>\u00dcretici<\/b><\/td>\n<td><span style=\"font-weight: 400;\">XQS International<\/span><\/td>\n<\/tr>\n<tr>\n<td><b>Dikkate De\u011fer \u00d6zellikler<\/b><\/td>\n<td><span style=\"font-weight: 400;\">T\u00fct\u00fcns\u00fcz, ince format, ince ve ferahlat\u0131c\u0131 elderflower aromas\u0131<\/span><\/td>\n<\/tr>\n<\/tbody>\n<\/table>","protected":false},"excerpt":{"rendered":"<p>XQS <strong data-start=\"4\" data-end=\"19\">Elderflower<\/strong> <strong data-start=\"20\" data-end=\"29\">Light<\/strong> zaif, ferahlat\u0131c\u0131 elderflower'\u0131 ince \u00e7i\u00e7eksi tatl\u0131l\u0131k ve keskin, yumu\u015fak bir biti\u015f ile sunar. <strong data-start=\"133\" data-end=\"141\">ince<\/strong>, tamamen beyaz po\u015fetler ayr\u0131k ve rahattur. Her po\u015fet i\u00e7erir <strong data-start=\"211\" data-end=\"228\">4 mg nikotin<\/strong> g\u00fcnl\u00fck kullan\u0131ma uygun, nazik ve tutarl\u0131 bir sal\u0131m i\u00e7in.<\/p>","protected":false},"featured_media":8381,"comment_status":"open","ping_status":"closed","template":"","format":[206],"meta":{"_acf_changed":false},"product_brand":[],"product_cat":[27],"product_tag":[16585],"flavours":[196],"nicotine":[230,236],"class_list":{"0":"post-8380","1":"product","2":"type-product","3":"status-publish","4":"has-post-thumbnail","6":"product_cat-xqs","7":"product_tag-4-mg-pouch","8":"pa_quantity-1-pack","9":"pa_quantity-10-pack","10":"pa_quantity-5-pack","11":"flavours-fruits-berries","12":"format-slim","13":"nicotine-8-mg-g","14":"nicotine-strong","16":"first","17":"instock","18":"taxable","19":"shipping-taxable","20":"purchasable","21":"product-type-variable"},"acf":[],"_links":{"self":[{"href":"https:\/\/whitelip.com\/tr\/wp-json\/wp\/v2\/product\/8380","targetHints":{"allow":["GET"]}}],"collection":[{"href":"https:\/\/whitelip.com\/tr\/wp-json\/wp\/v2\/product"}],"about":[{"href":"https:\/\/whitelip.com\/tr\/wp-json\/wp\/v2\/types\/product"}],"replies":[{"embeddable":true,"href":"https:\/\/whitelip.com\/tr\/wp-json\/wp\/v2\/comments?post=8380"}],"wp:featuredmedia":[{"embeddable":true,"href":"https:\/\/whitelip.com\/tr\/wp-json\/wp\/v2\/media\/8381"}],"wp:attachment":[{"href":"https:\/\/whitelip.com\/tr\/wp-json\/wp\/v2\/media?parent=8380"}],"wp:term":[{"taxonomy":"product_brand","embeddable":true,"href":"https:\/\/whitelip.com\/tr\/wp-json\/wp\/v2\/product_brand?post=8380"},{"taxonomy":"product_cat","embeddable":true,"href":"https:\/\/whitelip.com\/tr\/wp-json\/wp\/v2\/product_cat?post=8380"},{"taxonomy":"product_tag","embeddable":true,"href":"https:\/\/whitelip.com\/tr\/wp-json\/wp\/v2\/product_tag?post=8380"},{"taxonomy":"flavours","embeddable":true,"href":"https:\/\/whitelip.com\/tr\/wp-json\/wp\/v2\/flavours?post=8380"},{"taxonomy":"format","embeddable":true,"href":"https:\/\/whitelip.com\/tr\/wp-json\/wp\/v2\/format?post=8380"},{"taxonomy":"nicotine","embeddable":true,"href":"https:\/\/whitelip.com\/tr\/wp-json\/wp\/v2\/nicotine?post=8380"}],"curies":[{"name":"wp","href":"https:\/\/api.w.org\/{rel}","templated":true}]}}