{"id":8378,"date":"2024-11-28T12:43:53","date_gmt":"2024-11-28T12:43:53","guid":{"rendered":"https:\/\/whitelip.com\/helwit-menthol\/"},"modified":"2026-05-06T10:11:13","modified_gmt":"2026-05-06T10:11:13","slug":"helwit-menthol","status":"publish","type":"product","link":"https:\/\/whitelip.com\/tr\/helwit\/helwit-menthol\/","title":{"rendered":"HELWIT Mentol"},"content":{"rendered":"<h2><b>HELWIT Mentol<\/b><\/h2>\n<p><span style=\"font-weight: 400;\">HELWIT Mentol nikotin po\u015fetleri, mentol tat\u0131 ile 12 gram ba\u015f\u0131na 12 mg nikotin kuvvetini sunar, po\u015fet ba\u015f\u0131na yakla\u015f\u0131k 6 mg tutar\u0131nda. Her teneke, di\u015fleri boyamadan gizli kullan\u0131m i\u00e7in tasarlanm\u0131\u015f 20 ince format po\u015fet i\u00e7erir. \u0130sve\u00e7'te \u00fcretilen, \u00e7a\u011fda\u015f y\u00f6ntemleri geleneksel kalite ile harmanlamakla tan\u0131nan YOIK AB taraf\u0131ndan \u00fcretilen bu po\u015fetler, y\u00fcksek standartlar ve yenilik\u00e7i lezzet kombinasyonlar\u0131n\u0131n \u00f6rne\u011fidir.<\/span><\/p>\n<table>\n<tbody>\n<tr>\n<td><b>Attribute<\/b><\/td>\n<td><b>Ayr\u0131nt\u0131lar<\/b><\/td>\n<\/tr>\n<tr>\n<td><b>10g (20 po\u015fet)<\/b><\/td>\n<td><span style=\"font-weight: 400;\">Nikotin i\u00e7eri\u011fi<\/span><\/td>\n<\/tr>\n<tr>\n<td><b>Nikotin i\u00e7eri\u011fi<\/b><\/td>\n<td><span style=\"font-weight: 400;\">12 mg\/g (po\u015fet ba\u015f\u0131na 6 mg)<\/span><\/td>\n<\/tr>\n<tr>\n<td><b>Po\u015fet format\u0131<\/b><\/td>\n<td><span style=\"font-weight: 400;\">\u0130nce<\/span><\/td>\n<\/tr>\n<tr>\n<td><b>\u00dcretici<\/b><\/td>\n<td><span style=\"font-weight: 400;\">YOIK AB<\/span><\/td>\n<\/tr>\n<tr>\n<td><b>Aroma<\/b><\/td>\n<td><span style=\"font-weight: 400;\">Menthol<\/span><\/td>\n<\/tr>\n<tr>\n<td><b>T\u00fcr<\/b><\/td>\n<td><span style=\"font-weight: 400;\">Tamamen beyaz po\u015fet<\/span><\/td>\n<\/tr>\n<\/tbody>\n<\/table>","protected":false},"excerpt":{"rendered":"<p>Tazeleyici <strong data-start=\"11\" data-end=\"22\">menthol<\/strong> temiz, so\u011futucu aftertaste ile mentol. <strong data-start=\"58\" data-end=\"66\">\u0130nce<\/strong>, tamamen beyaz, t\u00fct\u00fcns\u00fcz po\u015fetler dudak alt\u0131nda gizli oturur ve di\u015fleri boyamaz; teneke ba\u015f\u0131na 20. Her po\u015fet <strong data-start=\"184\" data-end=\"202\">~6 mg nikotin<\/strong> (12 mg\/g) i\u00e7erir; dengeli, tatmin edici bir sal\u0131n\u0131m sa\u011flamaktad\u0131r. \u0130sve\u00e7'te YOIK AB taraf\u0131ndan \u00fcretilmektedir.<\/p>","protected":false},"featured_media":8379,"comment_status":"open","ping_status":"closed","template":"","format":[206],"meta":{"_acf_changed":false},"product_brand":[],"product_cat":[52],"product_tag":[16559],"flavours":[199],"nicotine":[209,236],"class_list":{"0":"post-8378","1":"product","2":"type-product","3":"status-publish","4":"has-post-thumbnail","6":"product_cat-helwit","7":"product_tag-6-mg-pouch","8":"pa_quantity-1-pack","9":"pa_quantity-10-pack","10":"pa_quantity-3-pack","11":"pa_quantity-30-pack","12":"pa_quantity-5-pack","13":"pa_quantity-60-pack","14":"flavours-mint","15":"format-slim","16":"nicotine-12-mg-g","17":"nicotine-strong","19":"first","20":"instock","21":"taxable","22":"shipping-taxable","23":"purchasable","24":"product-type-variable"},"acf":[],"_links":{"self":[{"href":"https:\/\/whitelip.com\/tr\/wp-json\/wp\/v2\/product\/8378","targetHints":{"allow":["GET"]}}],"collection":[{"href":"https:\/\/whitelip.com\/tr\/wp-json\/wp\/v2\/product"}],"about":[{"href":"https:\/\/whitelip.com\/tr\/wp-json\/wp\/v2\/types\/product"}],"replies":[{"embeddable":true,"href":"https:\/\/whitelip.com\/tr\/wp-json\/wp\/v2\/comments?post=8378"}],"wp:featuredmedia":[{"embeddable":true,"href":"https:\/\/whitelip.com\/tr\/wp-json\/wp\/v2\/media\/8379"}],"wp:attachment":[{"href":"https:\/\/whitelip.com\/tr\/wp-json\/wp\/v2\/media?parent=8378"}],"wp:term":[{"taxonomy":"product_brand","embeddable":true,"href":"https:\/\/whitelip.com\/tr\/wp-json\/wp\/v2\/product_brand?post=8378"},{"taxonomy":"product_cat","embeddable":true,"href":"https:\/\/whitelip.com\/tr\/wp-json\/wp\/v2\/product_cat?post=8378"},{"taxonomy":"product_tag","embeddable":true,"href":"https:\/\/whitelip.com\/tr\/wp-json\/wp\/v2\/product_tag?post=8378"},{"taxonomy":"flavours","embeddable":true,"href":"https:\/\/whitelip.com\/tr\/wp-json\/wp\/v2\/flavours?post=8378"},{"taxonomy":"format","embeddable":true,"href":"https:\/\/whitelip.com\/tr\/wp-json\/wp\/v2\/format?post=8378"},{"taxonomy":"nicotine","embeddable":true,"href":"https:\/\/whitelip.com\/tr\/wp-json\/wp\/v2\/nicotine?post=8378"}],"curies":[{"name":"wp","href":"https:\/\/api.w.org\/{rel}","templated":true}]}}