{"id":8374,"date":"2024-11-28T12:43:30","date_gmt":"2024-11-28T12:43:30","guid":{"rendered":"https:\/\/whitelip.com\/siberia-80-all-white-ultra-slim\/"},"modified":"2026-04-16T12:53:09","modified_gmt":"2026-04-16T12:53:09","slug":"siberia-80-all-white-ultra-slim","status":"publish","type":"product","link":"https:\/\/whitelip.com\/tr\/siberia\/siberia-80-all-white-ultra-slim\/","title":{"rendered":"Siberia -80 All White Ultra Slim"},"content":{"rendered":"<h2><b>Siberia -80 All White Ultra Slim<\/b><\/h2>\n<p><span style=\"font-weight: 400;\">Siberia -80 All White Ultra Slim nikotin po\u015fetleri, ultra-g\u00fc\u00e7l\u00fc nikotin deneyimi arayan ve keskin, buzlu nane aromas\u0131n\u0131 tercih eden kullan\u0131c\u0131lar i\u00e7in tasarlanm\u0131\u015ft\u0131r. Bu ultra-ince, t\u00fct\u00fcns\u00fcz po\u015fetler g\u00fc\u00e7l\u00fc nikotin etkisi sa\u011flarken dudak alt\u0131nda gizli ve rahat bir uyum sunar. Deneyimli kullan\u0131c\u0131lar i\u00e7in ideal olan Siberia -80, di\u015fleri lekelemeden yo\u011fun ve ferahlat\u0131c\u0131 bir aroma ve nikotin sal\u0131n\u0131m\u0131 sa\u011flar.<\/span><\/p>\n<table>\n<tbody>\n<tr>\n<td><b>Attribute<\/b><\/td>\n<td><b>Ayr\u0131nt\u0131lar<\/b><\/td>\n<\/tr>\n<tr>\n<td><span style=\"font-weight: 400;\">Kutu Ba\u015f\u0131na \u0130\u00e7erik<\/span><\/td>\n<td><span style=\"font-weight: 400;\">15g (20 po\u015fet)<\/span><\/td>\n<\/tr>\n<tr>\n<td><span style=\"font-weight: 400;\">Nikotin \u0130\u00e7eri\u011fi<\/span><\/td>\n<td><span style=\"font-weight: 400;\">33 mg\/g (po\u015fet ba\u015f\u0131na 25 mg)<\/span><\/td>\n<\/tr>\n<tr>\n<td><span style=\"font-weight: 400;\">Po\u015fet Format\u0131<\/span><\/td>\n<td><span style=\"font-weight: 400;\">Ultra Slim<\/span><\/td>\n<\/tr>\n<tr>\n<td><span style=\"font-weight: 400;\">\u00dcretici<\/span><\/td>\n<td><span style=\"font-weight: 400;\">SIBERIA<\/span><\/td>\n<\/tr>\n<tr>\n<td><span style=\"font-weight: 400;\">Aroma<\/span><\/td>\n<td><span style=\"font-weight: 400;\">Icy Mint<\/span><\/td>\n<\/tr>\n<tr>\n<td><span style=\"font-weight: 400;\">T\u00fcr<\/span><\/td>\n<td><span style=\"font-weight: 400;\">T\u00fcm beyaz po\u015fet, t\u00fct\u00fcns\u00fcz<\/span><\/td>\n<\/tr>\n<\/tbody>\n<\/table>","protected":false},"excerpt":{"rendered":"<p>Siberia -80 All White Ultra Slim nikotin po\u015fetleri, ultra-g\u00fc\u00e7l\u00fc aromayla <strong data-start=\"74\" data-end=\"86\">Icy Mint<\/strong> keskin, donmu\u015f bir profil sunmaktad\u0131r. <strong data-start=\"124\" data-end=\"132\">\u0130nce<\/strong>, ayr\u0131k ve rahat kullan\u0131m i\u00e7in tutunaks\u0131z format ve temiz, ferahlat\u0131c\u0131 sal\u0131n\u0131m. Her po\u015fet <strong data-start=\"237\" data-end=\"255\">25 mg nikotin<\/strong>.<\/p>","protected":false},"featured_media":8375,"comment_status":"open","ping_status":"closed","template":"","format":[206],"meta":{"_acf_changed":false},"product_brand":[],"product_cat":[61],"product_tag":[16589],"flavours":[199],"nicotine":[222,233],"class_list":{"0":"post-8374","1":"product","2":"type-product","3":"status-publish","4":"has-post-thumbnail","6":"product_cat-siberia","7":"product_tag-25-mg-pouch","8":"pa_quantity-1-pack","9":"pa_quantity-10-pack","10":"pa_quantity-3-pack","11":"pa_quantity-30-pack","12":"pa_quantity-5-pack","13":"pa_quantity-60-pack","14":"flavours-mint","15":"format-slim","16":"nicotine-33-mg-g","17":"nicotine-extreme","19":"first","20":"instock","21":"taxable","22":"shipping-taxable","23":"purchasable","24":"product-type-variable"},"acf":[],"_links":{"self":[{"href":"https:\/\/whitelip.com\/tr\/wp-json\/wp\/v2\/product\/8374","targetHints":{"allow":["GET"]}}],"collection":[{"href":"https:\/\/whitelip.com\/tr\/wp-json\/wp\/v2\/product"}],"about":[{"href":"https:\/\/whitelip.com\/tr\/wp-json\/wp\/v2\/types\/product"}],"replies":[{"embeddable":true,"href":"https:\/\/whitelip.com\/tr\/wp-json\/wp\/v2\/comments?post=8374"}],"wp:featuredmedia":[{"embeddable":true,"href":"https:\/\/whitelip.com\/tr\/wp-json\/wp\/v2\/media\/8375"}],"wp:attachment":[{"href":"https:\/\/whitelip.com\/tr\/wp-json\/wp\/v2\/media?parent=8374"}],"wp:term":[{"taxonomy":"product_brand","embeddable":true,"href":"https:\/\/whitelip.com\/tr\/wp-json\/wp\/v2\/product_brand?post=8374"},{"taxonomy":"product_cat","embeddable":true,"href":"https:\/\/whitelip.com\/tr\/wp-json\/wp\/v2\/product_cat?post=8374"},{"taxonomy":"product_tag","embeddable":true,"href":"https:\/\/whitelip.com\/tr\/wp-json\/wp\/v2\/product_tag?post=8374"},{"taxonomy":"flavours","embeddable":true,"href":"https:\/\/whitelip.com\/tr\/wp-json\/wp\/v2\/flavours?post=8374"},{"taxonomy":"format","embeddable":true,"href":"https:\/\/whitelip.com\/tr\/wp-json\/wp\/v2\/format?post=8374"},{"taxonomy":"nicotine","embeddable":true,"href":"https:\/\/whitelip.com\/tr\/wp-json\/wp\/v2\/nicotine?post=8374"}],"curies":[{"name":"wp","href":"https:\/\/api.w.org\/{rel}","templated":true}]}}