{"id":8372,"date":"2024-11-28T12:43:29","date_gmt":"2024-11-28T12:43:29","guid":{"rendered":"https:\/\/whitelip.com\/strom-iced-coffee\/"},"modified":"2026-03-10T09:38:48","modified_gmt":"2026-03-10T09:38:48","slug":"strom-iced-coffee","status":"publish","type":"product","link":"https:\/\/whitelip.com\/tr\/strom\/strom-iced-coffee\/","title":{"rendered":"STR\u00d6M Iced Coffee"},"content":{"rendered":"<h2><b>STR\u00d6M Iced Coffee<\/b><\/h2>\n<p><span style=\"font-weight: 400;\">STR\u00d6M Buzlu Kahve, hafif kahve lezzetlerinin uyumlu bir kar\u0131\u015f\u0131m\u0131n\u0131 karamel, fudge ve krem notalar\u0131 ile zenginle\u015ftirerek ve nane ile bitirerek sunmaktad\u0131r. Bu kombinasyon, benzersiz bir lezzet profiline sahip nikotin po\u015feti arayan kahve tutkunlar\u0131 i\u00e7in ferahlat\u0131c\u0131 ve tatmin edici bir tat deneyimi sunar. \u0130nce, tamam\u0131 beyaz po\u015fetler, gizli ve rahat bir uyum i\u00e7in tasarlanm\u0131\u015ft\u0131r ve lezzet ile nikotin sal\u0131n\u0131m\u0131n\u0131n tutarl\u0131 bir \u015fekilde sa\u011flanmas\u0131n\u0131 garanti eder. STR\u00d6M Buzlu Kahve, ay\u0131rt edici bir kahve tad\u0131na sahip t\u00fct\u00fcns\u00fcz nikotin \u00fcr\u00fcn\u00fc arayan ki\u015filer i\u00e7in m\u00fckemmel bir se\u00e7imdir.<\/span><\/p>\n<table>\n<tbody>\n<tr>\n<td><b>Attribute<\/b><\/td>\n<td><b>Ayr\u0131nt\u0131lar<\/b><\/td>\n<\/tr>\n<tr>\n<td><span style=\"font-weight: 400;\">Brand<\/span><\/td>\n<td><span style=\"font-weight: 400;\">STR\u00d6M<\/span><\/td>\n<\/tr>\n<tr>\n<td><span style=\"font-weight: 400;\">\u00dcr\u00fcn T\u00fcr\u00fc<\/span><\/td>\n<td><span style=\"font-weight: 400;\">T\u00fcm Beyaz Nikotin Po\u015fetleri<\/span><\/td>\n<\/tr>\n<tr>\n<td><span style=\"font-weight: 400;\">Format<\/span><\/td>\n<td><span style=\"font-weight: 400;\">\u0130nce<\/span><\/td>\n<\/tr>\n<tr>\n<td><span style=\"font-weight: 400;\">Aroma<\/span><\/td>\n<td><span style=\"font-weight: 400;\">Karamel, Fudge, Krem ve Nane ipucu notalar\u0131 ile Kahve<\/span><\/td>\n<\/tr>\n<tr>\n<td><span style=\"font-weight: 400;\">Nikotin G\u00fcc\u00fc<\/span><\/td>\n<td><span style=\"font-weight: 400;\">16 mg\/g (po\u015fet ba\u015f\u0131na 9.6 mg)<\/span><\/td>\n<\/tr>\n<tr>\n<td><span style=\"font-weight: 400;\">K\u0131s\u0131m A\u011f\u0131rl\u0131\u011f\u0131<\/span><\/td>\n<td><span style=\"font-weight: 400;\">0.625 gram<\/span><\/td>\n<\/tr>\n<tr>\n<td><span style=\"font-weight: 400;\">K\u0131s\u0131m Say\u0131s\u0131<\/span><\/td>\n<td><span style=\"font-weight: 400;\">kutu ba\u015f\u0131na 20<\/span><\/td>\n<\/tr>\n<tr>\n<td><span style=\"font-weight: 400;\">Toplam Kutu A\u011f\u0131rl\u0131\u011f\u0131<\/span><\/td>\n<td><span style=\"font-weight: 400;\">12.5 gram<\/span><\/td>\n<\/tr>\n<tr>\n<td><span style=\"font-weight: 400;\">\u00dcretici<\/span><\/td>\n<td><span style=\"font-weight: 400;\">Insurgent Ventures II\u00a0<\/span><\/td>\n<\/tr>\n<tr>\n<td><span style=\"font-weight: 400;\">Dikkate De\u011fer \u00d6zellikler<\/span><\/td>\n<td><span style=\"font-weight: 400;\">T\u00fct\u00fcns\u00fcz, gizli ince po\u015fetler, uzun s\u00fcreli lezzet sal\u0131n\u0131m\u0131<\/span><\/td>\n<\/tr>\n<\/tbody>\n<\/table>","protected":false},"excerpt":{"rendered":"<p>STR\u00d6M Buzlu Kahve nikotin po\u015fetleri hafif, kremsi bir <strong data-start=\"58\" data-end=\"73\">Iced Coffee<\/strong> lezetle karamel, fudge, krem ve nane ipucu notalar\u0131 sunar. <strong data-start=\"138\" data-end=\"146\">\u0130nce<\/strong>, gizli, rahat kullan\u0131m i\u00e7in tamam\u0131 beyaz format ile temiz, tutarl\u0131 bir sal\u0131n\u0131m.<\/p>","protected":false},"featured_media":3087,"comment_status":"open","ping_status":"closed","template":"","format":[206],"meta":{"_acf_changed":false},"product_brand":[],"product_cat":[53],"product_tag":[17004],"flavours":[192,199],"nicotine":[213,232],"class_list":{"0":"post-8372","1":"product","2":"type-product","3":"status-publish","4":"has-post-thumbnail","6":"product_cat-strom","7":"product_tag-9-6-mg-pouch","8":"pa_quantity-1-pack","9":"pa_quantity-10-pack","10":"pa_quantity-3-pack","11":"pa_quantity-30-pack","12":"pa_quantity-5-pack","13":"pa_quantity-60-pack","14":"flavours-coffee","15":"flavours-mint","16":"format-slim","17":"nicotine-16-mg-g","18":"nicotine-extra-strong","20":"first","21":"outofstock","22":"taxable","23":"shipping-taxable","24":"purchasable","25":"product-type-variable"},"acf":[],"_links":{"self":[{"href":"https:\/\/whitelip.com\/tr\/wp-json\/wp\/v2\/product\/8372","targetHints":{"allow":["GET"]}}],"collection":[{"href":"https:\/\/whitelip.com\/tr\/wp-json\/wp\/v2\/product"}],"about":[{"href":"https:\/\/whitelip.com\/tr\/wp-json\/wp\/v2\/types\/product"}],"replies":[{"embeddable":true,"href":"https:\/\/whitelip.com\/tr\/wp-json\/wp\/v2\/comments?post=8372"}],"wp:featuredmedia":[{"embeddable":true,"href":"https:\/\/whitelip.com\/tr\/wp-json\/wp\/v2\/media\/3087"}],"wp:attachment":[{"href":"https:\/\/whitelip.com\/tr\/wp-json\/wp\/v2\/media?parent=8372"}],"wp:term":[{"taxonomy":"product_brand","embeddable":true,"href":"https:\/\/whitelip.com\/tr\/wp-json\/wp\/v2\/product_brand?post=8372"},{"taxonomy":"product_cat","embeddable":true,"href":"https:\/\/whitelip.com\/tr\/wp-json\/wp\/v2\/product_cat?post=8372"},{"taxonomy":"product_tag","embeddable":true,"href":"https:\/\/whitelip.com\/tr\/wp-json\/wp\/v2\/product_tag?post=8372"},{"taxonomy":"flavours","embeddable":true,"href":"https:\/\/whitelip.com\/tr\/wp-json\/wp\/v2\/flavours?post=8372"},{"taxonomy":"format","embeddable":true,"href":"https:\/\/whitelip.com\/tr\/wp-json\/wp\/v2\/format?post=8372"},{"taxonomy":"nicotine","embeddable":true,"href":"https:\/\/whitelip.com\/tr\/wp-json\/wp\/v2\/nicotine?post=8372"}],"curies":[{"name":"wp","href":"https:\/\/api.w.org\/{rel}","templated":true}]}}