{"id":8370,"date":"2024-11-28T12:43:29","date_gmt":"2024-11-28T12:43:29","guid":{"rendered":"https:\/\/whitelip.com\/zyn-coffee-6mg\/"},"modified":"2026-05-06T15:17:15","modified_gmt":"2026-05-06T15:17:15","slug":"zyn-coffee-6mg","status":"publish","type":"product","link":"https:\/\/whitelip.com\/tr\/zyn\/zyn-coffee-6mg\/","title":{"rendered":"ZYN Coffee 6mg"},"content":{"rendered":"<h2><strong>ZYN Coffee 6mg<\/strong><\/h2>\n<p><span style=\"font-weight: 400;\">ZYN Coffee 6mg, taze kavrulmu\u015f kahvenin g\u00fc\u00e7l\u00fc aromalar\u0131 ile \u00e7ikolata, nougat\u0131 ve vanilyan\u0131n hafif notalar\u0131n\u0131 birle\u015ftirerek zengin ve aromatik bir deneyim sunar. Her mini boyutlu, tamamen beyaz po\u015fet 6 mg nikotin i\u00e7erir ve g\u00fc\u00e7l\u00fc ancak sabit bir sal\u0131n\u0131m sa\u011flayarak, potent bir etki arayanlar i\u00e7in idealdir.<\/span><\/p>\n<p><span style=\"font-weight: 400;\">Mini format, duda\u011f\u0131n alt\u0131nda ayr\u0131k ve konforlu bir uyum sa\u011flayarak her zaman temiz ve lekesiz kullan\u0131m\u0131 m\u00fcmk\u00fcn k\u0131lar. Y\u00fcksek kaliteli, bitki bazl\u0131 malzemelerden tamamen \u00fcretilen ZYN Coffee 6mg, sofistike bir tat profili ile modern ve keyifli bir nikotin alternatifi sunmu\u015ftur.<\/span><\/p>\n<table>\n<tbody>\n<tr>\n<td><b>Attribute<\/b><\/td>\n<td><b>Ayr\u0131nt\u0131lar<\/b><\/td>\n<\/tr>\n<tr>\n<td><span style=\"font-weight: 400;\">Brand<\/span><\/td>\n<td><span style=\"font-weight: 400;\">ZYN<\/span><\/td>\n<\/tr>\n<tr>\n<td><span style=\"font-weight: 400;\">\u00dcr\u00fcn T\u00fcr\u00fc<\/span><\/td>\n<td><span style=\"font-weight: 400;\">T\u00fcm Beyaz Nikotin Po\u015fetleri<\/span><\/td>\n<\/tr>\n<tr>\n<td><span style=\"font-weight: 400;\">Format<\/span><\/td>\n<td><span style=\"font-weight: 400;\">Mini<\/span><\/td>\n<\/tr>\n<tr>\n<td><span style=\"font-weight: 400;\">Aroma<\/span><\/td>\n<td><span style=\"font-weight: 400;\">Kahve, \u00c7ikolata, Nougat ve Vanilyn<\/span><\/td>\n<\/tr>\n<tr>\n<td><span style=\"font-weight: 400;\">Nikotin G\u00fcc\u00fc<\/span><\/td>\n<td><span style=\"font-weight: 400;\">Po\u015fet ba\u015f\u0131na 6 mg<\/span><\/td>\n<\/tr>\n<tr>\n<td><span style=\"font-weight: 400;\">K\u0131s\u0131m A\u011f\u0131rl\u0131\u011f\u0131<\/span><\/td>\n<td><span style=\"font-weight: 400;\">0,4 gram<\/span><\/td>\n<\/tr>\n<tr>\n<td><span style=\"font-weight: 400;\">K\u0131s\u0131m Say\u0131s\u0131<\/span><\/td>\n<td><span style=\"font-weight: 400;\">kutu ba\u015f\u0131na 20<\/span><\/td>\n<\/tr>\n<tr>\n<td><span style=\"font-weight: 400;\">Toplam Kutu A\u011f\u0131rl\u0131\u011f\u0131<\/span><\/td>\n<td><span style=\"font-weight: 400;\">8 gram<\/span><\/td>\n<\/tr>\n<tr>\n<td><span style=\"font-weight: 400;\">\u00dcretici<\/span><\/td>\n<td><span style=\"font-weight: 400;\">Swedish Match<\/span><\/td>\n<\/tr>\n<tr>\n<td><span style=\"font-weight: 400;\">Dikkate De\u011fer \u00d6zellikler<\/span><\/td>\n<td><span style=\"font-weight: 400;\">T\u00fct\u00fcns\u00fcz, mini format, \u00e7ikolata ve vanilyn notalar\u0131 ile zengin kahve aromas\u0131<\/span><\/td>\n<\/tr>\n<\/tbody>\n<\/table>","protected":false},"excerpt":{"rendered":"<p><strong>ZYN Coffee 6mg \u00f6nceden ZYN Espressino 6mg. Ge\u00e7i\u015f s\u00fcresi boyunca her iki tasar\u0131m da sat\u0131labilir.<\/strong><\/p>\n<p>ZYN <strong data-start=\"4\" data-end=\"14\">Kahve<\/strong> <strong data-start=\"15\" data-end=\"23\">mini<\/strong> zengin, aromatik kahveyi \u00e7ikolata, nougatla ve vanilyayla harmanlayan ince notalar sunar. Tamamen beyaz po\u015fetler ayr\u0131k ve rahattur. Her po\u015fet i\u00e7erir <strong data-start=\"177\" data-end=\"194\">6 mg nikotin<\/strong> g\u00fc\u00e7l\u00fc, sabit bir salg\u0131lanma i\u00e7in.<\/p>","protected":false},"featured_media":8371,"comment_status":"open","ping_status":"closed","template":"","format":[205],"meta":{"_acf_changed":false},"product_brand":[],"product_cat":[37],"product_tag":[16559],"flavours":[192],"nicotine":[212,232],"class_list":{"0":"post-8370","1":"product","2":"type-product","3":"status-publish","4":"has-post-thumbnail","6":"product_cat-zyn","7":"product_tag-6-mg-pouch","8":"pa_quantity-1-pack","9":"pa_quantity-10-pack","10":"pa_quantity-3-pack","11":"pa_quantity-30-pack","12":"pa_quantity-5-pack","13":"pa_quantity-60-pack","14":"flavours-coffee","15":"format-mini","16":"nicotine-15-mg-g","17":"nicotine-extra-strong","19":"first","20":"instock","21":"taxable","22":"shipping-taxable","23":"purchasable","24":"product-type-variable"},"acf":[],"_links":{"self":[{"href":"https:\/\/whitelip.com\/tr\/wp-json\/wp\/v2\/product\/8370","targetHints":{"allow":["GET"]}}],"collection":[{"href":"https:\/\/whitelip.com\/tr\/wp-json\/wp\/v2\/product"}],"about":[{"href":"https:\/\/whitelip.com\/tr\/wp-json\/wp\/v2\/types\/product"}],"replies":[{"embeddable":true,"href":"https:\/\/whitelip.com\/tr\/wp-json\/wp\/v2\/comments?post=8370"}],"wp:featuredmedia":[{"embeddable":true,"href":"https:\/\/whitelip.com\/tr\/wp-json\/wp\/v2\/media\/8371"}],"wp:attachment":[{"href":"https:\/\/whitelip.com\/tr\/wp-json\/wp\/v2\/media?parent=8370"}],"wp:term":[{"taxonomy":"product_brand","embeddable":true,"href":"https:\/\/whitelip.com\/tr\/wp-json\/wp\/v2\/product_brand?post=8370"},{"taxonomy":"product_cat","embeddable":true,"href":"https:\/\/whitelip.com\/tr\/wp-json\/wp\/v2\/product_cat?post=8370"},{"taxonomy":"product_tag","embeddable":true,"href":"https:\/\/whitelip.com\/tr\/wp-json\/wp\/v2\/product_tag?post=8370"},{"taxonomy":"flavours","embeddable":true,"href":"https:\/\/whitelip.com\/tr\/wp-json\/wp\/v2\/flavours?post=8370"},{"taxonomy":"format","embeddable":true,"href":"https:\/\/whitelip.com\/tr\/wp-json\/wp\/v2\/format?post=8370"},{"taxonomy":"nicotine","embeddable":true,"href":"https:\/\/whitelip.com\/tr\/wp-json\/wp\/v2\/nicotine?post=8370"}],"curies":[{"name":"wp","href":"https:\/\/api.w.org\/{rel}","templated":true}]}}