{"id":8368,"date":"2024-11-28T12:43:29","date_gmt":"2024-11-28T12:43:29","guid":{"rendered":"https:\/\/whitelip.com\/zyn-cool-mint-3mg\/"},"modified":"2026-04-16T13:28:22","modified_gmt":"2026-04-16T13:28:22","slug":"zyn-cool-mint-3mg","status":"publish","type":"product","link":"https:\/\/whitelip.com\/tr\/zyn\/zyn-cool-mint-3mg\/","title":{"rendered":"ZYN Cool Mint 3mg"},"content":{"rendered":"<h2><b>ZYN Cool Mint 3mg<\/b><\/h2>\n<p><span style=\"font-weight: 400;\">ZYN Cool Mint 3mg, taze nane k\u00fcr\u00fc ve menthol notalar\u0131 ile keskin nane k\u00fcr\u00fc ve menthol sunan serinletici ve yumu\u015fak bir nane tad\u0131 sa\u011flar, so\u011fuk ve canland\u0131r\u0131c\u0131 bir nikotin deneyimi sunar. Her mini boyutlu, tamamen beyaz po\u015fet 3 mg nikotin i\u00e7erir ve hafif ve sabit bir sal\u0131n\u0131m sa\u011flayarak, daha nazik bir nikotin se\u00e7ene\u011fi arayanlar i\u00e7in m\u00fckemmeldir.<\/span><\/p>\n<p><span style=\"font-weight: 400;\">Mini format, duda\u011f\u0131n alt\u0131nda ayr\u0131k ve konforlu bir uyum sa\u011flayarak her zaman temiz ve lekesiz kullan\u0131m\u0131 m\u00fcmk\u00fcn k\u0131lar. Y\u00fcksek kaliteli, bitki bazl\u0131 malzemelerden \u00fcretilen ZYN Cool Mint 3mg, serinletici ve taze bir nane tad\u0131 ile modern bir nikotin alternatifidir.<\/span><\/p>\n<table>\n<tbody>\n<tr>\n<td><b>Attribute<\/b><\/td>\n<td><b>Ayr\u0131nt\u0131lar<\/b><\/td>\n<\/tr>\n<tr>\n<td><span style=\"font-weight: 400;\">Brand<\/span><\/td>\n<td><span style=\"font-weight: 400;\">ZYN<\/span><\/td>\n<\/tr>\n<tr>\n<td><span style=\"font-weight: 400;\">\u00dcr\u00fcn T\u00fcr\u00fc<\/span><\/td>\n<td><span style=\"font-weight: 400;\">T\u00fcm Beyaz Nikotin Po\u015fetleri<\/span><\/td>\n<\/tr>\n<tr>\n<td><span style=\"font-weight: 400;\">Format<\/span><\/td>\n<td><span style=\"font-weight: 400;\">Mini<\/span><\/td>\n<\/tr>\n<tr>\n<td><span style=\"font-weight: 400;\">Aroma<\/span><\/td>\n<td><span style=\"font-weight: 400;\">So\u011fuk Nane (Nane K\u00fcr\u00fc ve Menthol)<\/span><\/td>\n<\/tr>\n<tr>\n<td><span style=\"font-weight: 400;\">Nikotin G\u00fcc\u00fc<\/span><\/td>\n<td><span style=\"font-weight: 400;\">Po\u015fet ba\u015f\u0131na 3 mg<\/span><\/td>\n<\/tr>\n<tr>\n<td><span style=\"font-weight: 400;\">K\u0131s\u0131m A\u011f\u0131rl\u0131\u011f\u0131<\/span><\/td>\n<td><span style=\"font-weight: 400;\">0,4 gram<\/span><\/td>\n<\/tr>\n<tr>\n<td><span style=\"font-weight: 400;\">K\u0131s\u0131m Say\u0131s\u0131<\/span><\/td>\n<td><span style=\"font-weight: 400;\">kutu ba\u015f\u0131na 20<\/span><\/td>\n<\/tr>\n<tr>\n<td><span style=\"font-weight: 400;\">Toplam Kutu A\u011f\u0131rl\u0131\u011f\u0131<\/span><\/td>\n<td><span style=\"font-weight: 400;\">8 gram<\/span><\/td>\n<\/tr>\n<tr>\n<td><span style=\"font-weight: 400;\">\u00dcretici<\/span><\/td>\n<td><span style=\"font-weight: 400;\">Swedish Match<\/span><\/td>\n<\/tr>\n<tr>\n<td><span style=\"font-weight: 400;\">Dikkate De\u011fer \u00d6zellikler<\/span><\/td>\n<td><span style=\"font-weight: 400;\">T\u00fct\u00fcn i\u00e7ermez, mini format, serinletici nane tat<\/span><\/td>\n<\/tr>\n<\/tbody>\n<\/table>","protected":false},"excerpt":{"rendered":"<p><strong>Yeni tasar\u0131m! Ge\u00e7i\u015f s\u0131ras\u0131nda, her iki tasar\u0131m da sat\u0131labilir.<\/strong><\/p>\n<p>ZYN <strong data-start=\"4\" data-end=\"17\">Cool Mint<\/strong> <strong data-start=\"18\" data-end=\"26\">mini<\/strong> hafif, sabit bir sal\u0131n\u0131m i\u00e7in keskin nane k\u00fcr\u00fc ve menthol sunar. Tamamen beyaz po\u015fetler ayr\u0131k ve konforludur. Her po\u015fet i\u00e7erir <strong data-start=\"171\" data-end=\"188\">3 mg nikotin<\/strong> hafif, sabit bir sal\u0131n\u0131m i\u00e7in.<\/p>","protected":false},"featured_media":8369,"comment_status":"open","ping_status":"closed","template":"","format":[205],"meta":{"_acf_changed":false},"product_brand":[],"product_cat":[37],"product_tag":[16579],"flavours":[199],"nicotine":[230,236],"class_list":{"0":"post-8368","1":"product","2":"type-product","3":"status-publish","4":"has-post-thumbnail","6":"product_cat-zyn","7":"product_tag-3-mg-pouch","8":"pa_quantity-1-pack","9":"pa_quantity-10-pack","10":"pa_quantity-3-pack","11":"pa_quantity-30-pack","12":"pa_quantity-5-pack","13":"pa_quantity-60-pack","14":"flavours-mint","15":"format-mini","16":"nicotine-8-mg-g","17":"nicotine-strong","19":"first","20":"instock","21":"taxable","22":"shipping-taxable","23":"purchasable","24":"product-type-variable"},"acf":[],"_links":{"self":[{"href":"https:\/\/whitelip.com\/tr\/wp-json\/wp\/v2\/product\/8368","targetHints":{"allow":["GET"]}}],"collection":[{"href":"https:\/\/whitelip.com\/tr\/wp-json\/wp\/v2\/product"}],"about":[{"href":"https:\/\/whitelip.com\/tr\/wp-json\/wp\/v2\/types\/product"}],"replies":[{"embeddable":true,"href":"https:\/\/whitelip.com\/tr\/wp-json\/wp\/v2\/comments?post=8368"}],"wp:featuredmedia":[{"embeddable":true,"href":"https:\/\/whitelip.com\/tr\/wp-json\/wp\/v2\/media\/8369"}],"wp:attachment":[{"href":"https:\/\/whitelip.com\/tr\/wp-json\/wp\/v2\/media?parent=8368"}],"wp:term":[{"taxonomy":"product_brand","embeddable":true,"href":"https:\/\/whitelip.com\/tr\/wp-json\/wp\/v2\/product_brand?post=8368"},{"taxonomy":"product_cat","embeddable":true,"href":"https:\/\/whitelip.com\/tr\/wp-json\/wp\/v2\/product_cat?post=8368"},{"taxonomy":"product_tag","embeddable":true,"href":"https:\/\/whitelip.com\/tr\/wp-json\/wp\/v2\/product_tag?post=8368"},{"taxonomy":"flavours","embeddable":true,"href":"https:\/\/whitelip.com\/tr\/wp-json\/wp\/v2\/flavours?post=8368"},{"taxonomy":"format","embeddable":true,"href":"https:\/\/whitelip.com\/tr\/wp-json\/wp\/v2\/format?post=8368"},{"taxonomy":"nicotine","embeddable":true,"href":"https:\/\/whitelip.com\/tr\/wp-json\/wp\/v2\/nicotine?post=8368"}],"curies":[{"name":"wp","href":"https:\/\/api.w.org\/{rel}","templated":true}]}}