{"id":8348,"date":"2024-12-20T19:39:08","date_gmt":"2024-12-20T19:39:08","guid":{"rendered":"https:\/\/whitelip.com\/xqs-black-cherry-strong\/"},"modified":"2026-04-15T15:57:43","modified_gmt":"2026-04-15T15:57:43","slug":"xqs-black-cherry-strong","status":"publish","type":"product","link":"https:\/\/whitelip.com\/tr\/xqs\/xqs-black-cherry-strong\/","title":{"rendered":"XQS Black Cherry Strong"},"content":{"rendered":"<h2><b>XQS Black Cherry Strong<\/b><\/h2>\n<p><span style=\"font-weight: 400;\">XQS Black Cherry Strong zengin ve <\/span><b>tatl\u0131 siyah kiraz aromas\u0131<\/b><span style=\"font-weight: 400;\"> ince bir ek\u015fi alttonuyla, yumu\u015fak ve tatmin edici bir nikotin deneyimi yarat\u0131r. Meyveli ve cesur kiraz notalar\u0131, g\u00fc\u00e7l\u00fc ve aromal\u0131 bir po\u015fet arayan ki\u015filer i\u00e7in ferah bir alternatif sunar. Her ince, tamamen beyaz po\u015fet i\u00e7erir <\/span><b>10 mg nikotin<\/b><span style=\"font-weight: 400;\">, g\u00fc\u00e7l\u00fc ve sabit bir salg\u0131lanma sa\u011flayarak g\u00fcvenilir nikotin g\u00fcc\u00fc arayan kullan\u0131c\u0131lar i\u00e7in idealdir.<\/span><\/p>\n<p><span style=\"font-weight: 400;\">Dar format, duda\u011f\u0131n alt\u0131nda rahat ve ayr\u0131k bir oturum sa\u011flayarak, nerede olursan\u0131z olun temiz, lekesiz bir kullan\u0131m imkan\u0131 verir. Tamamen t\u00fct\u00fcns\u00fcz ve y\u00fcksek kaliteli bitki bazl\u0131 malzemelerden yap\u0131lm\u0131\u015f XQS Black Cherry Strong, zengin bir kiraz profili ile tatmin edici g\u00fcc\u00fc birle\u015ftiren modern bir nikotin alternatifidir ve g\u00fcnl\u00fck keyif i\u00e7in m\u00fckemmeldir.<\/span><\/p>\n<table>\n<tbody>\n<tr>\n<td><b>Attribute<\/b><\/td>\n<td><b>Ayr\u0131nt\u0131lar<\/b><\/td>\n<\/tr>\n<tr>\n<td><b>Brand<\/b><\/td>\n<td><span style=\"font-weight: 400;\">XQS<\/span><\/td>\n<\/tr>\n<tr>\n<td><b>\u00dcr\u00fcn T\u00fcr\u00fc<\/b><\/td>\n<td><span style=\"font-weight: 400;\">T\u00fcm Beyaz Nikotin Po\u015fetleri<\/span><\/td>\n<\/tr>\n<tr>\n<td><b>Format<\/b><\/td>\n<td><span style=\"font-weight: 400;\">\u0130nce<\/span><\/td>\n<\/tr>\n<tr>\n<td><b>Aroma<\/b><\/td>\n<td><span style=\"font-weight: 400;\">Siyah Kiraz<\/span><\/td>\n<\/tr>\n<tr>\n<td><b>Nikotin G\u00fcc\u00fc<\/b><\/td>\n<td><span style=\"font-weight: 400;\">Po\u015fet ba\u015f\u0131na 10 mg (13 mg\/g)<\/span><\/td>\n<\/tr>\n<tr>\n<td><b>K\u0131s\u0131m A\u011f\u0131rl\u0131\u011f\u0131<\/b><\/td>\n<td><span style=\"font-weight: 400;\">0,75 gram<\/span><\/td>\n<\/tr>\n<tr>\n<td><b>K\u0131s\u0131m Say\u0131s\u0131<\/b><\/td>\n<td><span style=\"font-weight: 400;\">kutu ba\u015f\u0131na 20<\/span><\/td>\n<\/tr>\n<tr>\n<td><b>Toplam Kutu A\u011f\u0131rl\u0131\u011f\u0131<\/b><\/td>\n<td><span style=\"font-weight: 400;\">15 gram<\/span><\/td>\n<\/tr>\n<tr>\n<td><b>\u00dcretici<\/b><\/td>\n<td><span style=\"font-weight: 400;\">XQS International<\/span><\/td>\n<\/tr>\n<tr>\n<td><b>Dikkate De\u011fer \u00d6zellikler<\/b><\/td>\n<td><span style=\"font-weight: 400;\">T\u00fct\u00fcns\u00fcz, dar format, ek\u015fi bir sonla cesur siyah kiraz aromas\u0131<\/span><\/td>\n<\/tr>\n<\/tbody>\n<\/table>","protected":false},"excerpt":{"rendered":"<p>XQS <strong data-start=\"4\" data-end=\"20\">Siyah Kiraz<\/strong> <strong data-start=\"21\" data-end=\"31\">G\u00fc\u00e7l\u00fc<\/strong> zengin, tatl\u0131 siyah kiraz i\u00e7erir ve yumu\u015fak, tatmin edici bir profil i\u00e7in ince bir ek\u015fi notu i\u00e7erir. The <strong data-start=\"128\" data-end=\"136\">ince<\/strong>, tamamen beyaz po\u015fetler ayr\u0131k ve rahattur. Her po\u015fet i\u00e7erir <strong data-start=\"206\" data-end=\"224\">, 77 Group'tan sabit orta g\u00fc\u00e7te bir deneyim sunar.<\/strong> g\u00fc\u00e7l\u00fc, sabit bir salg\u0131lanma i\u00e7in.<\/p>","protected":false},"featured_media":63914,"comment_status":"open","ping_status":"closed","template":"","format":[206],"meta":{"_acf_changed":false},"product_brand":[],"product_cat":[27],"product_tag":[16587],"flavours":[196],"nicotine":[213,232],"class_list":{"0":"post-8348","1":"product","2":"type-product","3":"status-publish","4":"has-post-thumbnail","6":"product_cat-xqs","7":"product_tag-10-mg-pouch","8":"pa_quantity-1-pack","9":"pa_quantity-10-pack","10":"pa_quantity-3-pack","11":"pa_quantity-30-pack","12":"pa_quantity-5-pack","13":"pa_quantity-60-pack","14":"flavours-fruits-berries","15":"format-slim","16":"nicotine-16-mg-g","17":"nicotine-extra-strong","19":"first","20":"instock","21":"taxable","22":"shipping-taxable","23":"purchasable","24":"product-type-variable"},"acf":[],"_links":{"self":[{"href":"https:\/\/whitelip.com\/tr\/wp-json\/wp\/v2\/product\/8348","targetHints":{"allow":["GET"]}}],"collection":[{"href":"https:\/\/whitelip.com\/tr\/wp-json\/wp\/v2\/product"}],"about":[{"href":"https:\/\/whitelip.com\/tr\/wp-json\/wp\/v2\/types\/product"}],"replies":[{"embeddable":true,"href":"https:\/\/whitelip.com\/tr\/wp-json\/wp\/v2\/comments?post=8348"}],"wp:featuredmedia":[{"embeddable":true,"href":"https:\/\/whitelip.com\/tr\/wp-json\/wp\/v2\/media\/63914"}],"wp:attachment":[{"href":"https:\/\/whitelip.com\/tr\/wp-json\/wp\/v2\/media?parent=8348"}],"wp:term":[{"taxonomy":"product_brand","embeddable":true,"href":"https:\/\/whitelip.com\/tr\/wp-json\/wp\/v2\/product_brand?post=8348"},{"taxonomy":"product_cat","embeddable":true,"href":"https:\/\/whitelip.com\/tr\/wp-json\/wp\/v2\/product_cat?post=8348"},{"taxonomy":"product_tag","embeddable":true,"href":"https:\/\/whitelip.com\/tr\/wp-json\/wp\/v2\/product_tag?post=8348"},{"taxonomy":"flavours","embeddable":true,"href":"https:\/\/whitelip.com\/tr\/wp-json\/wp\/v2\/flavours?post=8348"},{"taxonomy":"format","embeddable":true,"href":"https:\/\/whitelip.com\/tr\/wp-json\/wp\/v2\/format?post=8348"},{"taxonomy":"nicotine","embeddable":true,"href":"https:\/\/whitelip.com\/tr\/wp-json\/wp\/v2\/nicotine?post=8348"}],"curies":[{"name":"wp","href":"https:\/\/api.w.org\/{rel}","templated":true}]}}