{"id":8331,"date":"2024-11-28T12:42:44","date_gmt":"2024-11-28T12:42:44","guid":{"rendered":"https:\/\/whitelip.com\/zxs-melon-rush-large\/"},"modified":"2026-05-06T22:36:19","modified_gmt":"2026-05-06T22:36:19","slug":"zxs-melon-rush-large","status":"publish","type":"product","link":"https:\/\/whitelip.com\/tr\/zxs\/zxs-melon-rush-large\/","title":{"rendered":"Z!XS Melon Rush Large"},"content":{"rendered":"<h2><b>Z!XS Melon Rush Large<\/b><\/h2>\n<p><span style=\"font-weight: 400;\">sunar ve her po\u015fetle tazeleyici ve meyveli bir deneyim sunarak hafif ve canl\u0131 bir tat profili seven kullan\u0131c\u0131lar i\u00e7in m\u00fckemmeldir. Meyvenin do\u011fal tatl\u0131l\u0131\u011f\u0131, p\u00fcr\u00fczs\u00fcz ve tatmin edici bir tat olu\u015fturur. Her b\u00fcy\u00fck, t\u00fcm beyaz po\u015fet <\/span><b>sunar ve her po\u015fetle p\u00fcr\u00fczs\u00fcz ve tazeleyici bir nikotin deneyimi sunarak hafif ve canl\u0131 tatlar\u0131 seven kullan\u0131c\u0131lar i\u00e7in m\u00fckemmeldir. Olgun meyvenin do\u011fal tatl\u0131l\u0131\u011f\u0131, meyveli ve tatmin edici bir tat olu\u015fturur. Her ince, t\u00fcm beyaz po\u015fet<\/b><span style=\"font-weight: 400;\">i\u00e7erir ve cesur bir nikotin vuru\u015fu arayan ki\u015filer i\u00e7in g\u00fc\u00e7l\u00fc ve istikrarl\u0131 bir salg\u0131lama sa\u011flar. <\/span><b>12 mg nikotin<\/b><span style=\"font-weight: 400;\">B\u00fcy\u00fck format, duda\u011f\u0131n alt\u0131nda daha tam bir oturma sa\u011flarken konfor ve istikrar\u0131 koruyarak istedi\u011finiz zaman ve yerde temiz, lekesiz kullan\u0131m i\u00e7in idealdir. Z!XS Melon Rush Large, tamamen t\u00fct\u00fcns\u00fcz ve y\u00fcksek kaliteli bitki temelli maddeler kullan\u0131larak g\u00fcvenilir kuvvetle e\u015fle\u015ftirilmi\u015f meyveli bir tat arayan ki\u015filer i\u00e7in modern bir nikotin alternatifidir.<\/span><\/p>\n<p><span style=\"font-weight: 400;\">T\u00fct\u00fcns\u00fcz, geni\u015f format, tatl\u0131 ve tazeleyici melon tad\u0131<\/span><\/p>\n<table>\n<tbody>\n<tr>\n<td><b>Attribute<\/b><\/td>\n<td><b>Ayr\u0131nt\u0131lar<\/b><\/td>\n<\/tr>\n<tr>\n<td><b>Brand<\/b><\/td>\n<td><span style=\"font-weight: 400;\">Z!XS<\/span><\/td>\n<\/tr>\n<tr>\n<td><b>\u00dcr\u00fcn T\u00fcr\u00fc<\/b><\/td>\n<td><span style=\"font-weight: 400;\">T\u00fcm Beyaz Nikotin Po\u015fetleri<\/span><\/td>\n<\/tr>\n<tr>\n<td><b>Format<\/b><\/td>\n<td><span style=\"font-weight: 400;\">B\u00fcy\u00fck<\/span><\/td>\n<\/tr>\n<tr>\n<td><b>Aroma<\/b><\/td>\n<td><span style=\"font-weight: 400;\">Melon<\/span><\/td>\n<\/tr>\n<tr>\n<td><b>Nikotin G\u00fcc\u00fc<\/b><\/td>\n<td><span style=\"font-weight: 400;\">Po\u015fet ba\u015f\u0131na 12 mg<\/span><\/td>\n<\/tr>\n<tr>\n<td><b>K\u0131s\u0131m A\u011f\u0131rl\u0131\u011f\u0131<\/b><\/td>\n<td><span style=\"font-weight: 400;\">1,0 gram<\/span><\/td>\n<\/tr>\n<tr>\n<td><b>K\u0131s\u0131m Say\u0131s\u0131<\/b><\/td>\n<td><span style=\"font-weight: 400;\">kutu ba\u015f\u0131na 20<\/span><\/td>\n<\/tr>\n<tr>\n<td><b>Toplam Kutu A\u011f\u0131rl\u0131\u011f\u0131<\/b><\/td>\n<td><span style=\"font-weight: 400;\">20 gram<\/span><\/td>\n<\/tr>\n<tr>\n<td><b>\u00dcretici<\/b><\/td>\n<td><span style=\"font-weight: 400;\">Z!XS International<\/span><\/td>\n<\/tr>\n<tr>\n<td><b>Dikkate De\u011fer \u00d6zellikler<\/b><\/td>\n<td><span style=\"font-weight: 400;\">Z!XS Melon Rush Large, tatl\u0131, sucu meyve kavununu tazeleyici, meyveli bir profil i\u00e7in sunar. T\u00fcm beyaz Large po\u015fetler gizli ve rahatt\u0131r. Her po\u015fet g\u00fc\u00e7l\u00fc, istikrarl\u0131 bir salg\u0131lama i\u00e7in 12 mg nikotin i\u00e7erir.<\/span><\/td>\n<\/tr>\n<\/tbody>\n<\/table>","protected":false},"excerpt":{"rendered":"<p>Z!XS <strong data-start=\"5\" data-end=\"19\">Melon Rush<\/strong> <strong data-start=\"20\" data-end=\"29\">B\u00fcy\u00fck<\/strong> , g\u00fc\u00e7l\u00fc, istikrarl\u0131 bir salg\u0131lama sa\u011flayan. <strong data-start=\"106\" data-end=\"115\">B\u00fcy\u00fck<\/strong> keseler gizli ve rahattur. Her kese \u015funu i\u00e7erir: <strong data-start=\"174\" data-end=\"192\">12 mg nikotin<\/strong>Z!XS Melon Rush Large,<\/p>","protected":false},"featured_media":8332,"comment_status":"open","ping_status":"closed","template":"","format":[206],"meta":{"_acf_changed":false},"product_brand":[],"product_cat":[39],"product_tag":[16561],"flavours":[196],"nicotine":[230,236],"class_list":{"0":"post-8331","1":"product","2":"type-product","3":"status-publish","4":"has-post-thumbnail","6":"product_cat-zxs","7":"product_tag-12-mg-pouch","8":"pa_quantity-1-pack","9":"pa_quantity-10-pack","10":"pa_quantity-3-pack","11":"pa_quantity-30-pack","12":"pa_quantity-5-pack","13":"pa_quantity-60-pack","14":"flavours-fruits-berries","15":"format-slim","16":"nicotine-8-mg-g","17":"nicotine-strong","19":"first","20":"instock","21":"taxable","22":"shipping-taxable","23":"purchasable","24":"product-type-variable"},"acf":[],"_links":{"self":[{"href":"https:\/\/whitelip.com\/tr\/wp-json\/wp\/v2\/product\/8331","targetHints":{"allow":["GET"]}}],"collection":[{"href":"https:\/\/whitelip.com\/tr\/wp-json\/wp\/v2\/product"}],"about":[{"href":"https:\/\/whitelip.com\/tr\/wp-json\/wp\/v2\/types\/product"}],"replies":[{"embeddable":true,"href":"https:\/\/whitelip.com\/tr\/wp-json\/wp\/v2\/comments?post=8331"}],"wp:featuredmedia":[{"embeddable":true,"href":"https:\/\/whitelip.com\/tr\/wp-json\/wp\/v2\/media\/8332"}],"wp:attachment":[{"href":"https:\/\/whitelip.com\/tr\/wp-json\/wp\/v2\/media?parent=8331"}],"wp:term":[{"taxonomy":"product_brand","embeddable":true,"href":"https:\/\/whitelip.com\/tr\/wp-json\/wp\/v2\/product_brand?post=8331"},{"taxonomy":"product_cat","embeddable":true,"href":"https:\/\/whitelip.com\/tr\/wp-json\/wp\/v2\/product_cat?post=8331"},{"taxonomy":"product_tag","embeddable":true,"href":"https:\/\/whitelip.com\/tr\/wp-json\/wp\/v2\/product_tag?post=8331"},{"taxonomy":"flavours","embeddable":true,"href":"https:\/\/whitelip.com\/tr\/wp-json\/wp\/v2\/flavours?post=8331"},{"taxonomy":"format","embeddable":true,"href":"https:\/\/whitelip.com\/tr\/wp-json\/wp\/v2\/format?post=8331"},{"taxonomy":"nicotine","embeddable":true,"href":"https:\/\/whitelip.com\/tr\/wp-json\/wp\/v2\/nicotine?post=8331"}],"curies":[{"name":"wp","href":"https:\/\/api.w.org\/{rel}","templated":true}]}}