{"id":8327,"date":"2024-11-28T12:42:44","date_gmt":"2024-11-28T12:42:44","guid":{"rendered":"https:\/\/whitelip.com\/zxs-bergamot-large\/"},"modified":"2026-04-16T09:12:02","modified_gmt":"2026-04-16T09:12:02","slug":"zxs-bergamot-large","status":"publish","type":"product","link":"https:\/\/whitelip.com\/tr\/zxs\/zxs-bergamot-large\/","title":{"rendered":"Z!XS Bergamot Large"},"content":{"rendered":"<h2><b>Z!XS Bergamot Large<\/b><\/h2>\n<p><span style=\"font-weight: 400;\">Z!XS Bergamot Large \u015funlar\u0131 sa\u011flar: <\/span><b>parlak ve sitrusu bergamot aromas\u0131<\/b><span style=\"font-weight: 400;\">, canl\u0131 tazeli\u011fin ipu\u00e7lar\u0131 ile p\u00fcr\u00fczs\u00fcz ve hafif \u00e7i\u00e7eksi bir deneyim sunarak. Bu klasik tat profili, geleneksel bergamot katk\u0131l\u0131 kar\u0131\u015f\u0131mlardan ilham alarak, temiz ve sofistike bir nikotin se\u00e7ene\u011fi arayan kullan\u0131c\u0131lar i\u00e7in m\u00fckemmeldir. Her b\u00fcy\u00fck, t\u00fcm beyaz kese \u015funu i\u00e7erir: <\/span><b>12 mg nikotin<\/b><span style=\"font-weight: 400;\">, cesur bir vuru\u015f tercih edenler i\u00e7in ideal g\u00fc\u00e7l\u00fc ve sabit bir sal\u0131n\u0131m sa\u011flayan.<\/span><\/p>\n<p><span style=\"font-weight: 400;\">B\u00fcy\u00fck format, dudak alt\u0131nda daha dolu ve tatmin edici bir oturum sa\u011flarken, gizli ve rahat kal\u0131r. Tamamen t\u00fct\u00fcns\u00fcz ve y\u00fcksek kaliteli bitki bazl\u0131 malzemelerden yap\u0131lm\u0131\u015f Z!XS Bergamot Large, taze, sitrusu tat ve g\u00fcvenilir g\u00fcc\u00fc ile modern nikotin alternatifi sunar.<\/span><\/p>\n<table>\n<tbody>\n<tr>\n<td><b>Attribute<\/b><\/td>\n<td><b>Ayr\u0131nt\u0131lar<\/b><\/td>\n<\/tr>\n<tr>\n<td><b>Brand<\/b><\/td>\n<td><span style=\"font-weight: 400;\">Z!XS<\/span><\/td>\n<\/tr>\n<tr>\n<td><b>\u00dcr\u00fcn T\u00fcr\u00fc<\/b><\/td>\n<td><span style=\"font-weight: 400;\">T\u00fcm Beyaz Nikotin Po\u015fetleri<\/span><\/td>\n<\/tr>\n<tr>\n<td><b>Format<\/b><\/td>\n<td><span style=\"font-weight: 400;\">B\u00fcy\u00fck<\/span><\/td>\n<\/tr>\n<tr>\n<td><b>Aroma<\/b><\/td>\n<td><span style=\"font-weight: 400;\">Bergamot<\/span><\/td>\n<\/tr>\n<tr>\n<td><b>Nikotin G\u00fcc\u00fc<\/b><\/td>\n<td><span style=\"font-weight: 400;\">Po\u015fet ba\u015f\u0131na 12 mg<\/span><\/td>\n<\/tr>\n<tr>\n<td><b>K\u0131s\u0131m A\u011f\u0131rl\u0131\u011f\u0131<\/b><\/td>\n<td><span style=\"font-weight: 400;\">1,0 gram<\/span><\/td>\n<\/tr>\n<tr>\n<td><b>K\u0131s\u0131m Say\u0131s\u0131<\/b><\/td>\n<td><span style=\"font-weight: 400;\">kutu ba\u015f\u0131na 20<\/span><\/td>\n<\/tr>\n<tr>\n<td><b>Toplam Kutu A\u011f\u0131rl\u0131\u011f\u0131<\/b><\/td>\n<td><span style=\"font-weight: 400;\">20 gram<\/span><\/td>\n<\/tr>\n<tr>\n<td><b>\u00dcretici<\/b><\/td>\n<td><span style=\"font-weight: 400;\">Z!XS International<\/span><\/td>\n<\/tr>\n<tr>\n<td><b>Dikkate De\u011fer \u00d6zellikler<\/b><\/td>\n<td><span style=\"font-weight: 400;\">T\u00fct\u00fcns\u00fcz, b\u00fcy\u00fck format, klasik sitrusu bergamot aromas\u0131<\/span><\/td>\n<\/tr>\n<\/tbody>\n<\/table>","protected":false},"excerpt":{"rendered":"<p>Z!XS <strong data-start=\"5\" data-end=\"17\">Bergamot<\/strong> <strong data-start=\"18\" data-end=\"27\">B\u00fcy\u00fck<\/strong> parlak, sitrusu bergamot ile p\u00fcr\u00fczs\u00fcz, hafif \u00e7i\u00e7eksi, canl\u0131 bir biti\u015f sunar. T\u00fcm beyaz <strong data-start=\"123\" data-end=\"132\">B\u00fcy\u00fck<\/strong> keseler temiz, sofistike bir profil sunar. Her kese \u015funu i\u00e7erir: <strong data-start=\"199\" data-end=\"217\">12 mg nikotin<\/strong>, cesur bir vuru\u015f i\u00e7in g\u00fc\u00e7l\u00fc, sabit bir sal\u0131n\u0131m sa\u011flayan.<\/p>","protected":false},"featured_media":8328,"comment_status":"open","ping_status":"closed","template":"","format":[206],"meta":{"_acf_changed":false},"product_brand":[],"product_cat":[39],"product_tag":[16561],"flavours":[184],"nicotine":[230,236],"class_list":{"0":"post-8327","1":"product","2":"type-product","3":"status-publish","4":"has-post-thumbnail","6":"product_cat-zxs","7":"product_tag-12-mg-pouch","8":"pa_quantity-1-pack","9":"pa_quantity-10-pack","10":"pa_quantity-3-pack","11":"pa_quantity-30-pack","12":"pa_quantity-5-pack","13":"pa_quantity-60-pack","14":"flavours-bergamot","15":"format-slim","16":"nicotine-8-mg-g","17":"nicotine-strong","19":"first","20":"instock","21":"taxable","22":"shipping-taxable","23":"purchasable","24":"product-type-variable"},"acf":[],"_links":{"self":[{"href":"https:\/\/whitelip.com\/tr\/wp-json\/wp\/v2\/product\/8327","targetHints":{"allow":["GET"]}}],"collection":[{"href":"https:\/\/whitelip.com\/tr\/wp-json\/wp\/v2\/product"}],"about":[{"href":"https:\/\/whitelip.com\/tr\/wp-json\/wp\/v2\/types\/product"}],"replies":[{"embeddable":true,"href":"https:\/\/whitelip.com\/tr\/wp-json\/wp\/v2\/comments?post=8327"}],"wp:featuredmedia":[{"embeddable":true,"href":"https:\/\/whitelip.com\/tr\/wp-json\/wp\/v2\/media\/8328"}],"wp:attachment":[{"href":"https:\/\/whitelip.com\/tr\/wp-json\/wp\/v2\/media?parent=8327"}],"wp:term":[{"taxonomy":"product_brand","embeddable":true,"href":"https:\/\/whitelip.com\/tr\/wp-json\/wp\/v2\/product_brand?post=8327"},{"taxonomy":"product_cat","embeddable":true,"href":"https:\/\/whitelip.com\/tr\/wp-json\/wp\/v2\/product_cat?post=8327"},{"taxonomy":"product_tag","embeddable":true,"href":"https:\/\/whitelip.com\/tr\/wp-json\/wp\/v2\/product_tag?post=8327"},{"taxonomy":"flavours","embeddable":true,"href":"https:\/\/whitelip.com\/tr\/wp-json\/wp\/v2\/flavours?post=8327"},{"taxonomy":"format","embeddable":true,"href":"https:\/\/whitelip.com\/tr\/wp-json\/wp\/v2\/format?post=8327"},{"taxonomy":"nicotine","embeddable":true,"href":"https:\/\/whitelip.com\/tr\/wp-json\/wp\/v2\/nicotine?post=8327"}],"curies":[{"name":"wp","href":"https:\/\/api.w.org\/{rel}","templated":true}]}}