{"id":8305,"date":"2024-11-28T12:41:59","date_gmt":"2024-11-28T12:41:59","guid":{"rendered":"https:\/\/whitelip.com\/zyn-spearmint-9mg\/"},"modified":"2026-04-16T17:04:51","modified_gmt":"2026-04-16T17:04:51","slug":"zyn-spearmint-9mg","status":"publish","type":"product","link":"https:\/\/whitelip.com\/tr\/zyn\/zyn-spearmint-9mg\/","title":{"rendered":"ZYN Spearmint 9mg"},"content":{"rendered":"<h2><b>ZYN Spearmint 9mg<\/b><\/h2>\n<p><span style=\"font-weight: 400;\">ZYN Spearmint 9mg, nane ve tatl\u0131 nane lezzetleriyle ferahlat\u0131c\u0131 ve canland\u0131r\u0131c\u0131 bir nikotin deneyimi sunar. Her ince, tamamen beyaz po\u015fet 9 mg nikotin i\u00e7erir ve potent bir tekme arayan ki\u015filer i\u00e7in ideal olan g\u00fc\u00e7l\u00fc ancak sabit bir sal\u0131m sa\u011flar.<\/span><\/p>\n<p><span style=\"font-weight: 400;\">\u0130nce format, duda\u011f\u0131n alt\u0131nda ayr\u0131k ve rahat bir uyum sa\u011flar ve her zaman temiz, lekesiz kullan\u0131m sa\u011flar. Tamamen y\u00fcksek kaliteli, bitki bazl\u0131 malzemelerden \u00fcretilen ZYN Spearmint 9mg, parlak, so\u011futucu bir tat ile modern ve keyifli bir nikotin alternatifi sunar.<\/span><\/p>\n<table>\n<tbody>\n<tr>\n<td><b>Attribute<\/b><\/td>\n<td><b>Ayr\u0131nt\u0131lar<\/b><\/td>\n<\/tr>\n<tr>\n<td><span style=\"font-weight: 400;\">Brand<\/span><\/td>\n<td><span style=\"font-weight: 400;\">ZYN<\/span><\/td>\n<\/tr>\n<tr>\n<td><span style=\"font-weight: 400;\">\u00dcr\u00fcn T\u00fcr\u00fc<\/span><\/td>\n<td><span style=\"font-weight: 400;\">T\u00fcm Beyaz Nikotin Po\u015fetleri<\/span><\/td>\n<\/tr>\n<tr>\n<td><span style=\"font-weight: 400;\">Format<\/span><\/td>\n<td><span style=\"font-weight: 400;\">\u0130nce<\/span><\/td>\n<\/tr>\n<tr>\n<td><span style=\"font-weight: 400;\">Aroma<\/span><\/td>\n<td><span style=\"font-weight: 400;\">Nane ve Tatl\u0131 Nane<\/span><\/td>\n<\/tr>\n<tr>\n<td><span style=\"font-weight: 400;\">Nikotin G\u00fcc\u00fc<\/span><\/td>\n<td><span style=\"font-weight: 400;\">Po\u015fet ba\u015f\u0131na 9 mg<\/span><\/td>\n<\/tr>\n<tr>\n<td><span style=\"font-weight: 400;\">K\u0131s\u0131m A\u011f\u0131rl\u0131\u011f\u0131<\/span><\/td>\n<td><span style=\"font-weight: 400;\">0,7 gram<\/span><\/td>\n<\/tr>\n<tr>\n<td><span style=\"font-weight: 400;\">K\u0131s\u0131m Say\u0131s\u0131<\/span><\/td>\n<td><span style=\"font-weight: 400;\">Kutuda 21 adet<\/span><\/td>\n<\/tr>\n<tr>\n<td><span style=\"font-weight: 400;\">Toplam Kutu A\u011f\u0131rl\u0131\u011f\u0131<\/span><\/td>\n<td><span style=\"font-weight: 400;\">14,7 gram<\/span><\/td>\n<\/tr>\n<tr>\n<td><span style=\"font-weight: 400;\">\u00dcretici<\/span><\/td>\n<td><span style=\"font-weight: 400;\">Swedish Match<\/span><\/td>\n<\/tr>\n<tr>\n<td><span style=\"font-weight: 400;\">Dikkate De\u011fer \u00d6zellikler<\/span><\/td>\n<td><span style=\"font-weight: 400;\">T\u00fct\u00fcns\u00fcz, ince format, ferahlayan nane tad\u0131<\/span><\/td>\n<\/tr>\n<\/tbody>\n<\/table>","protected":false},"excerpt":{"rendered":"<p><strong>Yeni tasar\u0131m! Ge\u00e7i\u015f s\u0131ras\u0131nda, her iki tasar\u0131m da sat\u0131labilir.<\/strong><\/p>\n<p>ZYN <strong data-start=\"4\" data-end=\"17\">Nane<\/strong> <strong data-start=\"18\" data-end=\"26\">ince<\/strong> naneyi tatl\u0131 nane ile kar\u0131\u015ft\u0131rarak ferahlat\u0131c\u0131, canland\u0131r\u0131c\u0131 bir profile. Her po\u015fet i\u00e7erir <strong data-start=\"119\" data-end=\"136\">9 mg nikotin<\/strong> g\u00fc\u00e7l\u00fc, sabit bir salg\u0131lanma i\u00e7in.<\/p>","protected":false},"featured_media":8306,"comment_status":"open","ping_status":"closed","template":"","format":[206],"meta":{"_acf_changed":false},"product_brand":[],"product_cat":[37],"product_tag":[16563],"flavours":[199],"nicotine":[210,232],"class_list":{"0":"post-8305","1":"product","2":"type-product","3":"status-publish","4":"has-post-thumbnail","6":"product_cat-zyn","7":"product_tag-9-mg-pouch","8":"pa_quantity-1-pack","9":"pa_quantity-10-pack","10":"pa_quantity-3-pack","11":"pa_quantity-30-pack","12":"pa_quantity-5-pack","13":"pa_quantity-60-pack","14":"flavours-mint","15":"format-slim","16":"nicotine-13-mg-g","17":"nicotine-extra-strong","19":"first","20":"instock","21":"taxable","22":"shipping-taxable","23":"purchasable","24":"product-type-variable"},"acf":[],"_links":{"self":[{"href":"https:\/\/whitelip.com\/tr\/wp-json\/wp\/v2\/product\/8305","targetHints":{"allow":["GET"]}}],"collection":[{"href":"https:\/\/whitelip.com\/tr\/wp-json\/wp\/v2\/product"}],"about":[{"href":"https:\/\/whitelip.com\/tr\/wp-json\/wp\/v2\/types\/product"}],"replies":[{"embeddable":true,"href":"https:\/\/whitelip.com\/tr\/wp-json\/wp\/v2\/comments?post=8305"}],"wp:featuredmedia":[{"embeddable":true,"href":"https:\/\/whitelip.com\/tr\/wp-json\/wp\/v2\/media\/8306"}],"wp:attachment":[{"href":"https:\/\/whitelip.com\/tr\/wp-json\/wp\/v2\/media?parent=8305"}],"wp:term":[{"taxonomy":"product_brand","embeddable":true,"href":"https:\/\/whitelip.com\/tr\/wp-json\/wp\/v2\/product_brand?post=8305"},{"taxonomy":"product_cat","embeddable":true,"href":"https:\/\/whitelip.com\/tr\/wp-json\/wp\/v2\/product_cat?post=8305"},{"taxonomy":"product_tag","embeddable":true,"href":"https:\/\/whitelip.com\/tr\/wp-json\/wp\/v2\/product_tag?post=8305"},{"taxonomy":"flavours","embeddable":true,"href":"https:\/\/whitelip.com\/tr\/wp-json\/wp\/v2\/flavours?post=8305"},{"taxonomy":"format","embeddable":true,"href":"https:\/\/whitelip.com\/tr\/wp-json\/wp\/v2\/format?post=8305"},{"taxonomy":"nicotine","embeddable":true,"href":"https:\/\/whitelip.com\/tr\/wp-json\/wp\/v2\/nicotine?post=8305"}],"curies":[{"name":"wp","href":"https:\/\/api.w.org\/{rel}","templated":true}]}}