{"id":8298,"date":"2024-11-28T12:41:58","date_gmt":"2024-11-28T12:41:58","guid":{"rendered":"https:\/\/whitelip.com\/zyn-violet-licorice-6-5mg\/"},"modified":"2026-04-20T10:11:17","modified_gmt":"2026-04-20T10:11:17","slug":"zyn-violet-licorice-65mg-exp-01-06-2026","status":"publish","type":"product","link":"https:\/\/whitelip.com\/tr\/zyn\/zyn-violet-licorice-65mg-exp-01-06-2026\/","title":{"rendered":"ZYN Violet Licorice 6,5mg Exp.01\/06\/2026"},"content":{"rendered":"<h2>ZYN Violet Licorice 6,5mg<\/h2>\n<p><span style=\"font-weight: 400;\">ZYN Violet Licorice 6mg, tatl\u0131 meyan k\u00f6k\u00fc, \u00e7i\u00e7eksi menek\u015fe ve hafif tuzlu salmiya\u011f\u0131n zengin tatlar\u0131n\u0131 birle\u015ftirerek, benzersiz ve lezzetli bir nikotin deneyimi sunar. Her ince, tamamen beyaz po\u015fet 6mg nikotin i\u00e7erir ve dengeli, sabit bir sal\u0131n\u0131m sa\u011flar; orta d\u00fczeyde nikotin arayan ki\u015filer i\u00e7in idealdir.<\/span><\/p>\n<p><span style=\"font-weight: 400;\">\u0130nce format, duda\u011f\u0131n alt\u0131nda ayr\u0131k ve rahat bir uyum sa\u011flayarak, herhangi bir zamanda temiz, lekesiz kullan\u0131m imkan\u0131 tan\u0131r. Y\u00fcksek kaliteli, bitki bazl\u0131 malzemelerden tamamen \u00fcretilen ZYN Violet Licorice 6mg, benzersiz bir tat profili ile modern ve keyifli bir nikotin alternatifi sunar.<\/span><\/p>\n<table>\n<tbody>\n<tr>\n<td><b>Attribute<\/b><\/td>\n<td><b>Ayr\u0131nt\u0131lar<\/b><\/td>\n<\/tr>\n<tr>\n<td><span style=\"font-weight: 400;\">Brand<\/span><\/td>\n<td><span style=\"font-weight: 400;\">ZYN<\/span><\/td>\n<\/tr>\n<tr>\n<td><span style=\"font-weight: 400;\">\u00dcr\u00fcn T\u00fcr\u00fc<\/span><\/td>\n<td><span style=\"font-weight: 400;\">T\u00fcm Beyaz Nikotin Po\u015fetleri<\/span><\/td>\n<\/tr>\n<tr>\n<td><span style=\"font-weight: 400;\">Format<\/span><\/td>\n<td><span style=\"font-weight: 400;\">\u0130nce<\/span><\/td>\n<\/tr>\n<tr>\n<td><span style=\"font-weight: 400;\">Aroma<\/span><\/td>\n<td><span style=\"font-weight: 400;\">Meyan K\u00f6k\u00fc, Menek\u015fe ve Salmya\u011f<\/span><\/td>\n<\/tr>\n<tr>\n<td><span style=\"font-weight: 400;\">Nikotin G\u00fcc\u00fc<\/span><\/td>\n<td><span style=\"font-weight: 400;\">Po\u015fet ba\u015f\u0131na 6,5 mg<\/span><\/td>\n<\/tr>\n<tr>\n<td><span style=\"font-weight: 400;\">K\u0131s\u0131m A\u011f\u0131rl\u0131\u011f\u0131<\/span><\/td>\n<td><span style=\"font-weight: 400;\">0,7 gram<\/span><\/td>\n<\/tr>\n<tr>\n<td><span style=\"font-weight: 400;\">K\u0131s\u0131m Say\u0131s\u0131<\/span><\/td>\n<td><span style=\"font-weight: 400;\">Kutuda 21 adet<\/span><\/td>\n<\/tr>\n<tr>\n<td><span style=\"font-weight: 400;\">Toplam Kutu A\u011f\u0131rl\u0131\u011f\u0131<\/span><\/td>\n<td><span style=\"font-weight: 400;\">14,7 gram<\/span><\/td>\n<\/tr>\n<tr>\n<td><span style=\"font-weight: 400;\">\u00dcretici<\/span><\/td>\n<td><span style=\"font-weight: 400;\">Swedish Match<\/span><\/td>\n<\/tr>\n<tr>\n<td><span style=\"font-weight: 400;\">Dikkate De\u011fer \u00d6zellikler<\/span><\/td>\n<td><span style=\"font-weight: 400;\">Sigara i\u00e7ermeyen, ince format, benzersiz meyan k\u00f6k\u00fc ve \u00e7i\u00e7eksel lezzet<\/span><\/td>\n<\/tr>\n<\/tbody>\n<\/table>","protected":false},"excerpt":{"rendered":"<p><strong>Yeni tasar\u0131m! Ge\u00e7i\u015f s\u0131ras\u0131nda, her iki tasar\u0131m da sat\u0131labilir.<\/strong><\/p>\n<p>ZYN <strong data-start=\"4\" data-end=\"23\">Violet Licorice<\/strong> <strong data-start=\"24\" data-end=\"32\">ince<\/strong> tatl\u0131 meyan k\u00f6k\u00fc, \u00e7i\u00e7eksel menek\u015fe ve tuzlu salmya\u011f\u0131n bir ipu\u00e7lar\u0131n\u0131 birle\u015ftirerek ay\u0131rt edici, p\u00fcr\u00fczs\u00fcz bir profile. Tamamen beyaz po\u015fetler ayr\u0131k ve rahat. Her po\u015fet i\u00e7erir <strong data-start=\"208\" data-end=\"227\">6,5mg nicotine<\/strong> dengeli, istikrarl\u0131 bir sal\u0131n\u0131m i\u00e7in.<\/p>","protected":false},"featured_media":8299,"comment_status":"open","ping_status":"closed","template":"","format":[206],"meta":{"_acf_changed":false},"product_brand":[],"product_cat":[37],"product_tag":[17015,16638],"flavours":[198,202],"nicotine":[231,236],"class_list":{"0":"post-8298","1":"product","2":"type-product","3":"status-publish","4":"has-post-thumbnail","6":"product_cat-zyn","7":"product_tag-50-off","8":"product_tag-6-5-mg-pouch","9":"pa_quantity-1-pack","10":"pa_quantity-10-pack","11":"pa_quantity-3-pack","12":"pa_quantity-30-pack","13":"pa_quantity-5-pack","14":"pa_quantity-60-pack","15":"flavours-licorice","16":"flavours-violet","17":"format-slim","18":"nicotine-9-mg-g","19":"nicotine-strong","21":"first","22":"instock","23":"sale","24":"taxable","25":"shipping-taxable","26":"purchasable","27":"product-type-variable"},"acf":[],"_links":{"self":[{"href":"https:\/\/whitelip.com\/tr\/wp-json\/wp\/v2\/product\/8298","targetHints":{"allow":["GET"]}}],"collection":[{"href":"https:\/\/whitelip.com\/tr\/wp-json\/wp\/v2\/product"}],"about":[{"href":"https:\/\/whitelip.com\/tr\/wp-json\/wp\/v2\/types\/product"}],"replies":[{"embeddable":true,"href":"https:\/\/whitelip.com\/tr\/wp-json\/wp\/v2\/comments?post=8298"}],"wp:featuredmedia":[{"embeddable":true,"href":"https:\/\/whitelip.com\/tr\/wp-json\/wp\/v2\/media\/8299"}],"wp:attachment":[{"href":"https:\/\/whitelip.com\/tr\/wp-json\/wp\/v2\/media?parent=8298"}],"wp:term":[{"taxonomy":"product_brand","embeddable":true,"href":"https:\/\/whitelip.com\/tr\/wp-json\/wp\/v2\/product_brand?post=8298"},{"taxonomy":"product_cat","embeddable":true,"href":"https:\/\/whitelip.com\/tr\/wp-json\/wp\/v2\/product_cat?post=8298"},{"taxonomy":"product_tag","embeddable":true,"href":"https:\/\/whitelip.com\/tr\/wp-json\/wp\/v2\/product_tag?post=8298"},{"taxonomy":"flavours","embeddable":true,"href":"https:\/\/whitelip.com\/tr\/wp-json\/wp\/v2\/flavours?post=8298"},{"taxonomy":"format","embeddable":true,"href":"https:\/\/whitelip.com\/tr\/wp-json\/wp\/v2\/format?post=8298"},{"taxonomy":"nicotine","embeddable":true,"href":"https:\/\/whitelip.com\/tr\/wp-json\/wp\/v2\/nicotine?post=8298"}],"curies":[{"name":"wp","href":"https:\/\/api.w.org\/{rel}","templated":true}]}}