{"id":8296,"date":"2024-12-20T19:39:05","date_gmt":"2024-12-20T19:39:05","guid":{"rendered":"https:\/\/whitelip.com\/velo-sour-lime-mini\/"},"modified":"2026-05-06T12:28:18","modified_gmt":"2026-05-06T12:28:18","slug":"velo-sour-lime-mini","status":"publish","type":"product","link":"https:\/\/whitelip.com\/tr\/velo\/velo-sour-lime-mini\/","title":{"rendered":"VELO Sour Lime Mini"},"content":{"rendered":"<h2><strong>VELO Sour Lime Mini<\/strong><\/h2>\n<p><span style=\"font-weight: 400; font-size: 16px;\">VELO Sour Lime Mini, canl\u0131 ve keskin lime lezzeti sunar, hafif tatl\u0131l\u0131k notalar\u0131 ve egzotik alt tonlar\u0131 ile m\u00fckemmel \u015fekilde dengelenmi\u015ftir. Bu mini, tamam\u0131yla beyaz nikotin po\u015fetleri, duda\u011f\u0131n alt\u0131nda fark edilmeyecek \u015fekilde sorunsuzca oturacak ayr\u0131k ve rahat kullan\u0131m i\u00e7in tasarlanm\u0131\u015ft\u0131r. Kompakt boyutu ve daha d\u00fc\u015f\u00fck nikotin g\u00fcc\u00fc, daha hafif bir nikotin deneyimi arayan veya nikotin po\u015fetlerine yeni ba\u015flayan ki\u015filer i\u00e7in m\u00fckemmel bir se\u00e7imdir. Po\u015fetlerin kuru y\u00fczeyi, lezzet ve nikotinin uzun s\u00fcren sal\u0131n\u0131m\u0131n\u0131 sa\u011flayarak tatmin edici bir deneyim sunar. T\u00fct\u00fcns\u00fcz ve y\u00fcksek kaliteli bitki lifleriyle \u00fcretilen VELO Sour Lime Mini, canl\u0131 ve canland\u0131r\u0131c\u0131 bir lezzet profiline de\u011fer veren ki\u015filer i\u00e7in ferahlat\u0131c\u0131 bir sitrus t\u0131n\u0131s\u0131 sunar.<\/span><\/p>\n<table>\n<tbody>\n<tr>\n<td><b>Attribute<\/b><\/td>\n<td><b>Ayr\u0131nt\u0131lar<\/b><\/td>\n<\/tr>\n<tr>\n<td><span style=\"font-weight: 400;\">Brand<\/span><\/td>\n<td><span style=\"font-weight: 400;\">VELO<\/span><\/td>\n<\/tr>\n<tr>\n<td><span style=\"font-weight: 400;\">\u00dcr\u00fcn T\u00fcr\u00fc<\/span><\/td>\n<td><span style=\"font-weight: 400;\">T\u00fcm Beyaz Nikotin Po\u015fetleri<\/span><\/td>\n<\/tr>\n<tr>\n<td><span style=\"font-weight: 400;\">Format<\/span><\/td>\n<td><span style=\"font-weight: 400;\">Mini<\/span><\/td>\n<\/tr>\n<tr>\n<td><span style=\"font-weight: 400;\">Aroma<\/span><\/td>\n<td><span style=\"font-weight: 400;\">Hafif tatl\u0131 ve egzotik notalar i\u00e7eren lime<\/span><\/td>\n<\/tr>\n<tr>\n<td><span style=\"font-weight: 400;\">Nikotin G\u00fcc\u00fc<\/span><\/td>\n<td><span style=\"font-weight: 400;\">8 mg\/g (po\u015fet ba\u015f\u0131na 4 mg)<\/span><\/td>\n<\/tr>\n<tr>\n<td><span style=\"font-weight: 400;\">K\u0131s\u0131m A\u011f\u0131rl\u0131\u011f\u0131<\/span><\/td>\n<td><span style=\"font-weight: 400;\">0,5 gram<\/span><\/td>\n<\/tr>\n<tr>\n<td><span style=\"font-weight: 400;\">K\u0131s\u0131m Say\u0131s\u0131<\/span><\/td>\n<td><span style=\"font-weight: 400;\">kutu ba\u015f\u0131na 20<\/span><\/td>\n<\/tr>\n<tr>\n<td><span style=\"font-weight: 400;\">Toplam Kutu A\u011f\u0131rl\u0131\u011f\u0131<\/span><\/td>\n<td><span style=\"font-weight: 400;\">10 gram<\/span><\/td>\n<\/tr>\n<tr>\n<td><span style=\"font-weight: 400;\">\u00dcretici<\/span><\/td>\n<td><span style=\"font-weight: 400;\">BAT<\/span><\/td>\n<\/tr>\n<tr>\n<td><span style=\"font-weight: 400;\">Dikkate De\u011fer \u00d6zellikler<\/span><\/td>\n<td><span style=\"font-weight: 400;\">T\u00fct\u00fcns\u00fcz, ayr\u0131k mini porsiyon, uzun s\u00fcren lezzet sal\u0131n\u0131m\u0131, yeni kullan\u0131c\u0131lar i\u00e7in uygun<\/span><\/td>\n<\/tr>\n<\/tbody>\n<\/table>","protected":false},"excerpt":{"rendered":"<p>VELO Sour Lime Mini nikotin po\u015fetleri, canl\u0131, keskin <strong data-start=\"62\" data-end=\"75\">Sour Lime<\/strong> lezzet sunar, hafif tatl\u0131l\u0131k ve egzotik notlarla <strong data-start=\"129\" data-end=\"137\">ince<\/strong>, tamam\u0131yla beyaz format, ayr\u0131k ve rahat kullan\u0131m i\u00e7in uzun s\u00fcren, temiz sal\u0131n\u0131m sa\u011flar. Her po\u015fet i\u00e7erir <strong data-start=\"239\" data-end=\"256\">4 mg nikotin<\/strong>.<\/p>","protected":false},"featured_media":8297,"comment_status":"open","ping_status":"closed","template":"","format":[205],"meta":{"_acf_changed":false},"product_brand":[],"product_cat":[48],"product_tag":[16585],"flavours":[190],"nicotine":[230,236],"class_list":{"0":"post-8296","1":"product","2":"type-product","3":"status-publish","4":"has-post-thumbnail","6":"product_cat-velo","7":"product_tag-4-mg-pouch","8":"pa_quantity-1-pack","9":"pa_quantity-10-pack","10":"pa_quantity-3-pack","11":"pa_quantity-30-pack","12":"pa_quantity-5-pack","13":"pa_quantity-60-pack","14":"flavours-citrus","15":"format-mini","16":"nicotine-8-mg-g","17":"nicotine-strong","19":"first","20":"instock","21":"taxable","22":"shipping-taxable","23":"purchasable","24":"product-type-variable"},"acf":[],"_links":{"self":[{"href":"https:\/\/whitelip.com\/tr\/wp-json\/wp\/v2\/product\/8296","targetHints":{"allow":["GET"]}}],"collection":[{"href":"https:\/\/whitelip.com\/tr\/wp-json\/wp\/v2\/product"}],"about":[{"href":"https:\/\/whitelip.com\/tr\/wp-json\/wp\/v2\/types\/product"}],"replies":[{"embeddable":true,"href":"https:\/\/whitelip.com\/tr\/wp-json\/wp\/v2\/comments?post=8296"}],"wp:featuredmedia":[{"embeddable":true,"href":"https:\/\/whitelip.com\/tr\/wp-json\/wp\/v2\/media\/8297"}],"wp:attachment":[{"href":"https:\/\/whitelip.com\/tr\/wp-json\/wp\/v2\/media?parent=8296"}],"wp:term":[{"taxonomy":"product_brand","embeddable":true,"href":"https:\/\/whitelip.com\/tr\/wp-json\/wp\/v2\/product_brand?post=8296"},{"taxonomy":"product_cat","embeddable":true,"href":"https:\/\/whitelip.com\/tr\/wp-json\/wp\/v2\/product_cat?post=8296"},{"taxonomy":"product_tag","embeddable":true,"href":"https:\/\/whitelip.com\/tr\/wp-json\/wp\/v2\/product_tag?post=8296"},{"taxonomy":"flavours","embeddable":true,"href":"https:\/\/whitelip.com\/tr\/wp-json\/wp\/v2\/flavours?post=8296"},{"taxonomy":"format","embeddable":true,"href":"https:\/\/whitelip.com\/tr\/wp-json\/wp\/v2\/format?post=8296"},{"taxonomy":"nicotine","embeddable":true,"href":"https:\/\/whitelip.com\/tr\/wp-json\/wp\/v2\/nicotine?post=8296"}],"curies":[{"name":"wp","href":"https:\/\/api.w.org\/{rel}","templated":true}]}}