{"id":8294,"date":"2024-11-28T12:41:35","date_gmt":"2024-11-28T12:41:35","guid":{"rendered":"https:\/\/whitelip.com\/cuba-white-cola\/"},"modified":"2026-04-30T10:10:56","modified_gmt":"2026-04-30T10:10:56","slug":"cuba-white-cola","status":"publish","type":"product","link":"https:\/\/whitelip.com\/tr\/cuba\/cuba-white-cola\/","title":{"rendered":"CUBA White Cola"},"content":{"rendered":"<h2><b>CUBA White Cola<\/b><\/h2>\n<p><span style=\"font-weight: 400;\">CUBA White Cola nikotin po\u015fetleri, ferah bir kola aromas\u0131n\u0131 po\u015fet ba\u015f\u0131na 16 mg nikotin g\u00fcc\u00fcyle birle\u015ftirerek, dengeli ve tatmin edici bir deneyim sunmaktad\u0131r. Her kutu 20 dar formatl\u0131 po\u015fet i\u00e7ermekte olup, duda\u011f\u0131n alt\u0131nda rahat ve gizli bir oturum i\u00e7in tasarlanm\u0131\u015ft\u0131r. Po\u015fetler t\u00fct\u00fcns\u00fcz olup hem nikotin hem de tat h\u0131zl\u0131 emilim i\u00e7in orta nem i\u00e7eri\u011fini kullan\u0131r, cesur kola \u00f6z\u00fcn\u00fcn 40 dakikaya kadar keyfini \u00e7\u0131karman\u0131za olanak verir.<\/span><\/p>\n<table>\n<tbody>\n<tr>\n<td><b>Attribute<\/b><\/td>\n<td><b>Ayr\u0131nt\u0131lar<\/b><\/td>\n<\/tr>\n<tr>\n<td><b>10g (20 po\u015fet)<\/b><\/td>\n<td><span style=\"font-weight: 400;\">13g (20 po\u015fet)<\/span><\/td>\n<\/tr>\n<tr>\n<td><b>Nikotin i\u00e7eri\u011fi<\/b><\/td>\n<td><span style=\"font-weight: 400;\">16 mg\/g (po\u015fet ba\u015f\u0131na 16 mg)<\/span><\/td>\n<\/tr>\n<tr>\n<td><b>Po\u015fet format\u0131<\/b><\/td>\n<td><span style=\"font-weight: 400;\">\u0130nce<\/span><\/td>\n<\/tr>\n<tr>\n<td><b>\u00dcretici<\/b><\/td>\n<td><span style=\"font-weight: 400;\">CUBA<\/span><\/td>\n<\/tr>\n<tr>\n<td><b>Aroma<\/b><\/td>\n<td><span style=\"font-weight: 400;\">Kola<\/span><\/td>\n<\/tr>\n<tr>\n<td><b>T\u00fcr<\/b><\/td>\n<td><span style=\"font-weight: 400;\">Tamamen beyaz po\u015fet<\/span><\/td>\n<\/tr>\n<\/tbody>\n<\/table>","protected":false},"excerpt":{"rendered":"<p>Tazeleyici <strong data-start=\"11\" data-end=\"19\">cola<\/strong> temiz, cesur bir tadla. <strong data-start=\"50\" data-end=\"58\">ince<\/strong> po\u015fetler duda\u011f\u0131n alt\u0131nda gizli ve rahat bir \u015fekilde oturur ve h\u0131zl\u0131 tat ve nikotin sal\u0131nmas\u0131 i\u00e7in orta nem seviyesine sahiptir. Her po\u015fet <strong data-start=\"203\" data-end=\"231\">po\u015fet ba\u015f\u0131na 16 mg nikotin<\/strong>, t\u00fct\u00fcns\u00fcz ve 40 dakikaya kadar dayan\u0131r. Her kutu 20 po\u015fet i\u00e7erir.<\/p>","protected":false},"featured_media":8295,"comment_status":"open","ping_status":"closed","template":"","format":[206],"meta":{"_acf_changed":false},"product_brand":[],"product_cat":[46],"product_tag":[16569],"flavours":[193],"nicotine":[213,232],"class_list":{"0":"post-8294","1":"product","2":"type-product","3":"status-publish","4":"has-post-thumbnail","6":"product_cat-cuba","7":"product_tag-16-mg-pouch","8":"pa_quantity-1-pack","9":"pa_quantity-10-pack","10":"pa_quantity-3-pack","11":"pa_quantity-30-pack","12":"pa_quantity-5-pack","13":"pa_quantity-60-pack","14":"flavours-cola","15":"format-slim","16":"nicotine-16-mg-g","17":"nicotine-extra-strong","19":"first","20":"outofstock","21":"taxable","22":"shipping-taxable","23":"purchasable","24":"product-type-variable"},"acf":[],"_links":{"self":[{"href":"https:\/\/whitelip.com\/tr\/wp-json\/wp\/v2\/product\/8294","targetHints":{"allow":["GET"]}}],"collection":[{"href":"https:\/\/whitelip.com\/tr\/wp-json\/wp\/v2\/product"}],"about":[{"href":"https:\/\/whitelip.com\/tr\/wp-json\/wp\/v2\/types\/product"}],"replies":[{"embeddable":true,"href":"https:\/\/whitelip.com\/tr\/wp-json\/wp\/v2\/comments?post=8294"}],"wp:featuredmedia":[{"embeddable":true,"href":"https:\/\/whitelip.com\/tr\/wp-json\/wp\/v2\/media\/8295"}],"wp:attachment":[{"href":"https:\/\/whitelip.com\/tr\/wp-json\/wp\/v2\/media?parent=8294"}],"wp:term":[{"taxonomy":"product_brand","embeddable":true,"href":"https:\/\/whitelip.com\/tr\/wp-json\/wp\/v2\/product_brand?post=8294"},{"taxonomy":"product_cat","embeddable":true,"href":"https:\/\/whitelip.com\/tr\/wp-json\/wp\/v2\/product_cat?post=8294"},{"taxonomy":"product_tag","embeddable":true,"href":"https:\/\/whitelip.com\/tr\/wp-json\/wp\/v2\/product_tag?post=8294"},{"taxonomy":"flavours","embeddable":true,"href":"https:\/\/whitelip.com\/tr\/wp-json\/wp\/v2\/flavours?post=8294"},{"taxonomy":"format","embeddable":true,"href":"https:\/\/whitelip.com\/tr\/wp-json\/wp\/v2\/format?post=8294"},{"taxonomy":"nicotine","embeddable":true,"href":"https:\/\/whitelip.com\/tr\/wp-json\/wp\/v2\/nicotine?post=8294"}],"curies":[{"name":"wp","href":"https:\/\/api.w.org\/{rel}","templated":true}]}}