{"id":8278,"date":"2024-11-28T12:41:10","date_gmt":"2024-11-28T12:41:10","guid":{"rendered":"https:\/\/whitelip.com\/cuba-black-ice-spearmint\/"},"modified":"2026-03-05T10:21:20","modified_gmt":"2026-03-05T10:21:20","slug":"cuba-black-ice-spearmint","status":"publish","type":"product","link":"https:\/\/whitelip.com\/tr\/cuba\/cuba-black-ice-spearmint\/","title":{"rendered":"CUBA Black Ice Spearmint"},"content":{"rendered":"<h2><b>CUBA Black Ice Spearmint<\/b><\/h2>\n<p><span style=\"font-weight: 400;\">CUBA Black Ice Spearmint nikotin po\u015fetleri ferah nane aromas\u0131 ile po\u015fet ba\u015f\u0131na 43 mg g\u00fc\u00e7l\u00fc nikotin i\u00e7eri\u011fi sunarak g\u00fc\u00e7l\u00fc ve canland\u0131r\u0131c\u0131 bir deneyim sa\u011flar. Her ince, tamamen beyaz po\u015fet gizlilik ve rahatl\u0131k i\u00e7in tasarlanm\u0131\u015f olup, leke b\u0131rakmayan bir deneyim garantiler. Siyah renkli po\u015fetler nikotin keyfine \u015f\u0131k bir estetik kat\u0131r. Her kutu 20 po\u015fet i\u00e7erir ve ihtiya\u00e7lar\u0131n\u0131z i\u00e7in bol miktarda \u00fcr\u00fcn sa\u011flar. Polonya \u00fcreticisi CUBA taraf\u0131ndan \u00fcretilen bu po\u015fetler, \u00e7a\u011fda\u015f y\u00f6ntemleri geleneksel kalite ile birle\u015ftirmeleriyle bilinir ve y\u00fcksek standartlar ile yenilik\u00e7i lezzet kombinasyonlar\u0131n\u0131 \u00f6rneklendirir.<\/span><\/p>\n<table>\n<tbody>\n<tr>\n<td><b>Attribute<\/b><\/td>\n<td><b>Ayr\u0131nt\u0131lar<\/b><\/td>\n<\/tr>\n<tr>\n<td><b>10g (20 po\u015fet)<\/b><\/td>\n<td><span style=\"font-weight: 400;\">13g (20 po\u015fet)<\/span><\/td>\n<\/tr>\n<tr>\n<td><b>Nikotin i\u00e7eri\u011fi<\/b><\/td>\n<td><span style=\"font-weight: 400;\">43 mg\/g (po\u015fet ba\u015f\u0131na 43 mg)<\/span><\/td>\n<\/tr>\n<tr>\n<td><b>Po\u015fet format\u0131<\/b><\/td>\n<td><span style=\"font-weight: 400;\">\u0130nce<\/span><\/td>\n<\/tr>\n<tr>\n<td><b>\u00dcretici<\/b><\/td>\n<td><span style=\"font-weight: 400;\">CUBA<\/span><\/td>\n<\/tr>\n<tr>\n<td><b>Aroma<\/b><\/td>\n<td><span style=\"font-weight: 400;\">Nane<\/span><\/td>\n<\/tr>\n<tr>\n<td><b>T\u00fcr<\/b><\/td>\n<td><span style=\"font-weight: 400;\">Tamamen beyaz po\u015fet<\/span><\/td>\n<\/tr>\n<\/tbody>\n<\/table>\n<p>\u00a0<\/p>","protected":false},"excerpt":{"rendered":"<p>Tazeleyici <strong data-start=\"11\" data-end=\"41\">nane <\/strong>buzlu so\u011futma ile g\u00fc\u00e7l\u00fc, canland\u0131r\u0131c\u0131 tat. The <strong data-start=\"80\" data-end=\"95\">tamamen beyaz po\u015fetler duda\u011f\u0131n alt\u0131nda gizli ve rahat bir \u015fekilde oturur, leke olmadan istedi\u011finiz zaman kullan\u0131labilir. Her po\u015fet i\u00e7erir <\/strong>siyah po\u015fetler duda\u011f\u0131n alt\u0131nda diskret ve rahat bir \u015fekilde oturur ve temiz, leke b\u0131rakmayan bir deneyim sa\u011flar. Her po\u015fet i\u00e7erir <strong data-start=\"207\" data-end=\"235\">po\u015fet ba\u015f\u0131na 43 mg nikotin<\/strong>, CUBA'dan kutu ba\u015f\u0131na 20 po\u015fet olmak \u00fczere.<\/p>","protected":false},"featured_media":8279,"comment_status":"open","ping_status":"closed","template":"","format":[206],"meta":{"_acf_changed":false},"product_brand":[],"product_cat":[46],"product_tag":[16567],"flavours":[199],"nicotine":[227,233],"class_list":{"0":"post-8278","1":"product","2":"type-product","3":"status-publish","4":"has-post-thumbnail","6":"product_cat-cuba","7":"product_tag-43-mg-pouch","8":"pa_quantity-1-pack","9":"pa_quantity-10-pack","10":"pa_quantity-3-pack","11":"pa_quantity-30-pack","12":"pa_quantity-5-pack","13":"pa_quantity-60-pack","14":"flavours-mint","15":"format-slim","16":"nicotine-43-mg-g","17":"nicotine-extreme","19":"first","20":"outofstock","21":"taxable","22":"shipping-taxable","23":"purchasable","24":"product-type-variable"},"acf":[],"_links":{"self":[{"href":"https:\/\/whitelip.com\/tr\/wp-json\/wp\/v2\/product\/8278","targetHints":{"allow":["GET"]}}],"collection":[{"href":"https:\/\/whitelip.com\/tr\/wp-json\/wp\/v2\/product"}],"about":[{"href":"https:\/\/whitelip.com\/tr\/wp-json\/wp\/v2\/types\/product"}],"replies":[{"embeddable":true,"href":"https:\/\/whitelip.com\/tr\/wp-json\/wp\/v2\/comments?post=8278"}],"wp:featuredmedia":[{"embeddable":true,"href":"https:\/\/whitelip.com\/tr\/wp-json\/wp\/v2\/media\/8279"}],"wp:attachment":[{"href":"https:\/\/whitelip.com\/tr\/wp-json\/wp\/v2\/media?parent=8278"}],"wp:term":[{"taxonomy":"product_brand","embeddable":true,"href":"https:\/\/whitelip.com\/tr\/wp-json\/wp\/v2\/product_brand?post=8278"},{"taxonomy":"product_cat","embeddable":true,"href":"https:\/\/whitelip.com\/tr\/wp-json\/wp\/v2\/product_cat?post=8278"},{"taxonomy":"product_tag","embeddable":true,"href":"https:\/\/whitelip.com\/tr\/wp-json\/wp\/v2\/product_tag?post=8278"},{"taxonomy":"flavours","embeddable":true,"href":"https:\/\/whitelip.com\/tr\/wp-json\/wp\/v2\/flavours?post=8278"},{"taxonomy":"format","embeddable":true,"href":"https:\/\/whitelip.com\/tr\/wp-json\/wp\/v2\/format?post=8278"},{"taxonomy":"nicotine","embeddable":true,"href":"https:\/\/whitelip.com\/tr\/wp-json\/wp\/v2\/nicotine?post=8278"}],"curies":[{"name":"wp","href":"https:\/\/api.w.org\/{rel}","templated":true}]}}