{"id":8272,"date":"2024-11-28T12:40:47","date_gmt":"2024-11-28T12:40:47","guid":{"rendered":"https:\/\/whitelip.com\/cuba-black-double-fresh\/"},"modified":"2026-03-10T14:15:15","modified_gmt":"2026-03-10T14:15:15","slug":"cuba-black-double-fresh","status":"publish","type":"product","link":"https:\/\/whitelip.com\/tr\/cuba\/cuba-black-double-fresh\/","title":{"rendered":"CUBA Black Double Fresh"},"content":{"rendered":"<h2><b>CUBA Black Double Fresh<\/b><\/h2>\n<p><span style=\"font-weight: 400;\">CUBA Black Double Fresh nikotin po\u015fetleri, g\u00fc\u00e7l\u00fc ve canland\u0131r\u0131c\u0131 bir deneyim arayan deneyimli kullan\u0131c\u0131lara hitap eden po\u015fet ba\u015f\u0131na 43 mg'l\u0131k sa\u011flam nikotin i\u00e7eri\u011fi ile yo\u011fun mentol aromas\u0131n\u0131 sunmaktad\u0131r. Her kutu 20 adet ince formatl\u0131 po\u015fet i\u00e7erir ve di\u015fleri lekemeden gizli kullan\u0131m i\u00e7in tasarlanm\u0131\u015ft\u0131r. \u00c7a\u011fda\u015f y\u00f6ntemleri geleneksel kalite ile harmanlamakla \u00fcnl\u00fc Polonyal\u0131 \u00fcretici CUBA taraf\u0131ndan \u00fcretilen bu po\u015fetler y\u00fcksek standartlar ve yenilik\u00e7i tat kombinasyonlar\u0131n\u0131n \u00f6rne\u011fidir.<\/span><\/p>\n<table>\n<tbody>\n<tr>\n<td><b>Attribute<\/b><\/td>\n<td><b>Ayr\u0131nt\u0131lar<\/b><\/td>\n<\/tr>\n<tr>\n<td><b>10g (20 po\u015fet)<\/b><\/td>\n<td><span style=\"font-weight: 400;\">13g (20 po\u015fet)<\/span><\/td>\n<\/tr>\n<tr>\n<td><b>Nikotin i\u00e7eri\u011fi<\/b><\/td>\n<td><span style=\"font-weight: 400;\">43 mg\/g (po\u015fet ba\u015f\u0131na 43 mg)<\/span><\/td>\n<\/tr>\n<tr>\n<td><b>Po\u015fet format\u0131<\/b><\/td>\n<td><span style=\"font-weight: 400;\">\u0130nce<\/span><\/td>\n<\/tr>\n<tr>\n<td><b>\u00dcretici<\/b><\/td>\n<td><span style=\"font-weight: 400;\">CUBA<\/span><\/td>\n<\/tr>\n<tr>\n<td><b>Aroma<\/b><\/td>\n<td><span style=\"font-weight: 400;\">Nane<\/span><\/td>\n<\/tr>\n<tr>\n<td><b>T\u00fcr<\/b><\/td>\n<td><span style=\"font-weight: 400;\">Tamamen beyaz po\u015fet<\/span><\/td>\n<\/tr>\n<\/tbody>\n<\/table>","protected":false},"excerpt":{"rendered":"<p>Yo\u011fun <strong data-start=\"8\" data-end=\"16\">nane<\/strong> g\u00fc\u00e7l\u00fc, canland\u0131r\u0131c\u0131 bir tat i\u00e7in. <strong data-start=\"55\" data-end=\"63\">ince<\/strong> po\u015fetleri duda\u011f\u0131n alt\u0131nda gizli bir \u015fekilde oturur, temiz ve lekemez bir his i\u00e7in. <strong data-start=\"153\" data-end=\"181\">po\u015fet ba\u015f\u0131na 43 mg nikotin<\/strong>, deneyimli kullan\u0131c\u0131lar i\u00e7in uygun. Her kutu CUBA taraf\u0131ndan y\u00fcksek kalite standartlar\u0131na g\u00f6re yap\u0131lan 20 po\u015fet i\u00e7erir.<\/p>","protected":false},"featured_media":8273,"comment_status":"open","ping_status":"closed","template":"","format":[206],"meta":{"_acf_changed":false},"product_brand":[],"product_cat":[46],"product_tag":[16567],"flavours":[196],"nicotine":[227,233],"class_list":{"0":"post-8272","1":"product","2":"type-product","3":"status-publish","4":"has-post-thumbnail","6":"product_cat-cuba","7":"product_tag-43-mg-pouch","8":"pa_quantity-1-pack","9":"pa_quantity-10-pack","10":"pa_quantity-3-pack","11":"pa_quantity-30-pack","12":"pa_quantity-5-pack","13":"pa_quantity-60-pack","14":"flavours-fruits-berries","15":"format-slim","16":"nicotine-43-mg-g","17":"nicotine-extreme","19":"first","20":"outofstock","21":"taxable","22":"shipping-taxable","23":"purchasable","24":"product-type-variable"},"acf":[],"_links":{"self":[{"href":"https:\/\/whitelip.com\/tr\/wp-json\/wp\/v2\/product\/8272","targetHints":{"allow":["GET"]}}],"collection":[{"href":"https:\/\/whitelip.com\/tr\/wp-json\/wp\/v2\/product"}],"about":[{"href":"https:\/\/whitelip.com\/tr\/wp-json\/wp\/v2\/types\/product"}],"replies":[{"embeddable":true,"href":"https:\/\/whitelip.com\/tr\/wp-json\/wp\/v2\/comments?post=8272"}],"wp:featuredmedia":[{"embeddable":true,"href":"https:\/\/whitelip.com\/tr\/wp-json\/wp\/v2\/media\/8273"}],"wp:attachment":[{"href":"https:\/\/whitelip.com\/tr\/wp-json\/wp\/v2\/media?parent=8272"}],"wp:term":[{"taxonomy":"product_brand","embeddable":true,"href":"https:\/\/whitelip.com\/tr\/wp-json\/wp\/v2\/product_brand?post=8272"},{"taxonomy":"product_cat","embeddable":true,"href":"https:\/\/whitelip.com\/tr\/wp-json\/wp\/v2\/product_cat?post=8272"},{"taxonomy":"product_tag","embeddable":true,"href":"https:\/\/whitelip.com\/tr\/wp-json\/wp\/v2\/product_tag?post=8272"},{"taxonomy":"flavours","embeddable":true,"href":"https:\/\/whitelip.com\/tr\/wp-json\/wp\/v2\/flavours?post=8272"},{"taxonomy":"format","embeddable":true,"href":"https:\/\/whitelip.com\/tr\/wp-json\/wp\/v2\/format?post=8272"},{"taxonomy":"nicotine","embeddable":true,"href":"https:\/\/whitelip.com\/tr\/wp-json\/wp\/v2\/nicotine?post=8272"}],"curies":[{"name":"wp","href":"https:\/\/api.w.org\/{rel}","templated":true}]}}