{"id":8268,"date":"2024-11-28T12:40:47","date_gmt":"2024-11-28T12:40:47","guid":{"rendered":"https:\/\/whitelip.com\/cuba-ninja-orange\/"},"modified":"2026-03-09T17:56:35","modified_gmt":"2026-03-09T17:56:35","slug":"cuba-ninja-orange","status":"publish","type":"product","link":"https:\/\/whitelip.com\/tr\/cuba\/cuba-ninja-orange\/","title":{"rendered":"CUBA Ninja Orange"},"content":{"rendered":"<h2><strong>CUBA Ninja Orange<\/strong><\/h2>\n<p><span style=\"font-size: 16px;\">CUBA Ninja Portakal, g\u00fc\u00e7l\u00fc ve tatl\u0131 bir portakal tad\u0131 sunmaktad\u0131r. CUBA Ninja Portakal po\u015fetleri beyaz renkli olup y\u00fcksek nikotin i\u00e7eri\u011fine sahiptir. Po\u015fetler dar formatta gelir ve gram ba\u015f\u0131na 30 mg nikotin g\u00fcc\u00fcne sahiptir.<\/span><\/p>\n<table>\n<tbody>\n<tr>\n<td><b>Attribute<\/b><\/td>\n<td><b>Ayr\u0131nt\u0131lar<\/b><\/td>\n<\/tr>\n<tr>\n<td><b>10g (20 po\u015fet)<\/b><\/td>\n<td><span style=\"font-weight: 400;\">13g (25 po\u015fet)<\/span><\/td>\n<\/tr>\n<tr>\n<td><b>Nikotin i\u00e7eri\u011fi<\/b><\/td>\n<td><span style=\"font-weight: 400;\">30 mg\/g (po\u015fet ba\u015f\u0131na 15 mg)<\/span><\/td>\n<\/tr>\n<tr>\n<td><b>Po\u015fet format\u0131<\/b><\/td>\n<td><span style=\"font-weight: 400;\">\u0130nce<\/span><\/td>\n<\/tr>\n<tr>\n<td><b>\u00dcretici<\/b><\/td>\n<td><span style=\"font-weight: 400;\">CUBA<\/span><\/td>\n<\/tr>\n<tr>\n<td><b>Aroma<\/b><\/td>\n<td>Portakal<\/td>\n<\/tr>\n<tr>\n<td><b>T\u00fcr<\/b><\/td>\n<td><span style=\"font-weight: 400;\">Tamamen beyaz po\u015fet<\/span><\/td>\n<\/tr>\n<\/tbody>\n<\/table>\n<h3><strong>Marka hakk\u0131nda: CUBA<\/strong><\/h3>\n<p>CUBA, Ananas, Kiraz ve Blueberry gibi birka\u00e7 lezzetli aromada nikotin po\u015fetleri sunmaktad\u0131r. Po\u015fetler duda\u011f\u0131n alt\u0131nda yumu\u015fak olup iyi bir nikotin etkisi sa\u011flar. CUBA \u00fc\u00e7 seriye ayr\u0131lm\u0131\u015ft\u0131r: White-line, Black-line ve Ninja. Black-line 50 mg nikotin i\u00e7erir ki bu da en deneyimli kullan\u0131c\u0131y\u0131 ba\u015fd\u00f6nd\u00fcrmektedir. Ancak Cuba White-line 20 mg i\u00e7erir ve g\u00fcnl\u00fck kullan\u0131c\u0131lar i\u00e7in daha uygundur. Ninja 30 mg i\u00e7erir.<\/p>\n<h3><strong>Whitelip.se Hakk\u0131nda:\u00a0<\/strong><\/h3>\n<p><span data-contrast=\"auto\">Whitelip.se'ye ho\u015f geldiniz; y\u00fcksek kaliteli nikotin po\u015fetleri i\u00e7in nihai hedefiniz. Nikotin ihtiya\u00e7lar\u0131n\u0131z\u0131 kar\u015f\u0131lamak i\u00e7in tasarlanm\u0131\u015f geni\u015f \u00fcr\u00fcn yelpazesini ke\u015ffedin, Amerika Birle\u015fik Devletleri ve Avrupa'ya kargo se\u00e7ene\u011fiyle, \u00f6deme s\u0131ras\u0131nda \u00fccretsiz kargo se\u00e7ene\u011fi bulunmaktad\u0131r. Her sat\u0131n almada memnuniyetinizi art\u0131r\u0131n \u00e7\u00fcnk\u00fc size en iyi markalar ve kap\u0131n\u0131za sorunsuz teslimat getiriyoruz. Whitelip.se'de sadece en iyi kolayl\u0131k ve premium kaliteyi deneyimleyin. \u015eimdi al\u0131\u015fveri\u015f yap\u0131n ve premium tamamen beyaz nikotin po\u015fetlerinin keyfini \u00e7\u0131kar\u0131n.<\/span><span data-ccp-props=\"{&quot;201341983&quot;:0,&quot;335559739&quot;:160,&quot;335559740&quot;:259}\">\u00a0<\/span><\/p>","protected":false},"excerpt":{"rendered":"<article class=\"text-token-text-primary w-full focus:outline-none [--shadow-height:45px] has-data-writing-block:pointer-events-none has-data-writing-block:-mt-(--shadow-height) has-data-writing-block:pt-(--shadow-height) [&amp;:has([data-writing-block])&gt;*]:pointer-events-auto [content-visibility:auto] supports-[content-visibility:auto]:[contain-intrinsic-size:auto_100lvh] scroll-mt-[calc(var(--header-height)+min(200px,max(70px,20svh)))]\" dir=\"auto\" tabindex=\"-1\" data-turn-id=\"request-WEB:53f85bc0-55a4-4148-bb59-ef9269c3c52e-117\" data-testid=\"conversation-turn-230\" data-scroll-anchor=\"true\" data-turn=\"assistant\">\n<div class=\"text-base my-auto mx-auto pb-10 [--thread-content-margin:--spacing(4)] thread-sm:[--thread-content-margin:--spacing(6)] thread-lg:[--thread-content-margin:--spacing(16)] px-(--thread-content-margin)\">\n<div class=\"[--thread-content-max-width:40rem] thread-lg:[--thread-content-max-width:48rem] mx-auto max-w-(--thread-content-max-width) flex-1 group\/turn-messages focus-visible:outline-hidden relative flex w-full min-w-0 flex-col agent-turn\" tabindex=\"-1\">\n<div class=\"flex max-w-full flex-col grow\">\n<div class=\"min-h-8 text-message relative flex w-full flex-col items-end gap-2 text-start break-words whitespace-normal [.text-message+&amp;]:mt-5\" dir=\"auto\" data-message-author-role=\"assistant\" data-message-id=\"3342c41c-209b-4b33-8a74-3937723048a7\" data-message-model-slug=\"gpt-5-thinking\">\n<div class=\"flex w-full flex-col gap-1 empty:hidden first:pt-[1px]\">\n<div class=\"markdown prose dark:prose-invert w-full break-words dark markdown-new-styling\">\n<p data-start=\"0\" data-end=\"216\" data-is-last-node=\"\" data-is-only-node=\"\">Powerful, sweet <strong data-start=\"16\" data-end=\"26\">orange<\/strong> with a bold citrus hit. The <strong data-start=\"55\" data-end=\"74\">slim, <\/strong>all-white pouches sit discreetly under the lip for a clean, comfortable feel. Nicotine strength <strong data-start=\"161\" data-end=\"172\">30 mg\/g<\/strong>, crafted for users who want high intensity.<\/p>\n<\/div>\n<\/div>\n<\/div>\n<\/div>\n<div class=\"z-0 flex min-h-[46px] justify-start\"><\/div>\n<div class=\"mt-3 w-full empty:hidden\">\n<div class=\"text-center\"><\/div>\n<\/div>\n<\/div>\n<\/div>\n<\/article>\n<div class=\"pointer-events-none h-px w-px\" aria-hidden=\"true\" data-edge=\"true\"><\/div>\n","protected":false},"featured_media":8269,"comment_status":"open","ping_status":"closed","template":"","format":[206],"meta":{"_acf_changed":false},"product_brand":[],"product_cat":[46],"product_tag":[16571],"flavours":[190],"nicotine":[221,233],"class_list":{"0":"post-8268","1":"product","2":"type-product","3":"status-publish","4":"has-post-thumbnail","6":"product_cat-cuba","7":"product_tag-15-mg-pouch","8":"pa_quantity-1-pack","9":"pa_quantity-10-pack","10":"pa_quantity-3-pack","11":"pa_quantity-30-pack","12":"pa_quantity-5-pack","13":"pa_quantity-60-pack","14":"flavours-citrus","15":"format-slim","16":"nicotine-30-mg-g","17":"nicotine-extreme","19":"first","20":"outofstock","21":"taxable","22":"shipping-taxable","23":"purchasable","24":"product-type-variable"},"acf":[],"_links":{"self":[{"href":"https:\/\/whitelip.com\/tr\/wp-json\/wp\/v2\/product\/8268","targetHints":{"allow":["GET"]}}],"collection":[{"href":"https:\/\/whitelip.com\/tr\/wp-json\/wp\/v2\/product"}],"about":[{"href":"https:\/\/whitelip.com\/tr\/wp-json\/wp\/v2\/types\/product"}],"replies":[{"embeddable":true,"href":"https:\/\/whitelip.com\/tr\/wp-json\/wp\/v2\/comments?post=8268"}],"wp:featuredmedia":[{"embeddable":true,"href":"https:\/\/whitelip.com\/tr\/wp-json\/wp\/v2\/media\/8269"}],"wp:attachment":[{"href":"https:\/\/whitelip.com\/tr\/wp-json\/wp\/v2\/media?parent=8268"}],"wp:term":[{"taxonomy":"product_brand","embeddable":true,"href":"https:\/\/whitelip.com\/tr\/wp-json\/wp\/v2\/product_brand?post=8268"},{"taxonomy":"product_cat","embeddable":true,"href":"https:\/\/whitelip.com\/tr\/wp-json\/wp\/v2\/product_cat?post=8268"},{"taxonomy":"product_tag","embeddable":true,"href":"https:\/\/whitelip.com\/tr\/wp-json\/wp\/v2\/product_tag?post=8268"},{"taxonomy":"flavours","embeddable":true,"href":"https:\/\/whitelip.com\/tr\/wp-json\/wp\/v2\/flavours?post=8268"},{"taxonomy":"format","embeddable":true,"href":"https:\/\/whitelip.com\/tr\/wp-json\/wp\/v2\/format?post=8268"},{"taxonomy":"nicotine","embeddable":true,"href":"https:\/\/whitelip.com\/tr\/wp-json\/wp\/v2\/nicotine?post=8268"}],"curies":[{"name":"wp","href":"https:\/\/api.w.org\/{rel}","templated":true}]}}