{"id":8264,"date":"2024-12-20T19:39:11","date_gmt":"2024-12-20T19:39:11","guid":{"rendered":"https:\/\/whitelip.com\/xqs-elderflower-strong\/"},"modified":"2026-05-04T10:11:39","modified_gmt":"2026-05-04T10:11:39","slug":"xqs-elderflower-strong","status":"publish","type":"product","link":"https:\/\/whitelip.com\/tr\/xqs\/xqs-elderflower-strong\/","title":{"rendered":"XQS Elderflower Strong"},"content":{"rendered":"<h2><b>XQS Elderflower Strong<\/b><\/h2>\n<p><span style=\"font-weight: 400;\">XQS Elderflower Strong bir <\/span><b>zaif ve \u00e7i\u00e7eksi elderflower aromas\u0131<\/b><span style=\"font-weight: 400;\">sunar, ince tatl\u0131l\u0131k ile yumu\u015fak ve ferahlat\u0131c\u0131 bir tat sa\u011flar. E\u015fsiz ve rafine bir aroma deneyimi arayan ki\u015filer i\u00e7in m\u00fckemmel olan bu po\u015fuklar, iyi dengelenmi\u015f bir nikotin sal\u0131m\u0131 sa\u011flar. Her ince, t\u00fcm beyaz po\u015fuk i\u00e7erir <\/span><b>10 mg nikotin<\/b><span style=\"font-weight: 400;\">, tecr\u00fcbeli kullan\u0131c\u0131lar i\u00e7in ideal g\u00fc\u00e7l\u00fc ve dengeli bir etki sa\u011flar.<\/span><\/p>\n<p><span style=\"font-weight: 400;\">\u0130nce format duda\u011f\u0131n alt\u0131na ayr\u0131k ve rahat bir \u015fekilde oturmas\u0131n\u0131 sa\u011flayarak temiz ve leke-free bir nikotin keyfi alternatifi sunar. Tamamen t\u00fct\u00fcns\u00fcz ve y\u00fcksek kaliteli bitki bazl\u0131 liflerden \u00fcretilen XQS Elderflower Strong, ince ve zarif aromay\u0131 takdir edenleri i\u00e7in taze, hafif \u00e7i\u00e7eksi bir b\u00fck\u00fc\u015f ile modern bir nikotin se\u00e7ene\u011fi sunar.<\/span><\/p>\n<table>\n<tbody>\n<tr>\n<td><b>Attribute<\/b><\/td>\n<td><b>Ayr\u0131nt\u0131lar<\/b><\/td>\n<\/tr>\n<tr>\n<td><b>Brand<\/b><\/td>\n<td><span style=\"font-weight: 400;\">XQS<\/span><\/td>\n<\/tr>\n<tr>\n<td><b>\u00dcr\u00fcn T\u00fcr\u00fc<\/b><\/td>\n<td><span style=\"font-weight: 400;\">T\u00fcm Beyaz Nikotin Po\u015fetleri<\/span><\/td>\n<\/tr>\n<tr>\n<td><b>Format<\/b><\/td>\n<td><span style=\"font-weight: 400;\">\u0130nce<\/span><\/td>\n<\/tr>\n<tr>\n<td><b>Aroma<\/b><\/td>\n<td><span style=\"font-weight: 400;\">Elderflower<\/span><\/td>\n<\/tr>\n<tr>\n<td><b>Nikotin G\u00fcc\u00fc<\/b><\/td>\n<td><span style=\"font-weight: 400;\">Po\u015fet ba\u015f\u0131na 10 mg (13 mg\/g)<\/span><\/td>\n<\/tr>\n<tr>\n<td><b>K\u0131s\u0131m A\u011f\u0131rl\u0131\u011f\u0131<\/b><\/td>\n<td><span style=\"font-weight: 400;\">0,75 gram<\/span><\/td>\n<\/tr>\n<tr>\n<td><b>K\u0131s\u0131m Say\u0131s\u0131<\/b><\/td>\n<td><span style=\"font-weight: 400;\">kutu ba\u015f\u0131na 20<\/span><\/td>\n<\/tr>\n<tr>\n<td><b>Toplam Kutu A\u011f\u0131rl\u0131\u011f\u0131<\/b><\/td>\n<td><span style=\"font-weight: 400;\">15 gram<\/span><\/td>\n<\/tr>\n<tr>\n<td><b>\u00dcretici<\/b><\/td>\n<td><span style=\"font-weight: 400;\">XQS International<\/span><\/td>\n<\/tr>\n<tr>\n<td><b>Dikkate De\u011fer \u00d6zellikler<\/b><\/td>\n<td><span style=\"font-weight: 400;\">T\u00fct\u00fcns\u00fcz, ince format, yumu\u015fak ve \u00e7i\u00e7eksi elderflower aromas\u0131<\/span><\/td>\n<\/tr>\n<\/tbody>\n<\/table>","protected":false},"excerpt":{"rendered":"<p>XQS <strong data-start=\"4\" data-end=\"19\">Elderflower<\/strong> <strong data-start=\"20\" data-end=\"30\">G\u00fc\u00e7l\u00fc<\/strong> zaif, \u00e7i\u00e7eksi elderflower'\u0131 ince tatl\u0131l\u0131k ile yumu\u015fak, ferahlat\u0131c\u0131 bir profil i\u00e7in sunar. <strong data-start=\"131\" data-end=\"139\">ince<\/strong>, tamamen beyaz po\u015fetler ayr\u0131k ve rahattur. Her po\u015fet i\u00e7erir <strong data-start=\"209\" data-end=\"227\">, 77 Group'tan sabit orta g\u00fc\u00e7te bir deneyim sunar.<\/strong> g\u00fc\u00e7l\u00fc, sabit bir salg\u0131lanma i\u00e7in.<\/p>","protected":false},"featured_media":8265,"comment_status":"open","ping_status":"closed","template":"","format":[206],"meta":{"_acf_changed":false},"product_brand":[],"product_cat":[27],"product_tag":[16587],"flavours":[196],"nicotine":[210,232],"class_list":{"0":"post-8264","1":"product","2":"type-product","3":"status-publish","4":"has-post-thumbnail","6":"product_cat-xqs","7":"product_tag-10-mg-pouch","8":"pa_quantity-1-pack","9":"pa_quantity-10-pack","10":"pa_quantity-3-pack","11":"pa_quantity-30-pack","12":"pa_quantity-5-pack","13":"pa_quantity-60-pack","14":"flavours-fruits-berries","15":"format-slim","16":"nicotine-13-mg-g","17":"nicotine-extra-strong","19":"first","20":"instock","21":"taxable","22":"shipping-taxable","23":"purchasable","24":"product-type-variable"},"acf":[],"_links":{"self":[{"href":"https:\/\/whitelip.com\/tr\/wp-json\/wp\/v2\/product\/8264","targetHints":{"allow":["GET"]}}],"collection":[{"href":"https:\/\/whitelip.com\/tr\/wp-json\/wp\/v2\/product"}],"about":[{"href":"https:\/\/whitelip.com\/tr\/wp-json\/wp\/v2\/types\/product"}],"replies":[{"embeddable":true,"href":"https:\/\/whitelip.com\/tr\/wp-json\/wp\/v2\/comments?post=8264"}],"wp:featuredmedia":[{"embeddable":true,"href":"https:\/\/whitelip.com\/tr\/wp-json\/wp\/v2\/media\/8265"}],"wp:attachment":[{"href":"https:\/\/whitelip.com\/tr\/wp-json\/wp\/v2\/media?parent=8264"}],"wp:term":[{"taxonomy":"product_brand","embeddable":true,"href":"https:\/\/whitelip.com\/tr\/wp-json\/wp\/v2\/product_brand?post=8264"},{"taxonomy":"product_cat","embeddable":true,"href":"https:\/\/whitelip.com\/tr\/wp-json\/wp\/v2\/product_cat?post=8264"},{"taxonomy":"product_tag","embeddable":true,"href":"https:\/\/whitelip.com\/tr\/wp-json\/wp\/v2\/product_tag?post=8264"},{"taxonomy":"flavours","embeddable":true,"href":"https:\/\/whitelip.com\/tr\/wp-json\/wp\/v2\/flavours?post=8264"},{"taxonomy":"format","embeddable":true,"href":"https:\/\/whitelip.com\/tr\/wp-json\/wp\/v2\/format?post=8264"},{"taxonomy":"nicotine","embeddable":true,"href":"https:\/\/whitelip.com\/tr\/wp-json\/wp\/v2\/nicotine?post=8264"}],"curies":[{"name":"wp","href":"https:\/\/api.w.org\/{rel}","templated":true}]}}