{"id":8262,"date":"2024-11-28T12:40:47","date_gmt":"2024-11-28T12:40:47","guid":{"rendered":"https:\/\/whitelip.com\/loop-habanero-mint-4\/"},"modified":"2026-05-06T10:11:12","modified_gmt":"2026-05-06T10:11:12","slug":"loop-habanero-mint-4","status":"publish","type":"product","link":"https:\/\/whitelip.com\/tr\/loop\/loop-habanero-mint-4\/","title":{"rendered":"LOOP Habanero Mint #4"},"content":{"rendered":"<h2><b>LOOP Habanero Mint #4<\/b><\/h2>\n<p><span style=\"font-weight: 400;\">LOOP Habanero Mint #4, ate\u015fli habanero \u0131s\u0131s\u0131 ve serinletici nane'nin cesur bir birle\u015fimini sunarak, benzersiz ve yo\u011fun bir nikotin deneyimi yarat\u0131r. Bu ince nikotin po\u015fular\u0131, g\u00fc\u00e7l\u00fc aromalar ile daha y\u00fcksek nikotin g\u00fcc\u00fcn\u00fc benzeri yapan kullan\u0131c\u0131lar i\u00e7in tasarlanm\u0131\u015ft\u0131r. Ayr\u0131k ve rahat kullan\u0131m i\u00e7in m\u00fckemmel olan, LOOP Habanero Mint #4, duda\u011f\u0131n alt\u0131na sorunsuzca oturur, \u0131s\u0131 ve so\u011fuklu\u011fun heyecan verici bir kar\u0131\u015f\u0131m\u0131n\u0131 arayan ve temiz, canland\u0131r\u0131c\u0131 bir se\u00e7enek sunarak endi\u015feyi rahatlat\u0131r.<\/span><\/p>\n<table>\n<tbody>\n<tr>\n<td><b>Attribute<\/b><\/td>\n<td><b>Ayr\u0131nt\u0131lar<\/b><\/td>\n<\/tr>\n<tr>\n<td><span style=\"font-weight: 400;\">Kutu Ba\u015f\u0131na \u0130\u00e7erik<\/span><\/td>\n<td><span style=\"font-weight: 400;\">12g (20 po\u015fet)<\/span><\/td>\n<\/tr>\n<tr>\n<td><span style=\"font-weight: 400;\">Nikotin \u0130\u00e7eri\u011fi<\/span><\/td>\n<td><span style=\"font-weight: 400;\">20 mg\/g<\/span><\/td>\n<\/tr>\n<tr>\n<td><span style=\"font-weight: 400;\">Po\u015fet Format\u0131<\/span><\/td>\n<td><span style=\"font-weight: 400;\">\u0130nce<\/span><\/td>\n<\/tr>\n<tr>\n<td><span style=\"font-weight: 400;\">\u00dcretici<\/span><\/td>\n<td>LOOP<\/td>\n<\/tr>\n<tr>\n<td><span style=\"font-weight: 400;\">Aroma<\/span><\/td>\n<td><span style=\"font-weight: 400;\">Habanero ve Nane<\/span><\/td>\n<\/tr>\n<tr>\n<td><span style=\"font-weight: 400;\">T\u00fcr<\/span><\/td>\n<td><span style=\"font-weight: 400;\">T\u00fcm beyaz po\u015fet, t\u00fct\u00fcns\u00fcz<\/span><\/td>\n<\/tr>\n<\/tbody>\n<\/table>","protected":false},"excerpt":{"rendered":"<p class=\"sr-only\"><span style=\"font-size: 16px;\">Ate\u015fli \u0131s\u0131n\u0131n cesur birle\u015fimi <\/span><strong style=\"font-size: 16px;\" data-start=\"21\" data-end=\"38\">habanero mint<\/strong><span style=\"font-size: 16px;\"> serinletici so\u011fukluk ile benzersiz, yo\u011fun bir y\u00fckseli\u015fi i\u00e7in. <\/span><strong style=\"font-size: 16px;\" data-start=\"97\" data-end=\"105\">\u0130nce<\/strong><span style=\"font-size: 16px;\">, t\u00fct\u00fcns\u00fcz po\u015flar temiz, canland\u0131r\u0131c\u0131 kullan\u0131m i\u00e7in duda\u011f\u0131n alt\u0131nda ayr\u0131k kal\u0131rlar. Y\u00fcksek g\u00fc\u00e7 arayanlar i\u00e7in uygun.<\/span><\/p>","protected":false},"featured_media":8263,"comment_status":"open","ping_status":"closed","template":"","format":[206],"meta":{"_acf_changed":false},"product_brand":[],"product_cat":[32],"product_tag":[16775,16521],"flavours":[187,190],"nicotine":[218,232],"class_list":{"0":"post-8262","1":"product","2":"type-product","3":"status-publish","4":"has-post-thumbnail","6":"product_cat-loop","7":"product_tag-12-5-mg-pouch","8":"product_tag-15-off","9":"pa_quantity-1-pack","10":"pa_quantity-10-pack","11":"pa_quantity-3-pack","12":"pa_quantity-30-pack","13":"pa_quantity-5-pack","14":"pa_quantity-60-pack","15":"flavours-chili","16":"flavours-citrus","17":"format-slim","18":"nicotine-20-mg-g","19":"nicotine-extra-strong","21":"first","22":"instock","23":"taxable","24":"shipping-taxable","25":"purchasable","26":"product-type-variable"},"acf":[],"_links":{"self":[{"href":"https:\/\/whitelip.com\/tr\/wp-json\/wp\/v2\/product\/8262","targetHints":{"allow":["GET"]}}],"collection":[{"href":"https:\/\/whitelip.com\/tr\/wp-json\/wp\/v2\/product"}],"about":[{"href":"https:\/\/whitelip.com\/tr\/wp-json\/wp\/v2\/types\/product"}],"replies":[{"embeddable":true,"href":"https:\/\/whitelip.com\/tr\/wp-json\/wp\/v2\/comments?post=8262"}],"wp:featuredmedia":[{"embeddable":true,"href":"https:\/\/whitelip.com\/tr\/wp-json\/wp\/v2\/media\/8263"}],"wp:attachment":[{"href":"https:\/\/whitelip.com\/tr\/wp-json\/wp\/v2\/media?parent=8262"}],"wp:term":[{"taxonomy":"product_brand","embeddable":true,"href":"https:\/\/whitelip.com\/tr\/wp-json\/wp\/v2\/product_brand?post=8262"},{"taxonomy":"product_cat","embeddable":true,"href":"https:\/\/whitelip.com\/tr\/wp-json\/wp\/v2\/product_cat?post=8262"},{"taxonomy":"product_tag","embeddable":true,"href":"https:\/\/whitelip.com\/tr\/wp-json\/wp\/v2\/product_tag?post=8262"},{"taxonomy":"flavours","embeddable":true,"href":"https:\/\/whitelip.com\/tr\/wp-json\/wp\/v2\/flavours?post=8262"},{"taxonomy":"format","embeddable":true,"href":"https:\/\/whitelip.com\/tr\/wp-json\/wp\/v2\/format?post=8262"},{"taxonomy":"nicotine","embeddable":true,"href":"https:\/\/whitelip.com\/tr\/wp-json\/wp\/v2\/nicotine?post=8262"}],"curies":[{"name":"wp","href":"https:\/\/api.w.org\/{rel}","templated":true}]}}