{"id":8256,"date":"2024-11-28T12:40:23","date_gmt":"2024-11-28T12:40:23","guid":{"rendered":"https:\/\/whitelip.com\/helwit-violet\/"},"modified":"2026-05-06T10:11:12","modified_gmt":"2026-05-06T10:11:12","slug":"helwit-violet","status":"publish","type":"product","link":"https:\/\/whitelip.com\/tr\/helwit\/helwit-violet\/","title":{"rendered":"HELWIT Menek\u015fe"},"content":{"rendered":"<h2><b>HELWIT Menek\u015fe<\/b><\/h2>\n<p><span style=\"font-weight: 400;\">HELWIT Violet nikotin po\u015fetleri benzersiz ve sofistike bir lezzet profili sunmakta, \u00e7i\u00e7eksi, tatl\u0131 ve hafif\u00e7e parf\u00fcml\u00fc menek\u015fe notalar\u0131n\u0131 birle\u015ftirmektedir. Bu iyi dengelenmi\u015f tat, geleneksel nane veya meyve lezzetlerine farkl\u0131 bir alternatif sa\u011flar. Her ince formatl\u0131 po\u015fet 3,5 mg nikotin i\u00e7erir, hafif fakat tatmin edici bir deneyim sa\u011fl\u0131yor. Po\u015fetler di\u015f boyamadan gizli kullan\u0131m i\u00e7in tasarlanm\u0131\u015ft\u0131r, hareket halinde kullan\u0131m i\u00e7in idealdir. Gransholm, \u0130sve\u00e7'te YOIK AB taraf\u0131ndan \u00fcretilen HELWIT, kendi kendine yeterli hidroelektrik g\u00fc\u00e7 ve \u00e7evre dostu \u00e7am ya\u011f\u0131 kaplar\u0131 kullanarak s\u00fcrd\u00fcr\u00fclebilirli\u011fi vurgulamaktad\u0131r.<\/span><\/p>\n<table>\n<tbody>\n<tr>\n<td><b>Attribute<\/b><\/td>\n<td><b>Ayr\u0131nt\u0131lar<\/b><\/td>\n<\/tr>\n<tr>\n<td><b>10g (20 po\u015fet)<\/b><\/td>\n<td><span style=\"font-weight: 400;\">Nikotin i\u00e7eri\u011fi<\/span><\/td>\n<\/tr>\n<tr>\n<td><b>Nikotin i\u00e7eri\u011fi<\/b><\/td>\n<td><span style=\"font-weight: 400;\">po\u015fet ba\u015f\u0131na 3,5 mg<\/span><\/td>\n<\/tr>\n<tr>\n<td><b>Po\u015fet format\u0131<\/b><\/td>\n<td><span style=\"font-weight: 400;\">\u0130nce<\/span><\/td>\n<\/tr>\n<tr>\n<td><b>\u00dcretici<\/b><\/td>\n<td><span style=\"font-weight: 400;\">YOIK AB<\/span><\/td>\n<\/tr>\n<tr>\n<td><b>Aroma<\/b><\/td>\n<td><span style=\"font-weight: 400;\">Menek\u015fe<\/span><\/td>\n<\/tr>\n<tr>\n<td><b>T\u00fcr<\/b><\/td>\n<td><span style=\"font-weight: 400;\">Tamamen beyaz po\u015fet<\/span><\/td>\n<\/tr>\n<\/tbody>\n<\/table>","protected":false},"excerpt":{"rendered":"<p>Benzersiz, sofistike <strong data-start=\"16\" data-end=\"26\">mor<\/strong> \u00e7i\u00e7eksi, tatl\u0131, hafif\u00e7e parf\u00fcml\u00fc notalarla. <strong data-start=\"72\" data-end=\"80\">\u0130nce<\/strong> po\u015fetler dudak alt\u0131nda g\u00f6r\u00fcnmez \u015fekilde oturur ve di\u015fleri lekelemez. Her po\u015fet i\u00e7erir <strong data-start=\"161\" data-end=\"180\">3,5 mg nikotin<\/strong>, hafif, tatmin edici bir deneyim sa\u011fl\u0131yor. YOIK AB taraf\u0131ndan Gransholm, \u0130sve\u00e7'te, kendi kendine yeterli hidroelektrik g\u00fc\u00e7 ve \u00e7evre dostu \u00e7am ya\u011f\u0131 kaplar\u0131 kullan\u0131larak \u00fcretilmi\u015ftir.<\/p>","protected":false},"featured_media":8257,"comment_status":"open","ping_status":"closed","template":"","format":[206],"meta":{"_acf_changed":false},"product_brand":[],"product_cat":[52],"product_tag":[16597],"flavours":[195],"nicotine":[229,235],"class_list":{"0":"post-8256","1":"product","2":"type-product","3":"status-publish","4":"has-post-thumbnail","6":"product_cat-helwit","7":"product_tag-3-5-mg-pouch","8":"pa_quantity-1-pack","9":"pa_quantity-10-pack","10":"pa_quantity-3-pack","11":"pa_quantity-30-pack","12":"pa_quantity-5-pack","13":"pa_quantity-60-pack","14":"flavours-flower","15":"format-slim","16":"nicotine-7-mg-g","17":"nicotine-normal","19":"first","20":"instock","21":"taxable","22":"shipping-taxable","23":"purchasable","24":"product-type-variable"},"acf":[],"_links":{"self":[{"href":"https:\/\/whitelip.com\/tr\/wp-json\/wp\/v2\/product\/8256","targetHints":{"allow":["GET"]}}],"collection":[{"href":"https:\/\/whitelip.com\/tr\/wp-json\/wp\/v2\/product"}],"about":[{"href":"https:\/\/whitelip.com\/tr\/wp-json\/wp\/v2\/types\/product"}],"replies":[{"embeddable":true,"href":"https:\/\/whitelip.com\/tr\/wp-json\/wp\/v2\/comments?post=8256"}],"wp:featuredmedia":[{"embeddable":true,"href":"https:\/\/whitelip.com\/tr\/wp-json\/wp\/v2\/media\/8257"}],"wp:attachment":[{"href":"https:\/\/whitelip.com\/tr\/wp-json\/wp\/v2\/media?parent=8256"}],"wp:term":[{"taxonomy":"product_brand","embeddable":true,"href":"https:\/\/whitelip.com\/tr\/wp-json\/wp\/v2\/product_brand?post=8256"},{"taxonomy":"product_cat","embeddable":true,"href":"https:\/\/whitelip.com\/tr\/wp-json\/wp\/v2\/product_cat?post=8256"},{"taxonomy":"product_tag","embeddable":true,"href":"https:\/\/whitelip.com\/tr\/wp-json\/wp\/v2\/product_tag?post=8256"},{"taxonomy":"flavours","embeddable":true,"href":"https:\/\/whitelip.com\/tr\/wp-json\/wp\/v2\/flavours?post=8256"},{"taxonomy":"format","embeddable":true,"href":"https:\/\/whitelip.com\/tr\/wp-json\/wp\/v2\/format?post=8256"},{"taxonomy":"nicotine","embeddable":true,"href":"https:\/\/whitelip.com\/tr\/wp-json\/wp\/v2\/nicotine?post=8256"}],"curies":[{"name":"wp","href":"https:\/\/api.w.org\/{rel}","templated":true}]}}