{"id":8248,"date":"2024-11-28T12:40:23","date_gmt":"2024-11-28T12:40:23","guid":{"rendered":"https:\/\/whitelip.com\/helwit-mocha\/"},"modified":"2026-05-06T15:36:53","modified_gmt":"2026-05-06T15:36:53","slug":"helwit-mocha","status":"publish","type":"product","link":"https:\/\/whitelip.com\/tr\/helwit\/helwit-mocha\/","title":{"rendered":"HELWIT Mocha"},"content":{"rendered":"<h2><b>HELWIT Mocha<\/b><\/h2>\n<p><span style=\"font-weight: 400;\">HELWIT Mocha nikotin po\u015fetleri, taze kavrulmu\u015f mocha kahvesinin lezzeti ile tatl\u0131 karamel ve \u00e7ikolata notalar\u0131n\u0131n ho\u015f bir kar\u0131\u015f\u0131m\u0131n\u0131 sunmaktad\u0131r. Her ince formatl\u0131 po\u015fet 1 grama kar\u015f\u0131l\u0131k 9 mg nikotin i\u00e7erir, bu da po\u015fet ba\u015f\u0131na yakla\u015f\u0131k 4,5 mg'a e\u015fittir ve d\u00fczenli kullan\u0131c\u0131lar i\u00e7in dengeli bir deneyim sa\u011flar. Po\u015fetler di\u015f boyamadan gizli kullan\u0131m i\u00e7in tasarlanm\u0131\u015ft\u0131r. \u0130sve\u00e7li \u00fcretici YOIK AB taraf\u0131ndan \u00fcretilen bu po\u015fetler, \u00e7a\u011fda\u015f y\u00f6ntemleri geleneksel kaliteyle harmanlayan ve y\u00fcksek standartlar ile yenilik\u00e7i lezzet kombinasyonlar\u0131n\u0131 \u00f6rnekleyen bir \u015firkettir.<\/span><\/p>\n<table>\n<tbody>\n<tr>\n<td><b>Attribute<\/b><\/td>\n<td><b>Ayr\u0131nt\u0131lar<\/b><\/td>\n<\/tr>\n<tr>\n<td><b>10g (20 po\u015fet)<\/b><\/td>\n<td><span style=\"font-weight: 400;\">Nikotin i\u00e7eri\u011fi<\/span><\/td>\n<\/tr>\n<tr>\n<td><b>Nikotin i\u00e7eri\u011fi<\/b><\/td>\n<td><span style=\"font-weight: 400;\">9 mg\/g (4,5 mg per po\u015fet)<\/span><\/td>\n<\/tr>\n<tr>\n<td><b>Po\u015fet format\u0131<\/b><\/td>\n<td><span style=\"font-weight: 400;\">\u0130nce<\/span><\/td>\n<\/tr>\n<tr>\n<td><b>\u00dcretici<\/b><\/td>\n<td><span style=\"font-weight: 400;\">YOIK AB<\/span><\/td>\n<\/tr>\n<tr>\n<td><b>Aroma<\/b><\/td>\n<td><span style=\"font-weight: 400;\">Mocha (kahve, karamel, \u00e7ikolata)<\/span><\/td>\n<\/tr>\n<tr>\n<td><b>T\u00fcr<\/b><\/td>\n<td><span style=\"font-weight: 400;\">Tamamen beyaz po\u015fet<\/span><\/td>\n<\/tr>\n<\/tbody>\n<\/table>","protected":false},"excerpt":{"rendered":"<p>Yeni kavrulmu\u015f <strong data-start=\"16\" data-end=\"25\">mocha<\/strong> p\u00fcr\u00fczs\u00fcz karamel ve \u00e7ikolata notalar\u0131yla kahve. <strong data-start=\"74\" data-end=\"82\">\u0130nce<\/strong>, t\u00fcm\u00fc beyaz, t\u00fct\u00fcns\u00fcz po\u015fetler duda\u011f\u0131n alt\u0131nda diskretle oturur ve di\u015fleri lekelendirmez. Her po\u015fet i\u00e7erir <strong data-start=\"188\" data-end=\"208\">~4,5 mg nikotin<\/strong> (<strong data-start=\"210\" data-end=\"220\">9 mg\/g<\/strong>), dengeli ve tatmin edici bir sal\u0131n\u0131m sa\u011fl\u0131yor.<\/p>","protected":false},"featured_media":8249,"comment_status":"open","ping_status":"closed","template":"","format":[206],"meta":{"_acf_changed":false},"product_brand":[],"product_cat":[52],"product_tag":[16595],"flavours":[192],"nicotine":[231,236],"class_list":{"0":"post-8248","1":"product","2":"type-product","3":"status-publish","4":"has-post-thumbnail","6":"product_cat-helwit","7":"product_tag-4-5-mg-pouch","8":"pa_quantity-1-pack","9":"pa_quantity-10-pack","10":"pa_quantity-3-pack","11":"pa_quantity-30-pack","12":"pa_quantity-5-pack","13":"pa_quantity-60-pack","14":"flavours-coffee","15":"format-slim","16":"nicotine-9-mg-g","17":"nicotine-strong","19":"first","20":"instock","21":"taxable","22":"shipping-taxable","23":"purchasable","24":"product-type-variable"},"acf":[],"_links":{"self":[{"href":"https:\/\/whitelip.com\/tr\/wp-json\/wp\/v2\/product\/8248","targetHints":{"allow":["GET"]}}],"collection":[{"href":"https:\/\/whitelip.com\/tr\/wp-json\/wp\/v2\/product"}],"about":[{"href":"https:\/\/whitelip.com\/tr\/wp-json\/wp\/v2\/types\/product"}],"replies":[{"embeddable":true,"href":"https:\/\/whitelip.com\/tr\/wp-json\/wp\/v2\/comments?post=8248"}],"wp:featuredmedia":[{"embeddable":true,"href":"https:\/\/whitelip.com\/tr\/wp-json\/wp\/v2\/media\/8249"}],"wp:attachment":[{"href":"https:\/\/whitelip.com\/tr\/wp-json\/wp\/v2\/media?parent=8248"}],"wp:term":[{"taxonomy":"product_brand","embeddable":true,"href":"https:\/\/whitelip.com\/tr\/wp-json\/wp\/v2\/product_brand?post=8248"},{"taxonomy":"product_cat","embeddable":true,"href":"https:\/\/whitelip.com\/tr\/wp-json\/wp\/v2\/product_cat?post=8248"},{"taxonomy":"product_tag","embeddable":true,"href":"https:\/\/whitelip.com\/tr\/wp-json\/wp\/v2\/product_tag?post=8248"},{"taxonomy":"flavours","embeddable":true,"href":"https:\/\/whitelip.com\/tr\/wp-json\/wp\/v2\/flavours?post=8248"},{"taxonomy":"format","embeddable":true,"href":"https:\/\/whitelip.com\/tr\/wp-json\/wp\/v2\/format?post=8248"},{"taxonomy":"nicotine","embeddable":true,"href":"https:\/\/whitelip.com\/tr\/wp-json\/wp\/v2\/nicotine?post=8248"}],"curies":[{"name":"wp","href":"https:\/\/api.w.org\/{rel}","templated":true}]}}