{"id":8244,"date":"2024-11-28T12:40:22","date_gmt":"2024-11-28T12:40:22","guid":{"rendered":"https:\/\/whitelip.com\/helwit-mint\/"},"modified":"2026-04-16T01:04:51","modified_gmt":"2026-04-16T01:04:51","slug":"helwit-mint","status":"publish","type":"product","link":"https:\/\/whitelip.com\/tr\/helwit\/helwit-mint\/","title":{"rendered":"HELWIT Mint"},"content":{"rendered":"<h2><b>HELWIT Mint<\/b><\/h2>\n<p><span style=\"font-weight: 400;\">HELWIT Mint nikotin po\u015fetleri, ferah ve dengeli bir mentol tad\u0131 sunmaktad\u0131r; tatl\u0131 ve taze notlar ho\u015f bir deneyim i\u00e7in birle\u015ftirmektedir. Her ince format po\u015fet gram ba\u015f\u0131na 7 mg nikotin i\u00e7erir, po\u015fet ba\u015f\u0131na yakla\u015f\u0131k 3,5 mg tutar\u0131nda; d\u00fczenli kullan\u0131c\u0131lar i\u00e7in uygun orta g\u00fc\u00e7 sa\u011flamaktad\u0131r. Po\u015fetler di\u015fleri boyamadan gizli kullan\u0131m i\u00e7in tasarlanm\u0131\u015ft\u0131r. \u0130sve\u00e7'te \u00fcretilen, \u00e7a\u011fda\u015f y\u00f6ntemleri geleneksel kalite ile harmanlamakla tan\u0131nan YOIK AB taraf\u0131ndan \u00fcretilen bu po\u015fetler, y\u00fcksek standartlar ve yenilik\u00e7i lezzet kombinasyonlar\u0131n\u0131n \u00f6rne\u011fidir.<\/span><\/p>\n<table>\n<tbody>\n<tr>\n<td><b>Attribute<\/b><\/td>\n<td><b>Ayr\u0131nt\u0131lar<\/b><\/td>\n<\/tr>\n<tr>\n<td><b>10g (20 po\u015fet)<\/b><\/td>\n<td><span style=\"font-weight: 400;\">Nikotin i\u00e7eri\u011fi<\/span><\/td>\n<\/tr>\n<tr>\n<td><b>Nikotin i\u00e7eri\u011fi<\/b><\/td>\n<td><span style=\"font-weight: 400;\">7 mg\/g (3,5 mg per po\u015fet)<\/span><\/td>\n<\/tr>\n<tr>\n<td><b>Po\u015fet format\u0131<\/b><\/td>\n<td><span style=\"font-weight: 400;\">\u0130nce<\/span><\/td>\n<\/tr>\n<tr>\n<td><b>\u00dcretici<\/b><\/td>\n<td><span style=\"font-weight: 400;\">YOIK AB<\/span><\/td>\n<\/tr>\n<tr>\n<td><b>Aroma<\/b><\/td>\n<td><span style=\"font-weight: 400;\">Nane<\/span><\/td>\n<\/tr>\n<tr>\n<td><b>T\u00fcr<\/b><\/td>\n<td><span style=\"font-weight: 400;\">Tamamen beyaz po\u015fet<\/span><\/td>\n<\/tr>\n<\/tbody>\n<\/table>","protected":false},"excerpt":{"rendered":"<p>Ferahlat\u0131c\u0131, dengeli <strong data-start=\"21\" data-end=\"29\">nane<\/strong> ho\u015f bir biti\u015f i\u00e7in tatl\u0131, taze notlar ile. <strong data-start=\"77\" data-end=\"85\">\u0130nce<\/strong>, t\u00fcm\u00fc beyaz, t\u00fct\u00fcns\u00fcz po\u015fetler duda\u011f\u0131n alt\u0131nda diskretle oturur ve di\u015fleri lekelendirmez. Her po\u015fet i\u00e7erir <strong data-start=\"191\" data-end=\"211\">~3,5 mg nikotin<\/strong> (<strong data-start=\"213\" data-end=\"223\">7 mg\/g<\/strong>), orta d\u00fczey, tatmin edici bir sal\u0131n\u0131m sa\u011flar.<\/p>","protected":false},"featured_media":8245,"comment_status":"open","ping_status":"closed","template":"","format":[206],"meta":{"_acf_changed":false},"product_brand":[],"product_cat":[52],"product_tag":[16597],"flavours":[199],"nicotine":[229,235],"class_list":{"0":"post-8244","1":"product","2":"type-product","3":"status-publish","4":"has-post-thumbnail","6":"product_cat-helwit","7":"product_tag-3-5-mg-pouch","8":"pa_quantity-1-pack","9":"pa_quantity-10-pack","10":"pa_quantity-3-pack","11":"pa_quantity-30-pack","12":"pa_quantity-5-pack","13":"pa_quantity-60-pack","14":"flavours-mint","15":"format-slim","16":"nicotine-7-mg-g","17":"nicotine-normal","19":"first","20":"instock","21":"taxable","22":"shipping-taxable","23":"purchasable","24":"product-type-variable"},"acf":[],"_links":{"self":[{"href":"https:\/\/whitelip.com\/tr\/wp-json\/wp\/v2\/product\/8244","targetHints":{"allow":["GET"]}}],"collection":[{"href":"https:\/\/whitelip.com\/tr\/wp-json\/wp\/v2\/product"}],"about":[{"href":"https:\/\/whitelip.com\/tr\/wp-json\/wp\/v2\/types\/product"}],"replies":[{"embeddable":true,"href":"https:\/\/whitelip.com\/tr\/wp-json\/wp\/v2\/comments?post=8244"}],"wp:featuredmedia":[{"embeddable":true,"href":"https:\/\/whitelip.com\/tr\/wp-json\/wp\/v2\/media\/8245"}],"wp:attachment":[{"href":"https:\/\/whitelip.com\/tr\/wp-json\/wp\/v2\/media?parent=8244"}],"wp:term":[{"taxonomy":"product_brand","embeddable":true,"href":"https:\/\/whitelip.com\/tr\/wp-json\/wp\/v2\/product_brand?post=8244"},{"taxonomy":"product_cat","embeddable":true,"href":"https:\/\/whitelip.com\/tr\/wp-json\/wp\/v2\/product_cat?post=8244"},{"taxonomy":"product_tag","embeddable":true,"href":"https:\/\/whitelip.com\/tr\/wp-json\/wp\/v2\/product_tag?post=8244"},{"taxonomy":"flavours","embeddable":true,"href":"https:\/\/whitelip.com\/tr\/wp-json\/wp\/v2\/flavours?post=8244"},{"taxonomy":"format","embeddable":true,"href":"https:\/\/whitelip.com\/tr\/wp-json\/wp\/v2\/format?post=8244"},{"taxonomy":"nicotine","embeddable":true,"href":"https:\/\/whitelip.com\/tr\/wp-json\/wp\/v2\/nicotine?post=8244"}],"curies":[{"name":"wp","href":"https:\/\/api.w.org\/{rel}","templated":true}]}}