{"id":8240,"date":"2024-12-20T19:39:04","date_gmt":"2024-12-20T19:39:04","guid":{"rendered":"https:\/\/whitelip.com\/velo-purple-grape\/"},"modified":"2026-05-06T20:48:55","modified_gmt":"2026-05-06T20:48:55","slug":"velo-purple-grape","status":"publish","type":"product","link":"https:\/\/whitelip.com\/tr\/velo\/velo-purple-grape\/","title":{"rendered":"VELO Purple Grape"},"content":{"rendered":"<h2><strong>VELO Purple Grape<\/strong><\/h2>\n<p><span style=\"font-weight: 400;\">VELO Purple Grape, k\u0131rm\u0131z\u0131 \u00fcz\u00fcmlerin tatl\u0131 ve hafif ek\u015fi \u00f6z\u00fcn\u00fc yakalayarak canl\u0131 ve meyveli bir nikotin deneyimi sunmaktad\u0131r. Bu ince, beyaz nikotin po\u015fetleri gizli ve rahat kullan\u0131m i\u00e7in tasarlanm\u0131\u015f olup, duda\u011f\u0131n alt\u0131na sorunsuz bir \u015fekilde uyum sa\u011flayarak g\u00f6zle g\u00f6r\u00fclmez kal\u0131r. Dengeli lezzet profili tatmin edici bir tat hissi sunarken, geleneksel \u00fcr\u00fcnlere lezzetli bir alternatif arayan ki\u015filer i\u00e7in m\u00fckemmel bir se\u00e7imdir. Po\u015fetler t\u00fct\u00fcns\u00fczd\u00fcr, y\u00fcksek kaliteli bitki liflerini kullan\u0131r ve nikotin ve lezzet'in tutarl\u0131 bir sal\u0131n\u0131m\u0131n\u0131 sunmak amac\u0131yla m\u00fchendislik tasar\u0131m\u0131yla yap\u0131lm\u0131\u015ft\u0131r. \u0130nce format minimum damlama ve rahat uyum sa\u011flayarak, yeni ve deneyimli kullan\u0131c\u0131lar\u0131n her ikisine de hitap ederek ferahlat\u0131c\u0131 ve keyifli bir nikotin po\u015feti aray\u0131\u015f\u0131n\u0131 kar\u015f\u0131lamaktad\u0131r.<\/span><\/p>\n<table>\n<tbody>\n<tr>\n<td><b>Attribute<\/b><\/td>\n<td><b>Ayr\u0131nt\u0131lar<\/b><\/td>\n<\/tr>\n<tr>\n<td><span style=\"font-weight: 400;\">Brand<\/span><\/td>\n<td><span style=\"font-weight: 400;\">VELO<\/span><\/td>\n<\/tr>\n<tr>\n<td><span style=\"font-weight: 400;\">\u00dcr\u00fcn T\u00fcr\u00fc<\/span><\/td>\n<td><span style=\"font-weight: 400;\">T\u00fcm Beyaz Nikotin Po\u015fetleri<\/span><\/td>\n<\/tr>\n<tr>\n<td><span style=\"font-weight: 400;\">Format<\/span><\/td>\n<td><span style=\"font-weight: 400;\">\u0130nce<\/span><\/td>\n<\/tr>\n<tr>\n<td><span style=\"font-weight: 400;\">Aroma<\/span><\/td>\n<td><span style=\"font-weight: 400;\">K\u0131rm\u0131z\u0131 \u00dcz\u00fcm<\/span><\/td>\n<\/tr>\n<tr>\n<td><span style=\"font-weight: 400;\">Nikotin G\u00fcc\u00fc<\/span><\/td>\n<td><span style=\"font-weight: 400;\">14 mg\/g (po\u015f ba\u015f\u0131na 10 mg)<\/span><\/td>\n<\/tr>\n<tr>\n<td><span style=\"font-weight: 400;\">K\u0131s\u0131m A\u011f\u0131rl\u0131\u011f\u0131<\/span><\/td>\n<td><span style=\"font-weight: 400;\">0,7 gram<\/span><\/td>\n<\/tr>\n<tr>\n<td><span style=\"font-weight: 400;\">K\u0131s\u0131m Say\u0131s\u0131<\/span><\/td>\n<td><span style=\"font-weight: 400;\">kutu ba\u015f\u0131na 20<\/span><\/td>\n<\/tr>\n<tr>\n<td><span style=\"font-weight: 400;\">Toplam Kutu A\u011f\u0131rl\u0131\u011f\u0131<\/span><\/td>\n<td><span style=\"font-weight: 400;\">14 gram<\/span><\/td>\n<\/tr>\n<tr>\n<td><span style=\"font-weight: 400;\">\u00dcretici<\/span><\/td>\n<td><span style=\"font-weight: 400;\">BAT<\/span><\/td>\n<\/tr>\n<tr>\n<td><span style=\"font-weight: 400;\">Dikkate De\u011fer \u00d6zellikler<\/span><\/td>\n<td><span style=\"font-weight: 400;\">T\u00fct\u00fcns\u00fcz, ayr\u0131k ince porsiyonlar, dengeli tatl\u0131 ve ek\u015fi tat<\/span><\/td>\n<\/tr>\n<\/tbody>\n<\/table>","protected":false},"excerpt":{"rendered":"<p>VELO Purple Grape nikotin po\u015fetleri canl\u0131, meyveli bir <strong data-start=\"61\" data-end=\"77\">Purple Grape<\/strong> tata sahip ve tatl\u0131, hafif ek\u015fi bir profile. <strong data-start=\"122\" data-end=\"130\">\u0130nce<\/strong>, ayr\u0131k ve konfortable kullan\u0131m i\u00e7in all-white format ve tutarl\u0131 sal\u0131n\u0131m. Her po\u015fet <strong data-start=\"225\" data-end=\"243\">, 77 Group'tan sabit orta g\u00fc\u00e7te bir deneyim sunar.<\/strong>.<\/p>","protected":false},"featured_media":8241,"comment_status":"open","ping_status":"closed","template":"","format":[206],"meta":{"_acf_changed":false},"product_brand":[],"product_cat":[48],"product_tag":[16587],"flavours":[196],"nicotine":[211,232],"class_list":{"0":"post-8240","1":"product","2":"type-product","3":"status-publish","4":"has-post-thumbnail","6":"product_cat-velo","7":"product_tag-10-mg-pouch","8":"pa_quantity-1-pack","9":"pa_quantity-10-pack","10":"pa_quantity-3-pack","11":"pa_quantity-30-pack","12":"pa_quantity-5-pack","13":"pa_quantity-60-pack","14":"flavours-fruits-berries","15":"format-slim","16":"nicotine-14-mg-g","17":"nicotine-extra-strong","19":"first","20":"instock","21":"taxable","22":"shipping-taxable","23":"purchasable","24":"product-type-variable"},"acf":[],"_links":{"self":[{"href":"https:\/\/whitelip.com\/tr\/wp-json\/wp\/v2\/product\/8240","targetHints":{"allow":["GET"]}}],"collection":[{"href":"https:\/\/whitelip.com\/tr\/wp-json\/wp\/v2\/product"}],"about":[{"href":"https:\/\/whitelip.com\/tr\/wp-json\/wp\/v2\/types\/product"}],"replies":[{"embeddable":true,"href":"https:\/\/whitelip.com\/tr\/wp-json\/wp\/v2\/comments?post=8240"}],"wp:featuredmedia":[{"embeddable":true,"href":"https:\/\/whitelip.com\/tr\/wp-json\/wp\/v2\/media\/8241"}],"wp:attachment":[{"href":"https:\/\/whitelip.com\/tr\/wp-json\/wp\/v2\/media?parent=8240"}],"wp:term":[{"taxonomy":"product_brand","embeddable":true,"href":"https:\/\/whitelip.com\/tr\/wp-json\/wp\/v2\/product_brand?post=8240"},{"taxonomy":"product_cat","embeddable":true,"href":"https:\/\/whitelip.com\/tr\/wp-json\/wp\/v2\/product_cat?post=8240"},{"taxonomy":"product_tag","embeddable":true,"href":"https:\/\/whitelip.com\/tr\/wp-json\/wp\/v2\/product_tag?post=8240"},{"taxonomy":"flavours","embeddable":true,"href":"https:\/\/whitelip.com\/tr\/wp-json\/wp\/v2\/flavours?post=8240"},{"taxonomy":"format","embeddable":true,"href":"https:\/\/whitelip.com\/tr\/wp-json\/wp\/v2\/format?post=8240"},{"taxonomy":"nicotine","embeddable":true,"href":"https:\/\/whitelip.com\/tr\/wp-json\/wp\/v2\/nicotine?post=8240"}],"curies":[{"name":"wp","href":"https:\/\/api.w.org\/{rel}","templated":true}]}}