{"id":8216,"date":"2024-11-28T12:39:36","date_gmt":"2024-11-28T12:39:36","guid":{"rendered":"https:\/\/whitelip.com\/killa-13\/"},"modified":"2026-03-06T20:48:12","modified_gmt":"2026-03-06T20:48:12","slug":"killa-13","status":"publish","type":"product","link":"https:\/\/whitelip.com\/tr\/killa\/killa-13\/","title":{"rendered":"KILLA 13"},"content":{"rendered":"<h2><b>KILLA 13<\/b><\/h2>\n<p><span style=\"font-weight: 400;\">KILLA 13 nikotin po\u015fetleri dinamik enerji i\u00e7ece\u011fi esinli tat sunarak ferah ve canland\u0131r\u0131c\u0131 bir deneyim sa\u011flar. G\u00fc\u00e7l\u00fc nikotin vuru\u015fu arayan kullan\u0131c\u0131lar i\u00e7in tasarlanm\u0131\u015f bu t\u00fct\u00fcns\u00fcz po\u015fetler, geleneksel nikotin \u00fcr\u00fcnlerine gizli ve uygun bir alternatif sa\u011flar. \u0130nce format duda\u011f\u0131n alt\u0131nda rahat bir uyum sa\u011flar, herhangi bir zaman ve yerde kullan\u0131m\u0131 m\u00fcmk\u00fcn k\u0131lar. KILLA 13, benzersiz tad\u0131 ve potent etkisi ile \u00f6ne \u00e7\u0131karak nikotin po\u015feti merakl\u0131lar\u0131 aras\u0131nda pop\u00fcler bir se\u00e7imdir.<\/span><\/p>\n<table>\n<tbody>\n<tr>\n<td><b>Attribute<\/b><\/td>\n<td><b>Ayr\u0131nt\u0131lar<\/b><\/td>\n<\/tr>\n<tr>\n<td><span style=\"font-weight: 400;\">Kutu Ba\u015f\u0131na \u0130\u00e7erik<\/span><\/td>\n<td><span style=\"font-weight: 400;\">14g (20 paket)<\/span><\/td>\n<\/tr>\n<tr>\n<td><span style=\"font-weight: 400;\">Nikotin \u0130\u00e7eri\u011fi<\/span><\/td>\n<td><span style=\"font-weight: 400;\">16 mg\/g (po\u015fet ba\u015f\u0131na 11,2 mg)<\/span><\/td>\n<\/tr>\n<tr>\n<td><span style=\"font-weight: 400;\">Po\u015fet Format\u0131<\/span><\/td>\n<td><span style=\"font-weight: 400;\">\u0130nce<\/span><\/td>\n<\/tr>\n<tr>\n<td><span style=\"font-weight: 400;\">\u00dcretici<\/span><\/td>\n<td><span style=\"font-weight: 400;\">NGP Empire<\/span><\/td>\n<\/tr>\n<tr>\n<td><span style=\"font-weight: 400;\">Aroma<\/span><\/td>\n<td><span style=\"font-weight: 400;\">Enerji \u0130\u00e7ece\u011fi<\/span><\/td>\n<\/tr>\n<tr>\n<td><span style=\"font-weight: 400;\">T\u00fcr<\/span><\/td>\n<td><span style=\"font-weight: 400;\">T\u00fcm beyaz po\u015fet, t\u00fct\u00fcns\u00fcz<\/span><\/td>\n<\/tr>\n<\/tbody>\n<\/table>","protected":false},"excerpt":{"rendered":"<p>Dinamik <strong data-start=\"8\" data-end=\"24\">enerji i\u00e7ece\u011fi<\/strong> lezzet ferah, canland\u0131r\u0131c\u0131 bir y\u00fckseli\u015fle. <strong data-start=\"70\" data-end=\"78\">\u0130nce<\/strong>, t\u00fct\u00fcns\u00fcz po\u015fetler herhangi bir zaman uygun kullan\u0131m i\u00e7in duda\u011f\u0131n alt\u0131nda gizli oturur. Her po\u015fet i\u00e7erir <strong data-start=\"178\" data-end=\"198\">11.2 mg nikotin<\/strong>, g\u00fc\u00e7l\u00fc, enerji verici bir deneyim benzersiz, cesur bir tadla sunarak.<\/p>","protected":false},"featured_media":8217,"comment_status":"open","ping_status":"closed","template":"","format":[206],"meta":{"_acf_changed":false},"product_brand":[],"product_cat":[64],"product_tag":[16577],"flavours":[194],"nicotine":[213,232],"class_list":{"0":"post-8216","1":"product","2":"type-product","3":"status-publish","4":"has-post-thumbnail","6":"product_cat-killa","7":"product_tag-11-2-mg-pouch","8":"pa_quantity-1-pack","9":"pa_quantity-10-pack","10":"pa_quantity-3-pack","11":"pa_quantity-30-pack","12":"pa_quantity-5-pack","13":"pa_quantity-60-pack","14":"flavours-energy-drink","15":"format-slim","16":"nicotine-16-mg-g","17":"nicotine-extra-strong","19":"first","20":"outofstock","21":"taxable","22":"shipping-taxable","23":"purchasable","24":"product-type-variable"},"acf":[],"_links":{"self":[{"href":"https:\/\/whitelip.com\/tr\/wp-json\/wp\/v2\/product\/8216","targetHints":{"allow":["GET"]}}],"collection":[{"href":"https:\/\/whitelip.com\/tr\/wp-json\/wp\/v2\/product"}],"about":[{"href":"https:\/\/whitelip.com\/tr\/wp-json\/wp\/v2\/types\/product"}],"replies":[{"embeddable":true,"href":"https:\/\/whitelip.com\/tr\/wp-json\/wp\/v2\/comments?post=8216"}],"wp:featuredmedia":[{"embeddable":true,"href":"https:\/\/whitelip.com\/tr\/wp-json\/wp\/v2\/media\/8217"}],"wp:attachment":[{"href":"https:\/\/whitelip.com\/tr\/wp-json\/wp\/v2\/media?parent=8216"}],"wp:term":[{"taxonomy":"product_brand","embeddable":true,"href":"https:\/\/whitelip.com\/tr\/wp-json\/wp\/v2\/product_brand?post=8216"},{"taxonomy":"product_cat","embeddable":true,"href":"https:\/\/whitelip.com\/tr\/wp-json\/wp\/v2\/product_cat?post=8216"},{"taxonomy":"product_tag","embeddable":true,"href":"https:\/\/whitelip.com\/tr\/wp-json\/wp\/v2\/product_tag?post=8216"},{"taxonomy":"flavours","embeddable":true,"href":"https:\/\/whitelip.com\/tr\/wp-json\/wp\/v2\/flavours?post=8216"},{"taxonomy":"format","embeddable":true,"href":"https:\/\/whitelip.com\/tr\/wp-json\/wp\/v2\/format?post=8216"},{"taxonomy":"nicotine","embeddable":true,"href":"https:\/\/whitelip.com\/tr\/wp-json\/wp\/v2\/nicotine?post=8216"}],"curies":[{"name":"wp","href":"https:\/\/api.w.org\/{rel}","templated":true}]}}