{"id":8206,"date":"2024-11-28T12:39:13","date_gmt":"2024-11-28T12:39:13","guid":{"rendered":"https:\/\/whitelip.com\/cuba-white-blueberry\/"},"modified":"2026-05-06T10:11:34","modified_gmt":"2026-05-06T10:11:34","slug":"cuba-white-blueberry","status":"publish","type":"product","link":"https:\/\/whitelip.com\/tr\/cuba\/cuba-white-blueberry\/","title":{"rendered":"CUBA White Blueberry"},"content":{"rendered":"<h2><b>CUBA White Blueberry<\/b><\/h2>\n<p><span style=\"font-weight: 400;\">CUBA White Blueberry nikotin po\u015fetleri, blueberry aromas\u0131n\u0131 po\u015fet ba\u015f\u0131na 16 mg nikotin g\u00fcc\u00fcyle birle\u015ftirerek, d\u00fczenli kullan\u0131c\u0131lar i\u00e7in tatmin edici bir deneyim sunmaktad\u0131r. Her kutu 20 dar formatl\u0131 po\u015fet i\u00e7ermekte olup, di\u015fleri bozmadan gizli kullan\u0131m i\u00e7in tasarlanm\u0131\u015ft\u0131r. \u00c7a\u011fda\u015f y\u00f6ntemleri geleneksel kaliteyle birle\u015ftirmesiyle bilinen Polonyal\u0131 \u00fcretici CUBA taraf\u0131ndan \u00fcretilen bu po\u015fetler y\u00fcksek standartlar ve yenilik\u00e7i tat kombinasyonlar\u0131n\u0131n \u00f6rne\u011fidir.<\/span><\/p>\n<table>\n<tbody>\n<tr>\n<td><b>Attribute<\/b><\/td>\n<td><b>Ayr\u0131nt\u0131lar<\/b><\/td>\n<\/tr>\n<tr>\n<td><b>10g (20 po\u015fet)<\/b><\/td>\n<td><span style=\"font-weight: 400;\">13g (20 po\u015fet)<\/span><\/td>\n<\/tr>\n<tr>\n<td><b>Nikotin i\u00e7eri\u011fi<\/b><\/td>\n<td><span style=\"font-weight: 400;\">16 mg\/g (po\u015fet ba\u015f\u0131na 16 mg)<\/span><\/td>\n<\/tr>\n<tr>\n<td><b>Po\u015fet format\u0131<\/b><\/td>\n<td><span style=\"font-weight: 400;\">\u0130nce<\/span><\/td>\n<\/tr>\n<tr>\n<td><b>\u00dcretici<\/b><\/td>\n<td><span style=\"font-weight: 400;\">CUBA<\/span><\/td>\n<\/tr>\n<tr>\n<td><b>Aroma<\/b><\/td>\n<td><span style=\"font-weight: 400;\">Mirtil<\/span><\/td>\n<\/tr>\n<tr>\n<td><b>T\u00fcr<\/b><\/td>\n<td><span style=\"font-weight: 400;\">Tamamen beyaz po\u015fet<\/span><\/td>\n<\/tr>\n<\/tbody>\n<\/table>","protected":false},"excerpt":{"rendered":"<p>Ho\u015f <strong data-start=\"11\" data-end=\"24\">mirtil<\/strong> temiz, meyveli bir biti\u015fle. <strong data-start=\"58\" data-end=\"73\">dar format<\/strong> po\u015fetler duda\u011f\u0131n alt\u0131nda gizli ve rahat bir \u015fekilde oturur, di\u015fleri bozmaz ve hareket halindeyken kullan\u0131labilir. Her po\u015fet <strong data-start=\"180\" data-end=\"208\">po\u015fet ba\u015f\u0131na 16 mg nikotin<\/strong>, CUBA'dan kutu ba\u015f\u0131na 20 po\u015fet olmak \u00fczere.<\/p>","protected":false},"featured_media":8207,"comment_status":"open","ping_status":"closed","template":"","format":[206],"meta":{"_acf_changed":false},"product_brand":[],"product_cat":[46],"product_tag":[16569],"flavours":[196],"nicotine":[213,232],"class_list":{"0":"post-8206","1":"product","2":"type-product","3":"status-publish","4":"has-post-thumbnail","6":"product_cat-cuba","7":"product_tag-16-mg-pouch","8":"pa_quantity-1-pack","9":"pa_quantity-10-pack","10":"pa_quantity-3-pack","11":"pa_quantity-30-pack","12":"pa_quantity-5-pack","13":"pa_quantity-60-pack","14":"flavours-fruits-berries","15":"format-slim","16":"nicotine-16-mg-g","17":"nicotine-extra-strong","19":"first","20":"outofstock","21":"taxable","22":"shipping-taxable","23":"purchasable","24":"product-type-variable"},"acf":[],"_links":{"self":[{"href":"https:\/\/whitelip.com\/tr\/wp-json\/wp\/v2\/product\/8206","targetHints":{"allow":["GET"]}}],"collection":[{"href":"https:\/\/whitelip.com\/tr\/wp-json\/wp\/v2\/product"}],"about":[{"href":"https:\/\/whitelip.com\/tr\/wp-json\/wp\/v2\/types\/product"}],"replies":[{"embeddable":true,"href":"https:\/\/whitelip.com\/tr\/wp-json\/wp\/v2\/comments?post=8206"}],"wp:featuredmedia":[{"embeddable":true,"href":"https:\/\/whitelip.com\/tr\/wp-json\/wp\/v2\/media\/8207"}],"wp:attachment":[{"href":"https:\/\/whitelip.com\/tr\/wp-json\/wp\/v2\/media?parent=8206"}],"wp:term":[{"taxonomy":"product_brand","embeddable":true,"href":"https:\/\/whitelip.com\/tr\/wp-json\/wp\/v2\/product_brand?post=8206"},{"taxonomy":"product_cat","embeddable":true,"href":"https:\/\/whitelip.com\/tr\/wp-json\/wp\/v2\/product_cat?post=8206"},{"taxonomy":"product_tag","embeddable":true,"href":"https:\/\/whitelip.com\/tr\/wp-json\/wp\/v2\/product_tag?post=8206"},{"taxonomy":"flavours","embeddable":true,"href":"https:\/\/whitelip.com\/tr\/wp-json\/wp\/v2\/flavours?post=8206"},{"taxonomy":"format","embeddable":true,"href":"https:\/\/whitelip.com\/tr\/wp-json\/wp\/v2\/format?post=8206"},{"taxonomy":"nicotine","embeddable":true,"href":"https:\/\/whitelip.com\/tr\/wp-json\/wp\/v2\/nicotine?post=8206"}],"curies":[{"name":"wp","href":"https:\/\/api.w.org\/{rel}","templated":true}]}}