{"id":8194,"date":"2024-11-28T12:39:12","date_gmt":"2024-11-28T12:39:12","guid":{"rendered":"https:\/\/whitelip.com\/helwit-blueberry\/"},"modified":"2026-05-06T10:11:34","modified_gmt":"2026-05-06T10:11:34","slug":"helwit-blueberry","status":"publish","type":"product","link":"https:\/\/whitelip.com\/tr\/helwit\/helwit-blueberry\/","title":{"rendered":"HELWIT Mirtille"},"content":{"rendered":"<h2><b>HELWIT Mirtille<\/b><\/h2>\n<p><span style=\"font-weight: 400;\">HELWIT Blueberry nikotin po\u015fetleri, sakin bir orman gezisini hat\u0131rlat\u0131yor tatl\u0131 ve taze yaban mersini tatlar\u0131n\u0131n ho\u015f bir kar\u0131\u015f\u0131m\u0131 sunar. Her ince format po\u015fet gram ba\u015f\u0131na 9 mg nikotin i\u00e7erir, normal kullan\u0131c\u0131lar i\u00e7in uygun dengeli bir deneyim sa\u011flar. Po\u015fetler di\u015fleri lekelendirmeden diskreet kullan\u0131m i\u00e7in tasarlanm\u0131\u015ft\u0131r ve hareket halindeyken keyif almak i\u00e7in idealdir. \u0130sve\u00e7'li \u00fcretici YOIK AB taraf\u0131ndan \u00fcretilen, \u00e7a\u011fda\u015f y\u00f6ntemleri geleneksel kalite ile birle\u015ftirmesiyle bilinir, bu po\u015fetler y\u00fcksek standartlar\u0131 ve yenilik\u00e7i tat kombinasyonlar\u0131n\u0131 \u00f6rneklendirir.<\/span><\/p>\n<table>\n<tbody>\n<tr>\n<td><b>Attribute<\/b><\/td>\n<td><b>Ayr\u0131nt\u0131lar<\/b><\/td>\n<\/tr>\n<tr>\n<td><b>10g (20 po\u015fet)<\/b><\/td>\n<td><span style=\"font-weight: 400;\">Nikotin i\u00e7eri\u011fi<\/span><\/td>\n<\/tr>\n<tr>\n<td><b>Nikotin i\u00e7eri\u011fi<\/b><\/td>\n<td><span style=\"font-weight: 400;\">9 mg\/g (4,5 mg per po\u015fet)<\/span><\/td>\n<\/tr>\n<tr>\n<td><b>Po\u015fet format\u0131<\/b><\/td>\n<td><span style=\"font-weight: 400;\">\u0130nce<\/span><\/td>\n<\/tr>\n<tr>\n<td><b>\u00dcretici<\/b><\/td>\n<td><span style=\"font-weight: 400;\">YOIK AB<\/span><\/td>\n<\/tr>\n<tr>\n<td><b>Aroma<\/b><\/td>\n<td><span style=\"font-weight: 400;\">Mirtil<\/span><\/td>\n<\/tr>\n<tr>\n<td><b>T\u00fcr<\/b><\/td>\n<td><span style=\"font-weight: 400;\">Tamamen beyaz po\u015fet<\/span><\/td>\n<\/tr>\n<\/tbody>\n<\/table>","protected":false},"excerpt":{"rendered":"<p>Tatl\u0131, taze <strong data-start=\"13\" data-end=\"26\">mirtil<\/strong> sakin bir orman gezisini hat\u0131rlat\u0131yor. <strong data-start=\"66\" data-end=\"74\">\u0130nce<\/strong>, t\u00fcm\u00fc beyaz, t\u00fct\u00fcns\u00fcz po\u015fetler duda\u011f\u0131n alt\u0131nda diskretle oturur ve di\u015fleri lekelendirmez. Her po\u015fet i\u00e7erir <strong data-start=\"180\" data-end=\"199\">9 mg\/g nikotin<\/strong>, dengeli, tatmin edici bir sal\u0131n\u0131m sa\u011flar.<\/p>","protected":false},"featured_media":8195,"comment_status":"open","ping_status":"closed","template":"","format":[206],"meta":{"_acf_changed":false},"product_brand":[],"product_cat":[52],"product_tag":[16595],"flavours":[196],"nicotine":[231,236],"class_list":{"0":"post-8194","1":"product","2":"type-product","3":"status-publish","4":"has-post-thumbnail","6":"product_cat-helwit","7":"product_tag-4-5-mg-pouch","8":"pa_quantity-1-pack","9":"pa_quantity-10-pack","10":"pa_quantity-3-pack","11":"pa_quantity-30-pack","12":"pa_quantity-5-pack","13":"pa_quantity-60-pack","14":"flavours-fruits-berries","15":"format-slim","16":"nicotine-9-mg-g","17":"nicotine-strong","19":"first","20":"instock","21":"taxable","22":"shipping-taxable","23":"purchasable","24":"product-type-variable"},"acf":[],"_links":{"self":[{"href":"https:\/\/whitelip.com\/tr\/wp-json\/wp\/v2\/product\/8194","targetHints":{"allow":["GET"]}}],"collection":[{"href":"https:\/\/whitelip.com\/tr\/wp-json\/wp\/v2\/product"}],"about":[{"href":"https:\/\/whitelip.com\/tr\/wp-json\/wp\/v2\/types\/product"}],"replies":[{"embeddable":true,"href":"https:\/\/whitelip.com\/tr\/wp-json\/wp\/v2\/comments?post=8194"}],"wp:featuredmedia":[{"embeddable":true,"href":"https:\/\/whitelip.com\/tr\/wp-json\/wp\/v2\/media\/8195"}],"wp:attachment":[{"href":"https:\/\/whitelip.com\/tr\/wp-json\/wp\/v2\/media?parent=8194"}],"wp:term":[{"taxonomy":"product_brand","embeddable":true,"href":"https:\/\/whitelip.com\/tr\/wp-json\/wp\/v2\/product_brand?post=8194"},{"taxonomy":"product_cat","embeddable":true,"href":"https:\/\/whitelip.com\/tr\/wp-json\/wp\/v2\/product_cat?post=8194"},{"taxonomy":"product_tag","embeddable":true,"href":"https:\/\/whitelip.com\/tr\/wp-json\/wp\/v2\/product_tag?post=8194"},{"taxonomy":"flavours","embeddable":true,"href":"https:\/\/whitelip.com\/tr\/wp-json\/wp\/v2\/flavours?post=8194"},{"taxonomy":"format","embeddable":true,"href":"https:\/\/whitelip.com\/tr\/wp-json\/wp\/v2\/format?post=8194"},{"taxonomy":"nicotine","embeddable":true,"href":"https:\/\/whitelip.com\/tr\/wp-json\/wp\/v2\/nicotine?post=8194"}],"curies":[{"name":"wp","href":"https:\/\/api.w.org\/{rel}","templated":true}]}}