{"id":8178,"date":"2024-11-28T12:38:49","date_gmt":"2024-11-28T12:38:49","guid":{"rendered":"https:\/\/whitelip.com\/killa-pineapple\/"},"modified":"2026-03-06T21:08:47","modified_gmt":"2026-03-06T21:08:47","slug":"killa-pineapple","status":"publish","type":"product","link":"https:\/\/whitelip.com\/tr\/killa\/killa-pineapple\/","title":{"rendered":"KILLA Pineapple"},"content":{"rendered":"<h2><b>KILLA Pineapple<\/b><\/h2>\n<p><span style=\"font-weight: 400;\">KILLA Ananas nikotin po\u015fetleri canl\u0131 ve tropik bir deneyim sunarak, olgun, sucu f\u0131\u015fk\u0131ran ananaslar\u0131n \u00f6z\u00fcn\u00fc tatl\u0131l\u0131k ve asitli\u011fin uyumlu bir dengesiyle yakalar. Bu serinletici tat profili kullan\u0131c\u0131lara tropik bir cennete ho\u015f bir ka\u00e7\u0131\u015f sunarak her kullan\u0131m\u0131 zevkli bir yolculuk yapar. Sa\u011flam nikotin darbesi arayan ki\u015filer i\u00e7in tasarlanan bu t\u00fct\u00fcns\u00fcz po\u015fetler gizli ve uygun bir deneyim sa\u011flar. \u0130n\u00e7e format duda\u011f\u0131n alt\u0131na rahat bir oturu\u015f sa\u011flar ve dikkat \u00e7ekmeksizin her zaman, her yerde kullan\u0131m olana\u011f\u0131 verir. KILLA Ananas, egzotik tatlar\u0131 tatmin edici nikotin g\u00fcc\u00fcyle birle\u015ftiren kullan\u0131c\u0131lar i\u00e7in m\u00fckemmel bir se\u00e7imdir.<\/span><\/p>\n<table>\n<tbody>\n<tr>\n<td><b>Attribute<\/b><\/td>\n<td><b>Ayr\u0131nt\u0131lar<\/b><\/td>\n<\/tr>\n<tr>\n<td><span style=\"font-weight: 400;\">Kutu Ba\u015f\u0131na \u0130\u00e7erik<\/span><\/td>\n<td><span style=\"font-weight: 400;\">14g (20 paket)<\/span><\/td>\n<\/tr>\n<tr>\n<td><span style=\"font-weight: 400;\">Nikotin \u0130\u00e7eri\u011fi<\/span><\/td>\n<td><span style=\"font-weight: 400;\">16 mg\/g (po\u015fet ba\u015f\u0131na 11,2 mg)<\/span><\/td>\n<\/tr>\n<tr>\n<td><span style=\"font-weight: 400;\">Po\u015fet Format\u0131<\/span><\/td>\n<td><span style=\"font-weight: 400;\">\u0130nce<\/span><\/td>\n<\/tr>\n<tr>\n<td><span style=\"font-weight: 400;\">\u00dcretici<\/span><\/td>\n<td><span style=\"font-weight: 400;\">NGP Empire<\/span><\/td>\n<\/tr>\n<tr>\n<td><span style=\"font-weight: 400;\">Aroma<\/span><\/td>\n<td><span style=\"font-weight: 400;\">Ananas<\/span><\/td>\n<\/tr>\n<tr>\n<td><span style=\"font-weight: 400;\">T\u00fcr<\/span><\/td>\n<td><span style=\"font-weight: 400;\">T\u00fcm beyaz po\u015fet, t\u00fct\u00fcns\u00fcz<\/span><\/td>\n<\/tr>\n<\/tbody>\n<\/table>","protected":false},"excerpt":{"rendered":"<p>Canl\u0131, tropikal <strong data-start=\"18\" data-end=\"31\">ananas<\/strong> dengeli tatl\u0131l\u0131k ve asitlilkle. <strong data-start=\"69\" data-end=\"77\">\u0130nce<\/strong>, t\u00fct\u00fcns\u00fcz po\u015fetler duda\u011f\u0131n alt\u0131nda gizli kalarak istedi\u011finiz zaman kullan\u0131labilir. Her po\u015fet i\u00e7erir <strong data-start=\"177\" data-end=\"197\">11.2 mg nikotin<\/strong>, tatmin edici, sa\u011flam bir deneyim sunar.<\/p>","protected":false},"featured_media":8179,"comment_status":"open","ping_status":"closed","template":"","format":[206],"meta":{"_acf_changed":false},"product_brand":[],"product_cat":[64],"product_tag":[16577],"flavours":[196],"nicotine":[213,232],"class_list":{"0":"post-8178","1":"product","2":"type-product","3":"status-publish","4":"has-post-thumbnail","6":"product_cat-killa","7":"product_tag-11-2-mg-pouch","8":"pa_quantity-1-pack","9":"pa_quantity-10-pack","10":"pa_quantity-3-pack","11":"pa_quantity-30-pack","12":"pa_quantity-5-pack","13":"pa_quantity-60-pack","14":"flavours-fruits-berries","15":"format-slim","16":"nicotine-16-mg-g","17":"nicotine-extra-strong","19":"first","20":"outofstock","21":"taxable","22":"shipping-taxable","23":"purchasable","24":"product-type-variable"},"acf":[],"_links":{"self":[{"href":"https:\/\/whitelip.com\/tr\/wp-json\/wp\/v2\/product\/8178","targetHints":{"allow":["GET"]}}],"collection":[{"href":"https:\/\/whitelip.com\/tr\/wp-json\/wp\/v2\/product"}],"about":[{"href":"https:\/\/whitelip.com\/tr\/wp-json\/wp\/v2\/types\/product"}],"replies":[{"embeddable":true,"href":"https:\/\/whitelip.com\/tr\/wp-json\/wp\/v2\/comments?post=8178"}],"wp:featuredmedia":[{"embeddable":true,"href":"https:\/\/whitelip.com\/tr\/wp-json\/wp\/v2\/media\/8179"}],"wp:attachment":[{"href":"https:\/\/whitelip.com\/tr\/wp-json\/wp\/v2\/media?parent=8178"}],"wp:term":[{"taxonomy":"product_brand","embeddable":true,"href":"https:\/\/whitelip.com\/tr\/wp-json\/wp\/v2\/product_brand?post=8178"},{"taxonomy":"product_cat","embeddable":true,"href":"https:\/\/whitelip.com\/tr\/wp-json\/wp\/v2\/product_cat?post=8178"},{"taxonomy":"product_tag","embeddable":true,"href":"https:\/\/whitelip.com\/tr\/wp-json\/wp\/v2\/product_tag?post=8178"},{"taxonomy":"flavours","embeddable":true,"href":"https:\/\/whitelip.com\/tr\/wp-json\/wp\/v2\/flavours?post=8178"},{"taxonomy":"format","embeddable":true,"href":"https:\/\/whitelip.com\/tr\/wp-json\/wp\/v2\/format?post=8178"},{"taxonomy":"nicotine","embeddable":true,"href":"https:\/\/whitelip.com\/tr\/wp-json\/wp\/v2\/nicotine?post=8178"}],"curies":[{"name":"wp","href":"https:\/\/api.w.org\/{rel}","templated":true}]}}