{"id":8170,"date":"2024-11-28T12:38:49","date_gmt":"2024-11-28T12:38:49","guid":{"rendered":"https:\/\/whitelip.com\/pablo-mini-ice-cold\/"},"modified":"2026-04-15T15:28:06","modified_gmt":"2026-04-15T15:28:06","slug":"pablo-mini-ice-cold","status":"publish","type":"product","link":"https:\/\/whitelip.com\/tr\/pablo\/pablo-mini-ice-cold\/","title":{"rendered":"PABLO Mini Ice Cold"},"content":{"rendered":"<h2><b>PABLO Mini Ice Cold<\/b><\/h2>\n<p><span style=\"font-weight: 400;\">PABLO Mini Ice Cold nikotin po\u015fetleri kompakt ve gizli bir formatta g\u00fc\u00e7l\u00fc buzlu nane aromas\u0131 sunmaktad\u0131r. Daha k\u00fc\u00e7\u00fck boyutlerine ra\u011fmen bu t\u00fct\u00fcns\u00fcz po\u015fetler yo\u011fun nikotin g\u00fcc\u00fcne sahiptir ve g\u00fc\u00e7l\u00fc ve ferah bir se\u00e7enek arayan deneyimli kullan\u0131c\u0131lar i\u00e7in idealdir. Maksimum konfor i\u00e7in tasarlanan PABLO Mini Ice Cold, duda\u011f\u0131n alt\u0131na kolayca s\u0131\u011far ve aroma ve nikotin a\u00e7\u0131s\u0131ndan tutarl\u0131 ve temiz bir sal\u0131n\u0131m sa\u011flar.<\/span><\/p>\n<table>\n<tbody>\n<tr>\n<td><b>Attribute<\/b><\/td>\n<td><b>Ayr\u0131nt\u0131lar<\/b><\/td>\n<\/tr>\n<tr>\n<td><span style=\"font-weight: 400;\">Kutu Ba\u015f\u0131na \u0130\u00e7erik<\/span><\/td>\n<td><span style=\"font-weight: 400;\">15g (30 po\u015fet)<\/span><\/td>\n<\/tr>\n<tr>\n<td><span style=\"font-weight: 400;\">Nikotin \u0130\u00e7eri\u011fi<\/span><\/td>\n<td><span style=\"font-weight: 400;\">30 mg\/g (po\u015fet ba\u015f\u0131na 15 mg)<\/span><\/td>\n<\/tr>\n<tr>\n<td><span style=\"font-weight: 400;\">Po\u015fet Format\u0131<\/span><\/td>\n<td><span style=\"font-weight: 400;\">Mini<\/span><\/td>\n<\/tr>\n<tr>\n<td><span style=\"font-weight: 400;\">\u00dcretici<\/span><\/td>\n<td><span style=\"font-weight: 400;\">N.G.P Empire<\/span><\/td>\n<\/tr>\n<tr>\n<td><span style=\"font-weight: 400;\">Aroma<\/span><\/td>\n<td><span style=\"font-weight: 400;\">Buzlu Nane<\/span><\/td>\n<\/tr>\n<tr>\n<td><span style=\"font-weight: 400;\">T\u00fcr<\/span><\/td>\n<td><span style=\"font-weight: 400;\">T\u00fcm beyaz po\u015fet, t\u00fct\u00fcns\u00fcz<\/span><\/td>\n<\/tr>\n<\/tbody>\n<\/table>","protected":false},"excerpt":{"rendered":"<p>PABLO Mini Ice Cold nikotin po\u015fetleri g\u00fc\u00e7l\u00fc, buzlu <strong data-start=\"61\" data-end=\"78\">Buzlu Nane<\/strong> aromas\u0131n\u0131 kompakt, gizli mini formatta sunmaktad\u0131r. T\u00fct\u00fcns\u00fcz ve duda\u011f\u0131n alt\u0131nda rahat olan temiz, tutarl\u0131 sal\u0131n\u0131m. Her po\u015fet i\u00e7erir <strong>1<\/strong><strong data-start=\"218\" data-end=\"236\">5 mg nikotin<\/strong>.<\/p>","protected":false},"featured_media":8171,"comment_status":"open","ping_status":"closed","template":"","format":[205],"meta":{"_acf_changed":false},"product_brand":[],"product_cat":[44],"product_tag":[16571],"flavours":[199],"nicotine":[221,233],"class_list":{"0":"post-8170","1":"product","2":"type-product","3":"status-publish","4":"has-post-thumbnail","6":"product_cat-pablo","7":"product_tag-15-mg-pouch","8":"pa_quantity-1-pack","9":"pa_quantity-10-pack","10":"pa_quantity-3-pack","11":"pa_quantity-30-pack","12":"pa_quantity-5-pack","13":"pa_quantity-60-pack","14":"flavours-mint","15":"format-mini","16":"nicotine-30-mg-g","17":"nicotine-extreme","19":"first","20":"instock","21":"taxable","22":"shipping-taxable","23":"purchasable","24":"product-type-variable"},"acf":[],"_links":{"self":[{"href":"https:\/\/whitelip.com\/tr\/wp-json\/wp\/v2\/product\/8170","targetHints":{"allow":["GET"]}}],"collection":[{"href":"https:\/\/whitelip.com\/tr\/wp-json\/wp\/v2\/product"}],"about":[{"href":"https:\/\/whitelip.com\/tr\/wp-json\/wp\/v2\/types\/product"}],"replies":[{"embeddable":true,"href":"https:\/\/whitelip.com\/tr\/wp-json\/wp\/v2\/comments?post=8170"}],"wp:featuredmedia":[{"embeddable":true,"href":"https:\/\/whitelip.com\/tr\/wp-json\/wp\/v2\/media\/8171"}],"wp:attachment":[{"href":"https:\/\/whitelip.com\/tr\/wp-json\/wp\/v2\/media?parent=8170"}],"wp:term":[{"taxonomy":"product_brand","embeddable":true,"href":"https:\/\/whitelip.com\/tr\/wp-json\/wp\/v2\/product_brand?post=8170"},{"taxonomy":"product_cat","embeddable":true,"href":"https:\/\/whitelip.com\/tr\/wp-json\/wp\/v2\/product_cat?post=8170"},{"taxonomy":"product_tag","embeddable":true,"href":"https:\/\/whitelip.com\/tr\/wp-json\/wp\/v2\/product_tag?post=8170"},{"taxonomy":"flavours","embeddable":true,"href":"https:\/\/whitelip.com\/tr\/wp-json\/wp\/v2\/flavours?post=8170"},{"taxonomy":"format","embeddable":true,"href":"https:\/\/whitelip.com\/tr\/wp-json\/wp\/v2\/format?post=8170"},{"taxonomy":"nicotine","embeddable":true,"href":"https:\/\/whitelip.com\/tr\/wp-json\/wp\/v2\/nicotine?post=8170"}],"curies":[{"name":"wp","href":"https:\/\/api.w.org\/{rel}","templated":true}]}}