{"id":8164,"date":"2024-11-28T12:38:26","date_gmt":"2024-11-28T12:38:26","guid":{"rendered":"https:\/\/whitelip.com\/pablo-ice-cold-xxl\/"},"modified":"2026-05-06T10:11:11","modified_gmt":"2026-05-06T10:11:11","slug":"pablo-ice-cold-xxl","status":"publish","type":"product","link":"https:\/\/whitelip.com\/tr\/pablo\/pablo-ice-cold-xxl\/","title":{"rendered":"PABLO Ice Cold XXL"},"content":{"rendered":"<h2><b>PABLO Ice Cold XXL<\/b><\/h2>\n<p><span style=\"font-weight: 400;\">PABLO Ice Cold XXL nikotin po\u015fetleri, klasik versiyonla ayn\u0131 yo\u011fun ve ferah buzlu nane aromas\u0131n\u0131 sunar ancak uzun s\u00fcreli kullan\u0131m i\u00e7in ekstra b\u00fcy\u00fck bir kutuda gelir. Son derece y\u00fcksek nikotin g\u00fcc\u00fc ile bu ince, t\u00fct\u00fcns\u00fcz po\u015fetler g\u00fc\u00e7l\u00fc ve canland\u0131r\u0131c\u0131 nikotin deneyimi arayan deneyimli kullan\u0131c\u0131lar i\u00e7in tasarlanm\u0131\u015ft\u0131r. PABLO Ice Cold XXL, duda\u011f\u0131n alt\u0131nda gizli ve rahat kullan\u0131m\u0131 korurken aroma ve nikotin a\u00e7\u0131s\u0131ndan temiz ve tutarl\u0131 bir sal\u0131n\u0131m sunar.<\/span><\/p>\n<table>\n<tbody>\n<tr>\n<td><b>Attribute<\/b><\/td>\n<td><b>Ayr\u0131nt\u0131lar<\/b><\/td>\n<\/tr>\n<tr>\n<td><span style=\"font-weight: 400;\">Kutu Ba\u015f\u0131na \u0130\u00e7erik<\/span><\/td>\n<td><span style=\"font-weight: 400;\">24g (30 po\u015fet)<\/span><\/td>\n<\/tr>\n<tr>\n<td><span style=\"font-weight: 400;\">Nikotin \u0130\u00e7eri\u011fi<\/span><\/td>\n<td><span style=\"font-weight: 400;\">30 mg\/g (po\u015fet ba\u015f\u0131na 24 mg)<\/span><\/td>\n<\/tr>\n<tr>\n<td><span style=\"font-weight: 400;\">Po\u015fet Format\u0131<\/span><\/td>\n<td><span style=\"font-weight: 400;\">\u0130nce<\/span><\/td>\n<\/tr>\n<tr>\n<td><span style=\"font-weight: 400;\">\u00dcretici<\/span><\/td>\n<td><span style=\"font-weight: 400;\">N.G.P Empire<\/span><\/td>\n<\/tr>\n<tr>\n<td><span style=\"font-weight: 400;\">Aroma<\/span><\/td>\n<td><span style=\"font-weight: 400;\">Buzlu Nane<\/span><\/td>\n<\/tr>\n<tr>\n<td><span style=\"font-weight: 400;\">T\u00fcr<\/span><\/td>\n<td><span style=\"font-weight: 400;\">T\u00fcm beyaz po\u015fet, t\u00fct\u00fcns\u00fcz<\/span><\/td>\n<\/tr>\n<\/tbody>\n<\/table>","protected":false},"excerpt":{"rendered":"<p>PABLO Ice Cold XXL nikotin po\u015fetleri yo\u011fun, ferah <strong data-start=\"67\" data-end=\"84\">Buzlu Nane<\/strong> aromas\u0131n\u0131 ekstra b\u00fcy\u00fck bir kutuda sunar. <strong data-start=\"115\" data-end=\"123\">\u0130nce<\/strong>, gizli ve rahat kullan\u0131m i\u00e7in t\u00fct\u00fcns\u00fcz format ve temiz, tutarl\u0131 sal\u0131n\u0131m. Her po\u015fet i\u00e7erir <strong data-start=\"229\" data-end=\"249\">24 mg nikotin<\/strong>.<\/p>","protected":false},"featured_media":8165,"comment_status":"open","ping_status":"closed","template":"","format":[206],"meta":{"_acf_changed":false},"product_brand":[],"product_cat":[44],"product_tag":[16998],"flavours":[199],"nicotine":[221,233],"class_list":{"0":"post-8164","1":"product","2":"type-product","3":"status-publish","4":"has-post-thumbnail","6":"product_cat-pablo","7":"product_tag-24-mg-pouch","8":"pa_quantity-1-pack","9":"pa_quantity-10-pack","10":"pa_quantity-3-pack","11":"pa_quantity-30-pack","12":"pa_quantity-5-pack","13":"pa_quantity-60-pack","14":"flavours-mint","15":"format-slim","16":"nicotine-30-mg-g","17":"nicotine-extreme","19":"first","20":"instock","21":"taxable","22":"shipping-taxable","23":"purchasable","24":"product-type-variable"},"acf":[],"_links":{"self":[{"href":"https:\/\/whitelip.com\/tr\/wp-json\/wp\/v2\/product\/8164","targetHints":{"allow":["GET"]}}],"collection":[{"href":"https:\/\/whitelip.com\/tr\/wp-json\/wp\/v2\/product"}],"about":[{"href":"https:\/\/whitelip.com\/tr\/wp-json\/wp\/v2\/types\/product"}],"replies":[{"embeddable":true,"href":"https:\/\/whitelip.com\/tr\/wp-json\/wp\/v2\/comments?post=8164"}],"wp:featuredmedia":[{"embeddable":true,"href":"https:\/\/whitelip.com\/tr\/wp-json\/wp\/v2\/media\/8165"}],"wp:attachment":[{"href":"https:\/\/whitelip.com\/tr\/wp-json\/wp\/v2\/media?parent=8164"}],"wp:term":[{"taxonomy":"product_brand","embeddable":true,"href":"https:\/\/whitelip.com\/tr\/wp-json\/wp\/v2\/product_brand?post=8164"},{"taxonomy":"product_cat","embeddable":true,"href":"https:\/\/whitelip.com\/tr\/wp-json\/wp\/v2\/product_cat?post=8164"},{"taxonomy":"product_tag","embeddable":true,"href":"https:\/\/whitelip.com\/tr\/wp-json\/wp\/v2\/product_tag?post=8164"},{"taxonomy":"flavours","embeddable":true,"href":"https:\/\/whitelip.com\/tr\/wp-json\/wp\/v2\/flavours?post=8164"},{"taxonomy":"format","embeddable":true,"href":"https:\/\/whitelip.com\/tr\/wp-json\/wp\/v2\/format?post=8164"},{"taxonomy":"nicotine","embeddable":true,"href":"https:\/\/whitelip.com\/tr\/wp-json\/wp\/v2\/nicotine?post=8164"}],"curies":[{"name":"wp","href":"https:\/\/api.w.org\/{rel}","templated":true}]}}