{"id":8156,"date":"2024-11-28T12:38:26","date_gmt":"2024-11-28T12:38:26","guid":{"rendered":"https:\/\/whitelip.com\/lundgrens-rimfrost-stark\/"},"modified":"2026-03-06T20:49:39","modified_gmt":"2026-03-06T20:49:39","slug":"lundgrens-rimfrost-stark","status":"publish","type":"product","link":"https:\/\/whitelip.com\/tr\/lundgrens\/lundgrens-rimfrost-stark\/","title":{"rendered":"LUNDGRENS Rimfrost Stark"},"content":{"rendered":"<h2><b>LUNDGRENS Rimfrost Stark<\/b><\/h2>\n<p><span style=\"font-weight: 400;\">LUNDGRENS Rimfrost Stark nikotin po\u015fetleri, so\u011fuk nane tad\u0131n\u0131n g\u00fc\u00e7l\u00fc bir patlamas\u0131n\u0131 sunarak, yo\u011fun ve tazeleyici bir deneyim sa\u011flar. Bu ince, tamamen beyaz po\u015fetler, duda\u011f\u0131n alt\u0131na gizli ve rahat bir uyum i\u00e7in tasarlanm\u0131\u015ft\u0131r ve temiz, tatmin edici bir aroma ve nikotin sal\u0131n\u0131m\u0131 sunar. Daha y\u00fcksek nikotin g\u00fcc\u00fc ile LUNDGRENS Rimfrost Stark, so\u011fuk minty tad\u0131 ile g\u00fc\u00e7l\u00fc ve canland\u0131r\u0131c\u0131 bir his arayan kullan\u0131c\u0131lar i\u00e7in m\u00fckemmeldir.<\/span><\/p>\n<table>\n<tbody>\n<tr>\n<td><b>Attribute<\/b><\/td>\n<td><b>Ayr\u0131nt\u0131lar<\/b><\/td>\n<\/tr>\n<tr>\n<td><span style=\"font-weight: 400;\">Kutu Ba\u015f\u0131na \u0130\u00e7erik<\/span><\/td>\n<td><span style=\"font-weight: 400;\">21.6g<\/span><\/td>\n<\/tr>\n<tr>\n<td><span style=\"font-weight: 400;\">Nikotin \u0130\u00e7eri\u011fi<\/span><\/td>\n<td><span style=\"font-weight: 400;\">14 mg\/g (po\u015fet ba\u015f\u0131na 11.2 mg)<\/span><\/td>\n<\/tr>\n<tr>\n<td><span style=\"font-weight: 400;\">Po\u015fet Format\u0131<\/span><\/td>\n<td><span style=\"font-weight: 400;\">\u0130nce<\/span><\/td>\n<\/tr>\n<tr>\n<td><span style=\"font-weight: 400;\">\u00dcretici<\/span><\/td>\n<td><span style=\"font-weight: 400;\">Fiedler &amp; Lundgren<\/span><\/td>\n<\/tr>\n<tr>\n<td><span style=\"font-weight: 400;\">Aroma<\/span><\/td>\n<td><span style=\"font-weight: 400;\">Icy Mint<\/span><\/td>\n<\/tr>\n<tr>\n<td><span style=\"font-weight: 400;\">T\u00fcr<\/span><\/td>\n<td><span style=\"font-weight: 400;\">T\u00fcm beyaz po\u015fet, t\u00fct\u00fcns\u00fcz<\/span><\/td>\n<\/tr>\n<\/tbody>\n<\/table>","protected":false},"excerpt":{"rendered":"<p>Lundgrens Rimfrost Stark <strong data-start=\"25\" data-end=\"37\">so\u011fuk nane<\/strong> g\u00fc\u00e7l\u00fc, tazeleyici bir profil sunmaktad\u0131r. <strong>\u0130nce<\/strong>, tamamen beyaz po\u015fetler duda\u011f\u0131n alt\u0131nda gizli bir \u015fekilde oturur, temiz, rahat bir kullan\u0131m ve tatmin edici bir aroma ve nikotin sal\u0131n\u0131m\u0131 sa\u011flar. Daha y\u00fcksek nikotin g\u00fcc\u00fc, so\u011fuk minty tad\u0131 ile g\u00fc\u00e7l\u00fc, canland\u0131r\u0131c\u0131 bir his arayan kullan\u0131c\u0131lara uygun d\u00fc\u015fer.<\/p>","protected":false},"featured_media":8157,"comment_status":"open","ping_status":"closed","template":"","format":[204],"meta":{"_acf_changed":false},"product_brand":[],"product_cat":[59],"product_tag":[16577],"flavours":[199],"nicotine":[213,232],"class_list":{"0":"post-8156","1":"product","2":"type-product","3":"status-publish","4":"has-post-thumbnail","6":"product_cat-lundgrens","7":"product_tag-11-2-mg-pouch","8":"pa_quantity-1-pack","9":"pa_quantity-10-pack","10":"pa_quantity-3-pack","11":"pa_quantity-30-pack","12":"pa_quantity-5-pack","13":"pa_quantity-60-pack","14":"flavours-mint","15":"format-large","16":"nicotine-16-mg-g","17":"nicotine-extra-strong","19":"first","20":"outofstock","21":"taxable","22":"shipping-taxable","23":"purchasable","24":"product-type-variable"},"acf":[],"_links":{"self":[{"href":"https:\/\/whitelip.com\/tr\/wp-json\/wp\/v2\/product\/8156","targetHints":{"allow":["GET"]}}],"collection":[{"href":"https:\/\/whitelip.com\/tr\/wp-json\/wp\/v2\/product"}],"about":[{"href":"https:\/\/whitelip.com\/tr\/wp-json\/wp\/v2\/types\/product"}],"replies":[{"embeddable":true,"href":"https:\/\/whitelip.com\/tr\/wp-json\/wp\/v2\/comments?post=8156"}],"wp:featuredmedia":[{"embeddable":true,"href":"https:\/\/whitelip.com\/tr\/wp-json\/wp\/v2\/media\/8157"}],"wp:attachment":[{"href":"https:\/\/whitelip.com\/tr\/wp-json\/wp\/v2\/media?parent=8156"}],"wp:term":[{"taxonomy":"product_brand","embeddable":true,"href":"https:\/\/whitelip.com\/tr\/wp-json\/wp\/v2\/product_brand?post=8156"},{"taxonomy":"product_cat","embeddable":true,"href":"https:\/\/whitelip.com\/tr\/wp-json\/wp\/v2\/product_cat?post=8156"},{"taxonomy":"product_tag","embeddable":true,"href":"https:\/\/whitelip.com\/tr\/wp-json\/wp\/v2\/product_tag?post=8156"},{"taxonomy":"flavours","embeddable":true,"href":"https:\/\/whitelip.com\/tr\/wp-json\/wp\/v2\/flavours?post=8156"},{"taxonomy":"format","embeddable":true,"href":"https:\/\/whitelip.com\/tr\/wp-json\/wp\/v2\/format?post=8156"},{"taxonomy":"nicotine","embeddable":true,"href":"https:\/\/whitelip.com\/tr\/wp-json\/wp\/v2\/nicotine?post=8156"}],"curies":[{"name":"wp","href":"https:\/\/api.w.org\/{rel}","templated":true}]}}