{"id":8152,"date":"2024-11-28T12:38:26","date_gmt":"2024-11-28T12:38:26","guid":{"rendered":"https:\/\/whitelip.com\/killa-cola\/"},"modified":"2026-04-13T17:37:18","modified_gmt":"2026-04-13T17:37:18","slug":"killa-cola","status":"publish","type":"product","link":"https:\/\/whitelip.com\/tr\/killa\/killa-cola\/","title":{"rendered":"KILLA Cola"},"content":{"rendered":"<h2><b>KILLA Cola<\/b><\/h2>\n<p><span style=\"font-weight: 400;\">KILLA Cola nikotin po\u015fetleri, kolan\u0131n klasik, k\u00f6p\u00fckl\u00fc tad\u0131n\u0131 sunarak tatl\u0131 ve hafif asidik bir aromay\u0131 ikonik me\u015frubat hat\u0131rlatacak \u015fekilde sunur. G\u00fc\u00e7l\u00fc bir nikotin deneyimi arayan kullan\u0131c\u0131lar i\u00e7in tasarlanan bu t\u00fct\u00fcns\u00fcz po\u015fetler, geleneksel nikotin \u00fcr\u00fcnlerine tatmin edici bir alternatif sa\u011flar. \u0130nce format, duda\u011f\u0131n alt\u0131nda uygun ve rahat bir uyum sa\u011flayarak her yerde kullan\u0131m i\u00e7in uygun olur. KILLA Cola, benzersiz aroma profili ve potent nikotin i\u00e7eri\u011fi ile \u00f6ne \u00e7\u0131karak, nikotin po\u015feti merakl\u0131lar\u0131 aras\u0131nda pop\u00fcler bir se\u00e7im haline gelmi\u015ftir.<\/span><\/p>\n<table>\n<tbody>\n<tr>\n<td><b>Attribute<\/b><\/td>\n<td><b>Ayr\u0131nt\u0131lar<\/b><\/td>\n<\/tr>\n<tr>\n<td><span style=\"font-weight: 400;\">Kutu Ba\u015f\u0131na \u0130\u00e7erik<\/span><\/td>\n<td><span style=\"font-weight: 400;\">14g (20 paket)<\/span><\/td>\n<\/tr>\n<tr>\n<td><span style=\"font-weight: 400;\">Nikotin \u0130\u00e7eri\u011fi<\/span><\/td>\n<td><span style=\"font-weight: 400;\">16 mg\/g (pouch ba\u015f\u0131na 13,2 mg)<\/span><\/td>\n<\/tr>\n<tr>\n<td><span style=\"font-weight: 400;\">Po\u015fet Format\u0131<\/span><\/td>\n<td><span style=\"font-weight: 400;\">\u0130nce<\/span><\/td>\n<\/tr>\n<tr>\n<td><span style=\"font-weight: 400;\">\u00dcretici<\/span><\/td>\n<td><span style=\"font-weight: 400;\">N.G.P. Empire<\/span><\/td>\n<\/tr>\n<tr>\n<td><span style=\"font-weight: 400;\">Aroma<\/span><\/td>\n<td><span style=\"font-weight: 400;\">Kola<\/span><\/td>\n<\/tr>\n<tr>\n<td><span style=\"font-weight: 400;\">T\u00fcr<\/span><\/td>\n<td><span style=\"font-weight: 400;\">T\u00fcm beyaz po\u015fet, t\u00fct\u00fcns\u00fcz<\/span><\/td>\n<\/tr>\n<\/tbody>\n<\/table>","protected":false},"excerpt":{"rendered":"<p>Klasik, k\u00f6p\u00fckl\u00fc <strong data-start=\"22\" data-end=\"30\">cola<\/strong> tatl\u0131, hafif asidik kola vibeleriyle. <strong data-start=\"70\" data-end=\"78\">\u0130nce<\/strong>, t\u00fct\u00fcns\u00fcz po\u015fetler her yerde kullan\u0131m i\u00e7in duda\u011f\u0131n alt\u0131nda gizli bir \u015fekilde oturur. Her po\u015fet i\u00e7erir <strong data-start=\"179\" data-end=\"199\">11.2 mg nikotin<\/strong>, g\u00fc\u00e7l\u00fc, tatmin edici bir y\u00fckseltme sunar.<\/p>","protected":false},"featured_media":8153,"comment_status":"open","ping_status":"closed","template":"","format":[206],"meta":{"_acf_changed":false},"product_brand":[],"product_cat":[64],"product_tag":[16693],"flavours":[193],"nicotine":[213,232],"class_list":{"0":"post-8152","1":"product","2":"type-product","3":"status-publish","4":"has-post-thumbnail","6":"product_cat-killa","7":"product_tag-13-2-mg-pouch","8":"pa_quantity-1-pack","9":"pa_quantity-10-pack","10":"pa_quantity-3-pack","11":"pa_quantity-30-pack","12":"pa_quantity-5-pack","13":"pa_quantity-60-pack","14":"flavours-cola","15":"format-slim","16":"nicotine-16-mg-g","17":"nicotine-extra-strong","19":"first","20":"instock","21":"taxable","22":"shipping-taxable","23":"purchasable","24":"product-type-variable"},"acf":[],"_links":{"self":[{"href":"https:\/\/whitelip.com\/tr\/wp-json\/wp\/v2\/product\/8152","targetHints":{"allow":["GET"]}}],"collection":[{"href":"https:\/\/whitelip.com\/tr\/wp-json\/wp\/v2\/product"}],"about":[{"href":"https:\/\/whitelip.com\/tr\/wp-json\/wp\/v2\/types\/product"}],"replies":[{"embeddable":true,"href":"https:\/\/whitelip.com\/tr\/wp-json\/wp\/v2\/comments?post=8152"}],"wp:featuredmedia":[{"embeddable":true,"href":"https:\/\/whitelip.com\/tr\/wp-json\/wp\/v2\/media\/8153"}],"wp:attachment":[{"href":"https:\/\/whitelip.com\/tr\/wp-json\/wp\/v2\/media?parent=8152"}],"wp:term":[{"taxonomy":"product_brand","embeddable":true,"href":"https:\/\/whitelip.com\/tr\/wp-json\/wp\/v2\/product_brand?post=8152"},{"taxonomy":"product_cat","embeddable":true,"href":"https:\/\/whitelip.com\/tr\/wp-json\/wp\/v2\/product_cat?post=8152"},{"taxonomy":"product_tag","embeddable":true,"href":"https:\/\/whitelip.com\/tr\/wp-json\/wp\/v2\/product_tag?post=8152"},{"taxonomy":"flavours","embeddable":true,"href":"https:\/\/whitelip.com\/tr\/wp-json\/wp\/v2\/flavours?post=8152"},{"taxonomy":"format","embeddable":true,"href":"https:\/\/whitelip.com\/tr\/wp-json\/wp\/v2\/format?post=8152"},{"taxonomy":"nicotine","embeddable":true,"href":"https:\/\/whitelip.com\/tr\/wp-json\/wp\/v2\/nicotine?post=8152"}],"curies":[{"name":"wp","href":"https:\/\/api.w.org\/{rel}","templated":true}]}}