{"id":8138,"date":"2024-11-28T12:38:03","date_gmt":"2024-11-28T12:38:03","guid":{"rendered":"https:\/\/whitelip.com\/lundgrens-ang\/"},"modified":"2026-05-06T10:11:35","modified_gmt":"2026-05-06T10:11:35","slug":"lundgrens-ang","status":"publish","type":"product","link":"https:\/\/whitelip.com\/tr\/lundgrens\/lundgrens-ang\/","title":{"rendered":"LUNDGRENS \u00c4ng"},"content":{"rendered":"<h2><b>LUNDGRENS \u00c4ng<\/b><\/h2>\n<p><span style=\"font-weight: 400;\">LUNDGRENS \u00c4ng nikotin po\u015fetleri, \u0130sve\u00e7 \u00e7ay\u0131rlar\u0131ndan esinlenen taze ve \u00e7i\u00e7ekli bir lezzet sunuyor ve e\u015fsiz, aromatik bir deneyim sa\u011fl\u0131yor. Bu ince, t\u00fcm\u00fc beyaz po\u015fetler duda\u011f\u0131n alt\u0131nda gizli ve rahat bir \u015fekilde oturarak tat ve nikotin serbest b\u0131rakmada temizlik sa\u011flar. Hafif fakat canland\u0131r\u0131c\u0131 bir his arayan ki\u015filer i\u00e7in m\u00fckemmel olan LUNDGRENS \u00c4ng, di\u015f boyamadan do\u011fal ve dengeli nikotin sa\u011flanmas\u0131 i\u00e7in tasarlanm\u0131\u015ft\u0131r.<\/span><\/p>\n<table>\n<tbody>\n<tr>\n<td><b>Attribute<\/b><\/td>\n<td><b>Ayr\u0131nt\u0131lar<\/b><\/td>\n<\/tr>\n<tr>\n<td><span style=\"font-weight: 400;\">Kutu Ba\u015f\u0131na \u0130\u00e7erik<\/span><\/td>\n<td><span style=\"font-weight: 400;\">21.6g<\/span><\/td>\n<\/tr>\n<tr>\n<td><span style=\"font-weight: 400;\">Nikotin \u0130\u00e7eri\u011fi<\/span><\/td>\n<td><span style=\"font-weight: 400;\">10 mg\/g (po\u015fet ba\u015f\u0131na 8 mg)<\/span><\/td>\n<\/tr>\n<tr>\n<td><span style=\"font-weight: 400;\">Po\u015fet Format\u0131<\/span><\/td>\n<td><span style=\"font-weight: 400;\">\u0130nce<\/span><\/td>\n<\/tr>\n<tr>\n<td><span style=\"font-weight: 400;\">\u00dcretici<\/span><\/td>\n<td><span style=\"font-weight: 400;\">Fiedler &amp; Lundgren<\/span><\/td>\n<\/tr>\n<tr>\n<td><span style=\"font-weight: 400;\">Aroma<\/span><\/td>\n<td><span style=\"font-weight: 400;\">\u00c7i\u00e7ekli ve Taze<\/span><\/td>\n<\/tr>\n<tr>\n<td><span style=\"font-weight: 400;\">T\u00fcr<\/span><\/td>\n<td><span style=\"font-weight: 400;\">T\u00fcm beyaz po\u015fet, t\u00fct\u00fcns\u00fcz<\/span><\/td>\n<\/tr>\n<\/tbody>\n<\/table>","protected":false},"excerpt":{"rendered":"<p>Lundgrens \u00c4ng <strong data-start=\"14\" data-end=\"44\">taze, \u00e7i\u00e7ekli \u00e7ay\u0131r notalar\u0131<\/strong> e\u015fsiz, aromatik bir deneyim sunar. <strong data-start=\"88\" data-end=\"107\">tamamen beyaz po\u015fetler duda\u011f\u0131n alt\u0131nda gizli ve rahat bir \u015fekilde oturur, leke olmadan istedi\u011finiz zaman kullan\u0131labilir. Her po\u015fet i\u00e7erir<\/strong> t\u00fcm\u00fc beyaz po\u015fetler duda\u011f\u0131n alt\u0131nda gizli bir \u015fekilde oturur, temiz, rahat kullan\u0131m sa\u011flar ve di\u015f boyamadan do\u011fal, dengeli nikotin serbest b\u0131rak\u0131lmas\u0131n\u0131 sa\u011flar. Hafif, canland\u0131r\u0131c\u0131 bir his arayan ki\u015filer i\u00e7in idealdir.<\/p>","protected":false},"featured_media":2968,"comment_status":"open","ping_status":"closed","template":"","format":[204],"meta":{"_acf_changed":false},"product_brand":[],"product_cat":[59],"product_tag":[16583],"flavours":[196],"nicotine":[207,236],"class_list":{"0":"post-8138","1":"product","2":"type-product","3":"status-publish","4":"has-post-thumbnail","6":"product_cat-lundgrens","7":"product_tag-8-mg-pouch","8":"pa_quantity-1-pack","9":"pa_quantity-10-pack","10":"pa_quantity-3-pack","11":"pa_quantity-30-pack","12":"pa_quantity-5-pack","13":"pa_quantity-60-pack","14":"flavours-fruits-berries","15":"format-large","16":"nicotine-10-mg-g","17":"nicotine-strong","19":"first","20":"outofstock","21":"taxable","22":"shipping-taxable","23":"purchasable","24":"product-type-variable"},"acf":[],"_links":{"self":[{"href":"https:\/\/whitelip.com\/tr\/wp-json\/wp\/v2\/product\/8138","targetHints":{"allow":["GET"]}}],"collection":[{"href":"https:\/\/whitelip.com\/tr\/wp-json\/wp\/v2\/product"}],"about":[{"href":"https:\/\/whitelip.com\/tr\/wp-json\/wp\/v2\/types\/product"}],"replies":[{"embeddable":true,"href":"https:\/\/whitelip.com\/tr\/wp-json\/wp\/v2\/comments?post=8138"}],"wp:featuredmedia":[{"embeddable":true,"href":"https:\/\/whitelip.com\/tr\/wp-json\/wp\/v2\/media\/2968"}],"wp:attachment":[{"href":"https:\/\/whitelip.com\/tr\/wp-json\/wp\/v2\/media?parent=8138"}],"wp:term":[{"taxonomy":"product_brand","embeddable":true,"href":"https:\/\/whitelip.com\/tr\/wp-json\/wp\/v2\/product_brand?post=8138"},{"taxonomy":"product_cat","embeddable":true,"href":"https:\/\/whitelip.com\/tr\/wp-json\/wp\/v2\/product_cat?post=8138"},{"taxonomy":"product_tag","embeddable":true,"href":"https:\/\/whitelip.com\/tr\/wp-json\/wp\/v2\/product_tag?post=8138"},{"taxonomy":"flavours","embeddable":true,"href":"https:\/\/whitelip.com\/tr\/wp-json\/wp\/v2\/flavours?post=8138"},{"taxonomy":"format","embeddable":true,"href":"https:\/\/whitelip.com\/tr\/wp-json\/wp\/v2\/format?post=8138"},{"taxonomy":"nicotine","embeddable":true,"href":"https:\/\/whitelip.com\/tr\/wp-json\/wp\/v2\/nicotine?post=8138"}],"curies":[{"name":"wp","href":"https:\/\/api.w.org\/{rel}","templated":true}]}}