{"id":8132,"date":"2024-11-28T12:38:03","date_gmt":"2024-11-28T12:38:03","guid":{"rendered":"https:\/\/whitelip.com\/killa-cold-mint\/"},"modified":"2026-05-07T10:11:22","modified_gmt":"2026-05-07T10:11:22","slug":"killa-cold-mint","status":"publish","type":"product","link":"https:\/\/whitelip.com\/tr\/killa\/killa-cold-mint\/","title":{"rendered":"KILLA Cold Mint"},"content":{"rendered":"<h2><b>KILLA Cold Mint<\/b><\/h2>\n<p><span style=\"font-weight: 400;\">KILLA Cold Mint nikotin po\u015fetleri, buzlu nane ve menthol aromalar\u0131 canland\u0131r\u0131c\u0131 bir kar\u0131\u015f\u0131m\u0131n\u0131 sunarak canland\u0131r\u0131c\u0131 ve yo\u011fun bir deneyim sa\u011flar. G\u00fc\u00e7l\u00fc bir nikotin vuru\u015fu arayan kullan\u0131c\u0131lar i\u00e7in tasarlanan bu t\u00fct\u00fcns\u00fcz po\u015fetler, geleneksel nikotin \u00fcr\u00fcnlerine kesintisiz ve uygun bir alternatif sunmu\u015ftur. \u0130nce format, duda\u011f\u0131n alt\u0131nda rahat bir uyum sa\u011flayarak, her zaman her yerde kullan\u0131m sa\u011flar. KILLA Cold Mint, g\u00fc\u00e7l\u00fc etkisi ve canland\u0131r\u0131c\u0131 tad\u0131yla \u00f6ne \u00e7\u0131karak, nikotin po\u015feti merakl\u0131lar\u0131 aras\u0131nda pop\u00fcler bir se\u00e7im haline gelmi\u015ftir.<\/span><\/p>\n<table>\n<tbody>\n<tr>\n<td><b>Attribute<\/b><\/td>\n<td><b>Ayr\u0131nt\u0131lar<\/b><\/td>\n<\/tr>\n<tr>\n<td><span style=\"font-weight: 400;\">Kutu Ba\u015f\u0131na \u0130\u00e7erik<\/span><\/td>\n<td><span style=\"font-weight: 400;\">16g (20 po\u015fet)<\/span><\/td>\n<\/tr>\n<tr>\n<td><span style=\"font-weight: 400;\">Nikotin \u0130\u00e7eri\u011fi<\/span><\/td>\n<td><span style=\"font-weight: 400;\">16 mg\/g (po\u015fet ba\u015f\u0131na 12,8 mg)<\/span><\/td>\n<\/tr>\n<tr>\n<td><span style=\"font-weight: 400;\">Po\u015fet Format\u0131<\/span><\/td>\n<td><span style=\"font-weight: 400;\">\u0130nce<\/span><\/td>\n<\/tr>\n<tr>\n<td><span style=\"font-weight: 400;\">\u00dcretici<\/span><\/td>\n<td><span style=\"font-weight: 400;\">N.G.P. Empire<\/span><\/td>\n<\/tr>\n<tr>\n<td><span style=\"font-weight: 400;\">Aroma<\/span><\/td>\n<td><span style=\"font-weight: 400;\">Ice Cold Mint, Menthol<\/span><\/td>\n<\/tr>\n<tr>\n<td><span style=\"font-weight: 400;\">T\u00fcr<\/span><\/td>\n<td><span style=\"font-weight: 400;\">T\u00fcm beyaz po\u015fet, t\u00fct\u00fcns\u00fcz<\/span><\/td>\n<\/tr>\n<\/tbody>\n<\/table>","protected":false},"excerpt":{"rendered":"<p>Canland\u0131r\u0131c\u0131 <strong data-start=\"13\" data-end=\"26\">Cold Mint<\/strong> buzlu nane ve menthol ile tazeleme, yo\u011fun bir y\u00fckseltme i\u00e7in. <strong data-start=\"85\" data-end=\"93\">\u0130nce<\/strong>, t\u00fct\u00fcns\u00fcz po\u015fetler herhangi bir zaman uygun kullan\u0131m i\u00e7in duda\u011f\u0131n alt\u0131nda gizli oturur. Her po\u015fet i\u00e7erir <strong data-start=\"193\" data-end=\"213\">12,8 mg nikotin<\/strong>, g\u00fc\u00e7l\u00fc ve canland\u0131r\u0131c\u0131 bir etki sunuyor.<\/p>","protected":false},"featured_media":8133,"comment_status":"open","ping_status":"closed","template":"","format":[206],"meta":{"_acf_changed":false},"product_brand":[],"product_cat":[64],"product_tag":[16676],"flavours":[199],"nicotine":[213,232],"class_list":{"0":"post-8132","1":"product","2":"type-product","3":"status-publish","4":"has-post-thumbnail","6":"product_cat-killa","7":"product_tag-12-8-mg-pouch","8":"pa_quantity-1-pack","9":"pa_quantity-10-pack","10":"pa_quantity-3-pack","11":"pa_quantity-30-pack","12":"pa_quantity-5-pack","13":"pa_quantity-60-pack","14":"flavours-mint","15":"format-slim","16":"nicotine-16-mg-g","17":"nicotine-extra-strong","19":"first","20":"outofstock","21":"taxable","22":"shipping-taxable","23":"purchasable","24":"product-type-variable"},"acf":[],"_links":{"self":[{"href":"https:\/\/whitelip.com\/tr\/wp-json\/wp\/v2\/product\/8132","targetHints":{"allow":["GET"]}}],"collection":[{"href":"https:\/\/whitelip.com\/tr\/wp-json\/wp\/v2\/product"}],"about":[{"href":"https:\/\/whitelip.com\/tr\/wp-json\/wp\/v2\/types\/product"}],"replies":[{"embeddable":true,"href":"https:\/\/whitelip.com\/tr\/wp-json\/wp\/v2\/comments?post=8132"}],"wp:featuredmedia":[{"embeddable":true,"href":"https:\/\/whitelip.com\/tr\/wp-json\/wp\/v2\/media\/8133"}],"wp:attachment":[{"href":"https:\/\/whitelip.com\/tr\/wp-json\/wp\/v2\/media?parent=8132"}],"wp:term":[{"taxonomy":"product_brand","embeddable":true,"href":"https:\/\/whitelip.com\/tr\/wp-json\/wp\/v2\/product_brand?post=8132"},{"taxonomy":"product_cat","embeddable":true,"href":"https:\/\/whitelip.com\/tr\/wp-json\/wp\/v2\/product_cat?post=8132"},{"taxonomy":"product_tag","embeddable":true,"href":"https:\/\/whitelip.com\/tr\/wp-json\/wp\/v2\/product_tag?post=8132"},{"taxonomy":"flavours","embeddable":true,"href":"https:\/\/whitelip.com\/tr\/wp-json\/wp\/v2\/flavours?post=8132"},{"taxonomy":"format","embeddable":true,"href":"https:\/\/whitelip.com\/tr\/wp-json\/wp\/v2\/format?post=8132"},{"taxonomy":"nicotine","embeddable":true,"href":"https:\/\/whitelip.com\/tr\/wp-json\/wp\/v2\/nicotine?post=8132"}],"curies":[{"name":"wp","href":"https:\/\/api.w.org\/{rel}","templated":true}]}}