{"id":8128,"date":"2024-11-28T12:38:02","date_gmt":"2024-11-28T12:38:02","guid":{"rendered":"https:\/\/whitelip.com\/lundgrens-dunge\/"},"modified":"2026-05-06T10:11:35","modified_gmt":"2026-05-06T10:11:35","slug":"lundgrens-dunge","status":"publish","type":"product","link":"https:\/\/whitelip.com\/tr\/lundgrens\/lundgrens-dunge\/","title":{"rendered":"LUNDGRENS Dunge"},"content":{"rendered":"<h2><b>LUNDGRENS Dunge<\/b><\/h2>\n<p><span style=\"font-weight: 400;\">LUNDGRENS Dunge nikotin po\u015fetleri, \u0130sve\u00e7 orman kurulu\u015flar\u0131ndan ilham alan zengin ve toprakl\u0131 bir tat sunarak, do\u011fal ve yerle\u015fik bir tat deneyimi sa\u011flar. Bu ince, tamamen beyaz po\u015fetler dudak alt\u0131nda ayr\u0131nt\u0131l\u0131 ve rahat bir uyum i\u00e7in haz\u0131rlanm\u0131\u015f olup, temiz ve tatmin edici bir tat ve nikotin sal\u0131n\u0131m\u0131 sa\u011flar. LUNDGRENS Dunge, do\u011fadan ilham alan sa\u011flam tatlar\u0131 dengeli bir nikotin g\u00fcc\u00fcyle e\u015fle\u015ftirmekten ho\u015flananlar i\u00e7in m\u00fckemmeldir.<\/span><\/p>\n<table>\n<tbody>\n<tr>\n<td><b>Attribute<\/b><\/td>\n<td><b>Ayr\u0131nt\u0131lar<\/b><\/td>\n<\/tr>\n<tr>\n<td><span style=\"font-weight: 400;\">Kutu Ba\u015f\u0131na \u0130\u00e7erik<\/span><\/td>\n<td><span style=\"font-weight: 400;\">21.6g<\/span><\/td>\n<\/tr>\n<tr>\n<td><span style=\"font-weight: 400;\">Nikotin \u0130\u00e7eri\u011fi<\/span><\/td>\n<td><span style=\"font-weight: 400;\">10 mg\/g (po\u015fet ba\u015f\u0131na 8 mg)<\/span><\/td>\n<\/tr>\n<tr>\n<td><span style=\"font-weight: 400;\">Po\u015fet Format\u0131<\/span><\/td>\n<td><span style=\"font-weight: 400;\">\u0130nce<\/span><\/td>\n<\/tr>\n<tr>\n<td><span style=\"font-weight: 400;\">\u00dcretici<\/span><\/td>\n<td><span style=\"font-weight: 400;\">Fiedler &amp; Lundgren<\/span><\/td>\n<\/tr>\n<tr>\n<td><span style=\"font-weight: 400;\">Aroma<\/span><\/td>\n<td><span style=\"font-weight: 400;\">Toprakl\u0131 ve Ormana Benzeyici<\/span><\/td>\n<\/tr>\n<tr>\n<td><span style=\"font-weight: 400;\">T\u00fcr<\/span><\/td>\n<td><span style=\"font-weight: 400;\">T\u00fcm beyaz po\u015fet, t\u00fct\u00fcns\u00fcz<\/span><\/td>\n<\/tr>\n<\/tbody>\n<\/table>","protected":false},"excerpt":{"rendered":"<p>Lundgrens Dunge <strong data-start=\"16\" data-end=\"45\">zengin, toprakl\u0131 orman notalar\u0131<\/strong> do\u011fal, yerle\u015fik bir profil sunun. <strong>\u0130nce<\/strong>, hepsi beyaz po\u015fetler dudak alt\u0131nda ayr\u0131nt\u0131l\u0131 bir \u015fekilde oturur, temiz, rahat kullan\u0131m ve tat ile nikotin sal\u0131n\u0131m\u0131n\u0131n tatmin edici bir \u015fekilde sa\u011flanmas\u0131. Do\u011fadan ilham alan sa\u011flam tatlar\u0131 dengeli g\u00fcc\u00fc ile seven ki\u015filer i\u00e7in ideal.<\/p>","protected":false},"featured_media":8129,"comment_status":"open","ping_status":"closed","template":"","format":[204],"meta":{"_acf_changed":false},"product_brand":[],"product_cat":[59],"product_tag":[16583],"flavours":[196],"nicotine":[207,236],"class_list":{"0":"post-8128","1":"product","2":"type-product","3":"status-publish","4":"has-post-thumbnail","6":"product_cat-lundgrens","7":"product_tag-8-mg-pouch","8":"pa_quantity-1-pack","9":"pa_quantity-10-pack","10":"pa_quantity-3-pack","11":"pa_quantity-30-pack","12":"pa_quantity-5-pack","13":"pa_quantity-60-pack","14":"flavours-fruits-berries","15":"format-large","16":"nicotine-10-mg-g","17":"nicotine-strong","19":"first","20":"outofstock","21":"taxable","22":"shipping-taxable","23":"purchasable","24":"product-type-variable"},"acf":[],"_links":{"self":[{"href":"https:\/\/whitelip.com\/tr\/wp-json\/wp\/v2\/product\/8128","targetHints":{"allow":["GET"]}}],"collection":[{"href":"https:\/\/whitelip.com\/tr\/wp-json\/wp\/v2\/product"}],"about":[{"href":"https:\/\/whitelip.com\/tr\/wp-json\/wp\/v2\/types\/product"}],"replies":[{"embeddable":true,"href":"https:\/\/whitelip.com\/tr\/wp-json\/wp\/v2\/comments?post=8128"}],"wp:featuredmedia":[{"embeddable":true,"href":"https:\/\/whitelip.com\/tr\/wp-json\/wp\/v2\/media\/8129"}],"wp:attachment":[{"href":"https:\/\/whitelip.com\/tr\/wp-json\/wp\/v2\/media?parent=8128"}],"wp:term":[{"taxonomy":"product_brand","embeddable":true,"href":"https:\/\/whitelip.com\/tr\/wp-json\/wp\/v2\/product_brand?post=8128"},{"taxonomy":"product_cat","embeddable":true,"href":"https:\/\/whitelip.com\/tr\/wp-json\/wp\/v2\/product_cat?post=8128"},{"taxonomy":"product_tag","embeddable":true,"href":"https:\/\/whitelip.com\/tr\/wp-json\/wp\/v2\/product_tag?post=8128"},{"taxonomy":"flavours","embeddable":true,"href":"https:\/\/whitelip.com\/tr\/wp-json\/wp\/v2\/flavours?post=8128"},{"taxonomy":"format","embeddable":true,"href":"https:\/\/whitelip.com\/tr\/wp-json\/wp\/v2\/format?post=8128"},{"taxonomy":"nicotine","embeddable":true,"href":"https:\/\/whitelip.com\/tr\/wp-json\/wp\/v2\/nicotine?post=8128"}],"curies":[{"name":"wp","href":"https:\/\/api.w.org\/{rel}","templated":true}]}}