{"id":8116,"date":"2024-11-28T12:38:01","date_gmt":"2024-11-28T12:38:01","guid":{"rendered":"https:\/\/whitelip.com\/killa-mango-ice\/"},"modified":"2026-05-06T10:11:10","modified_gmt":"2026-05-06T10:11:10","slug":"killa-mango-ice","status":"publish","type":"product","link":"https:\/\/whitelip.com\/tr\/killa\/killa-mango-ice\/","title":{"rendered":"KILLA Mango Ice"},"content":{"rendered":"<h2><b>KILLA Mango Ice<\/b><\/h2>\n<p><span style=\"font-weight: 400;\">KILLA Mango Ice nikotin po\u015fetleri, serinletici mentol sonunu tamamlayan tatl\u0131, olgun mango aromas\u0131n\u0131n tropik bir kar\u0131\u015f\u0131m\u0131n\u0131 sunarak canl\u0131 ve canland\u0131r\u0131c\u0131 bir deneyim sa\u011flar. Bu kombinasyon egzotik bir twist ile sa\u011flam nikotin darbesi arayan kullan\u0131c\u0131lar i\u00e7in idealdir. \u0130nce, t\u00fct\u00fcns\u00fcz po\u015fetler gizli ve rahat kullan\u0131m i\u00e7in tasarlanm\u0131\u015f olup, duda\u011f\u0131n alt\u0131na sorunsuzca uyar ve her zaman, her yerde keyifle al\u0131nabilir. KILLA Mango Ice, benzersiz tad\u0131 ve g\u00fc\u00e7l\u00fc etkisiyle nikotin po\u015feti merakl\u0131lar\u0131 aras\u0131nda pop\u00fcler bir tercih olarak \u00f6ne \u00e7\u0131kar.<\/span><\/p>\n<table>\n<tbody>\n<tr>\n<td><b>Attribute<\/b><\/td>\n<td><b>Ayr\u0131nt\u0131lar<\/b><\/td>\n<\/tr>\n<tr>\n<td><span style=\"font-weight: 400;\">Kutu Ba\u015f\u0131na \u0130\u00e7erik<\/span><\/td>\n<td><span style=\"font-weight: 400;\">14g (20 paket)<\/span><\/td>\n<\/tr>\n<tr>\n<td><span style=\"font-weight: 400;\">Nikotin \u0130\u00e7eri\u011fi<\/span><\/td>\n<td><span style=\"font-weight: 400;\">16 mg\/g (po\u015fet ba\u015f\u0131na 11,2 mg)<\/span><\/td>\n<\/tr>\n<tr>\n<td><span style=\"font-weight: 400;\">Po\u015fet Format\u0131<\/span><\/td>\n<td><span style=\"font-weight: 400;\">\u0130nce<\/span><\/td>\n<\/tr>\n<tr>\n<td><span style=\"font-weight: 400;\">\u00dcretici<\/span><\/td>\n<td><span style=\"font-weight: 400;\">N.G.P. Empire<\/span><\/td>\n<\/tr>\n<tr>\n<td><span style=\"font-weight: 400;\">Aroma<\/span><\/td>\n<td><span style=\"font-weight: 400;\">Mango ve Mentol<\/span><\/td>\n<\/tr>\n<tr>\n<td><span style=\"font-weight: 400;\">T\u00fcr<\/span><\/td>\n<td><span style=\"font-weight: 400;\">T\u00fcm beyaz po\u015fet, t\u00fct\u00fcns\u00fcz<\/span><\/td>\n<\/tr>\n<\/tbody>\n<\/table>","protected":false},"excerpt":{"rendered":"<p>Tropik tatl\u0131 <strong data-start=\"15\" data-end=\"28\">mango ice<\/strong> serinletici mentol sonunu tamamlayan ferah bir bitiri\u015fle canl\u0131, canland\u0131r\u0131c\u0131 bir hissiyat i\u00e7in. <strong data-start=\"96\" data-end=\"104\">\u0130nce<\/strong>, t\u00fct\u00fcns\u00fcz po\u015fetler duda\u011f\u0131n alt\u0131nda gizli kalarak istedi\u011finiz zaman kullan\u0131labilir. Her po\u015fet i\u00e7erir <strong data-start=\"204\" data-end=\"224\">11.2 mg nikotin<\/strong>, g\u00fc\u00e7l\u00fc ve tatmin edici bir etki sa\u011flar.<\/p>","protected":false},"featured_media":8117,"comment_status":"open","ping_status":"closed","template":"","format":[206],"meta":{"_acf_changed":false},"product_brand":[],"product_cat":[64],"product_tag":[16577],"flavours":[196],"nicotine":[213,232],"class_list":{"0":"post-8116","1":"product","2":"type-product","3":"status-publish","4":"has-post-thumbnail","6":"product_cat-killa","7":"product_tag-11-2-mg-pouch","8":"pa_quantity-1-pack","9":"pa_quantity-10-pack","10":"pa_quantity-3-pack","11":"pa_quantity-30-pack","12":"pa_quantity-5-pack","13":"pa_quantity-60-pack","14":"flavours-fruits-berries","15":"format-slim","16":"nicotine-16-mg-g","17":"nicotine-extra-strong","19":"first","20":"instock","21":"taxable","22":"shipping-taxable","23":"purchasable","24":"product-type-variable"},"acf":[],"_links":{"self":[{"href":"https:\/\/whitelip.com\/tr\/wp-json\/wp\/v2\/product\/8116","targetHints":{"allow":["GET"]}}],"collection":[{"href":"https:\/\/whitelip.com\/tr\/wp-json\/wp\/v2\/product"}],"about":[{"href":"https:\/\/whitelip.com\/tr\/wp-json\/wp\/v2\/types\/product"}],"replies":[{"embeddable":true,"href":"https:\/\/whitelip.com\/tr\/wp-json\/wp\/v2\/comments?post=8116"}],"wp:featuredmedia":[{"embeddable":true,"href":"https:\/\/whitelip.com\/tr\/wp-json\/wp\/v2\/media\/8117"}],"wp:attachment":[{"href":"https:\/\/whitelip.com\/tr\/wp-json\/wp\/v2\/media?parent=8116"}],"wp:term":[{"taxonomy":"product_brand","embeddable":true,"href":"https:\/\/whitelip.com\/tr\/wp-json\/wp\/v2\/product_brand?post=8116"},{"taxonomy":"product_cat","embeddable":true,"href":"https:\/\/whitelip.com\/tr\/wp-json\/wp\/v2\/product_cat?post=8116"},{"taxonomy":"product_tag","embeddable":true,"href":"https:\/\/whitelip.com\/tr\/wp-json\/wp\/v2\/product_tag?post=8116"},{"taxonomy":"flavours","embeddable":true,"href":"https:\/\/whitelip.com\/tr\/wp-json\/wp\/v2\/flavours?post=8116"},{"taxonomy":"format","embeddable":true,"href":"https:\/\/whitelip.com\/tr\/wp-json\/wp\/v2\/format?post=8116"},{"taxonomy":"nicotine","embeddable":true,"href":"https:\/\/whitelip.com\/tr\/wp-json\/wp\/v2\/nicotine?post=8116"}],"curies":[{"name":"wp","href":"https:\/\/api.w.org\/{rel}","templated":true}]}}