{"id":8112,"date":"2024-11-28T12:37:39","date_gmt":"2024-11-28T12:37:39","guid":{"rendered":"https:\/\/whitelip.com\/siberia-80-all-white-slim\/"},"modified":"2026-05-06T11:31:54","modified_gmt":"2026-05-06T11:31:54","slug":"siberia-80-all-white-slim","status":"publish","type":"product","link":"https:\/\/whitelip.com\/tr\/siberia\/siberia-80-all-white-slim\/","title":{"rendered":"Siberia -80 T\u00fcm Beyaz Slim"},"content":{"rendered":"<h2><b>Siberia -80 T\u00fcm Beyaz Slim<\/b><\/h2>\n<p><span style=\"font-weight: 400;\">Siberia -80 All White Slim nikotin po\u015fetleri ferah ve buzlu mentolu lezzet ile ultra-g\u00fc\u00e7l\u00fc bir nikotin deneyimi sunar. Bu ince, t\u00fct\u00fcns\u00fcz po\u015fetler ayr\u0131k ve rahat kullan\u0131m i\u00e7in tasarlanm\u0131\u015ft\u0131r, duda\u011f\u0131n alt\u0131na sorunsuzca s\u0131\u011far. Deneyimli kullan\u0131c\u0131lar i\u00e7in ideal olan Siberia -80 All White Slim, lezzet ve nikotinin temiz ve g\u00fc\u00e7l\u00fc bir \u015fekilde sal\u0131nmas\u0131n\u0131 sa\u011flayarak, di\u015fleri boyamadan cesur ve canland\u0131r\u0131c\u0131 bir his verir.<\/span><\/p>\n<table>\n<tbody>\n<tr>\n<td><b>Attribute<\/b><\/td>\n<td><b>Ayr\u0131nt\u0131lar<\/b><\/td>\n<\/tr>\n<tr>\n<td><span style=\"font-weight: 400;\">Kutu Ba\u015f\u0131na \u0130\u00e7erik<\/span><\/td>\n<td><span style=\"font-weight: 400;\">15g (20 po\u015fet)<\/span><\/td>\n<\/tr>\n<tr>\n<td><span style=\"font-weight: 400;\">Nikotin \u0130\u00e7eri\u011fi<\/span><\/td>\n<td><span style=\"font-weight: 400;\">33 mg\/g (po\u015fet ba\u015f\u0131na 25 mg)<\/span><\/td>\n<\/tr>\n<tr>\n<td><span style=\"font-weight: 400;\">Po\u015fet Format\u0131<\/span><\/td>\n<td><span style=\"font-weight: 400;\">\u0130nce<\/span><\/td>\n<\/tr>\n<tr>\n<td><span style=\"font-weight: 400;\">\u00dcretici<\/span><\/td>\n<td><span style=\"font-weight: 400;\">SIBERIA<\/span><\/td>\n<\/tr>\n<tr>\n<td><span style=\"font-weight: 400;\">Aroma<\/span><\/td>\n<td><span style=\"font-weight: 400;\">Icy Mint<\/span><\/td>\n<\/tr>\n<tr>\n<td><span style=\"font-weight: 400;\">T\u00fcr<\/span><\/td>\n<td><span style=\"font-weight: 400;\">T\u00fcm beyaz po\u015fet, t\u00fct\u00fcns\u00fcz<\/span><\/td>\n<\/tr>\n<\/tbody>\n<\/table>","protected":false},"excerpt":{"rendered":"<p>Siberia -80 All White Slim nikotin po\u015fetleri ultra-g\u00fc\u00e7l\u00fc <strong data-start=\"68\" data-end=\"80\">Icy Mint<\/strong> lezzet ile taze, serinletici bir his sunar. <strong data-start=\"120\" data-end=\"128\">\u0130nce<\/strong>, ayr\u0131k, rahat kullan\u0131m ve temiz, g\u00fc\u00e7l\u00fc bir sal\u0131n\u0131m i\u00e7in t\u00fct\u00fcns\u00fcz format. Her po\u015fette <strong data-start=\"231\" data-end=\"249\">25 mg nikotin<\/strong>.<\/p>","protected":false},"featured_media":8113,"comment_status":"open","ping_status":"closed","template":"","format":[206],"meta":{"_acf_changed":false},"product_brand":[],"product_cat":[61],"product_tag":[16589],"flavours":[199],"nicotine":[222,233],"class_list":{"0":"post-8112","1":"product","2":"type-product","3":"status-publish","4":"has-post-thumbnail","6":"product_cat-siberia","7":"product_tag-25-mg-pouch","8":"pa_quantity-1-pack","9":"pa_quantity-10-pack","10":"pa_quantity-3-pack","11":"pa_quantity-30-pack","12":"pa_quantity-5-pack","13":"pa_quantity-60-pack","14":"flavours-mint","15":"format-slim","16":"nicotine-33-mg-g","17":"nicotine-extreme","19":"first","20":"instock","21":"taxable","22":"shipping-taxable","23":"purchasable","24":"product-type-variable"},"acf":[],"_links":{"self":[{"href":"https:\/\/whitelip.com\/tr\/wp-json\/wp\/v2\/product\/8112","targetHints":{"allow":["GET"]}}],"collection":[{"href":"https:\/\/whitelip.com\/tr\/wp-json\/wp\/v2\/product"}],"about":[{"href":"https:\/\/whitelip.com\/tr\/wp-json\/wp\/v2\/types\/product"}],"replies":[{"embeddable":true,"href":"https:\/\/whitelip.com\/tr\/wp-json\/wp\/v2\/comments?post=8112"}],"wp:featuredmedia":[{"embeddable":true,"href":"https:\/\/whitelip.com\/tr\/wp-json\/wp\/v2\/media\/8113"}],"wp:attachment":[{"href":"https:\/\/whitelip.com\/tr\/wp-json\/wp\/v2\/media?parent=8112"}],"wp:term":[{"taxonomy":"product_brand","embeddable":true,"href":"https:\/\/whitelip.com\/tr\/wp-json\/wp\/v2\/product_brand?post=8112"},{"taxonomy":"product_cat","embeddable":true,"href":"https:\/\/whitelip.com\/tr\/wp-json\/wp\/v2\/product_cat?post=8112"},{"taxonomy":"product_tag","embeddable":true,"href":"https:\/\/whitelip.com\/tr\/wp-json\/wp\/v2\/product_tag?post=8112"},{"taxonomy":"flavours","embeddable":true,"href":"https:\/\/whitelip.com\/tr\/wp-json\/wp\/v2\/flavours?post=8112"},{"taxonomy":"format","embeddable":true,"href":"https:\/\/whitelip.com\/tr\/wp-json\/wp\/v2\/format?post=8112"},{"taxonomy":"nicotine","embeddable":true,"href":"https:\/\/whitelip.com\/tr\/wp-json\/wp\/v2\/nicotine?post=8112"}],"curies":[{"name":"wp","href":"https:\/\/api.w.org\/{rel}","templated":true}]}}