{"id":8104,"date":"2024-11-28T12:37:38","date_gmt":"2024-11-28T12:37:38","guid":{"rendered":"https:\/\/whitelip.com\/loop-red-chili-melon-3\/"},"modified":"2026-05-16T10:11:01","modified_gmt":"2026-05-16T10:11:01","slug":"loop-red-chili-melon-3","status":"publish","type":"product","link":"https:\/\/whitelip.com\/tr\/loop\/loop-red-chili-melon-3\/","title":{"rendered":"LOOP Red Chili Melon #3"},"content":{"rendered":"<h2><b>LOOP Red Chili Melon #3<\/b><\/h2>\n<p><span style=\"font-weight: 400;\">LOOP Red Chili Melon #3, olgun kavun meyvesinin tatl\u0131 ve suyu tat ile ate\u015fli biber te\u011fetini birle\u015ftirerek cesur ve heyecan verici bir nikotin deneyimi sunar. Bu ince nikotin po\u015fetleri orta seviye nikotin g\u00fcc\u00fc sa\u011flayarak, dengeli ama macera dolu bir se\u00e7enek seven kullan\u0131c\u0131lar i\u00e7in uygun. Gizli kullan\u0131m i\u00e7in tasarlanm\u0131\u015f, LOOP Red Chili Melon #3 duda\u011f\u0131n alt\u0131nda rahat\u00e7a oturup, herhangi bir zaman i\u00e7in temiz ve canland\u0131r\u0131c\u0131 bir his sa\u011flar.<\/span><\/p>\n<table>\n<tbody>\n<tr>\n<td><b>Attribute<\/b><\/td>\n<td><b>Ayr\u0131nt\u0131lar<\/b><\/td>\n<\/tr>\n<tr>\n<td><span style=\"font-weight: 400;\">Kutu Ba\u015f\u0131na \u0130\u00e7erik<\/span><\/td>\n<td><span style=\"font-weight: 400;\">12g (20 po\u015fet)<\/span><\/td>\n<\/tr>\n<tr>\n<td><span style=\"font-weight: 400;\">Nikotin \u0130\u00e7eri\u011fi<\/span><\/td>\n<td><span style=\"font-weight: 400;\">10 mg\/g<\/span><\/td>\n<\/tr>\n<tr>\n<td><span style=\"font-weight: 400;\">Po\u015fet Format\u0131<\/span><\/td>\n<td><span style=\"font-weight: 400;\">\u0130nce<\/span><\/td>\n<\/tr>\n<tr>\n<td><span style=\"font-weight: 400;\">\u00dcretici<\/span><\/td>\n<td><span style=\"font-weight: 400;\">LOOP<\/span><\/td>\n<\/tr>\n<tr>\n<td><span style=\"font-weight: 400;\">Aroma<\/span><\/td>\n<td><span style=\"font-weight: 400;\">K\u0131rm\u0131z\u0131 Biber ve Kavun<\/span><\/td>\n<\/tr>\n<tr>\n<td><span style=\"font-weight: 400;\">T\u00fcr<\/span><\/td>\n<td><span style=\"font-weight: 400;\">T\u00fcm beyaz po\u015fet, t\u00fct\u00fcns\u00fcz<\/span><\/td>\n<\/tr>\n<\/tbody>\n<\/table>","protected":false},"excerpt":{"rendered":"<p>Tatl\u0131, sulu <strong data-start=\"13\" data-end=\"32\">k\u0131rm\u0131z\u0131 biber kavun<\/strong> ate\u015fli bir te\u011fet ile cesur, heyecan verici bir kald\u0131r\u0131\u015f i\u00e7in. <strong data-start=\"78\" data-end=\"86\">\u0130nce<\/strong>, t\u00fct\u00fcns\u00fcz po\u015fetler duda\u011f\u0131n alt\u0131na gizli \u015fekilde oturup temiz, canland\u0131r\u0131c\u0131 kullan\u0131m sa\u011flar. Dengeli ama macera dolu bir deneyim i\u00e7in orta seviye nikotin g\u00fcc\u00fc.<\/p>","protected":false},"featured_media":8105,"comment_status":"open","ping_status":"closed","template":"","format":[206],"meta":{"_acf_changed":false},"product_brand":[],"product_cat":[32],"product_tag":[17011],"flavours":[187,196],"nicotine":[212,232],"class_list":{"0":"post-8104","1":"product","2":"type-product","3":"status-publish","4":"has-post-thumbnail","6":"product_cat-loop","7":"product_tag-9-4-mg-pouch","8":"pa_quantity-1-pack","9":"pa_quantity-10-pack","10":"pa_quantity-3-pack","11":"pa_quantity-30-pack","12":"pa_quantity-5-pack","13":"pa_quantity-60-pack","14":"flavours-chili","15":"flavours-fruits-berries","16":"format-slim","17":"nicotine-15-mg-g","18":"nicotine-extra-strong","20":"first","21":"outofstock","22":"taxable","23":"shipping-taxable","24":"purchasable","25":"product-type-variable"},"acf":[],"_links":{"self":[{"href":"https:\/\/whitelip.com\/tr\/wp-json\/wp\/v2\/product\/8104","targetHints":{"allow":["GET"]}}],"collection":[{"href":"https:\/\/whitelip.com\/tr\/wp-json\/wp\/v2\/product"}],"about":[{"href":"https:\/\/whitelip.com\/tr\/wp-json\/wp\/v2\/types\/product"}],"replies":[{"embeddable":true,"href":"https:\/\/whitelip.com\/tr\/wp-json\/wp\/v2\/comments?post=8104"}],"wp:featuredmedia":[{"embeddable":true,"href":"https:\/\/whitelip.com\/tr\/wp-json\/wp\/v2\/media\/8105"}],"wp:attachment":[{"href":"https:\/\/whitelip.com\/tr\/wp-json\/wp\/v2\/media?parent=8104"}],"wp:term":[{"taxonomy":"product_brand","embeddable":true,"href":"https:\/\/whitelip.com\/tr\/wp-json\/wp\/v2\/product_brand?post=8104"},{"taxonomy":"product_cat","embeddable":true,"href":"https:\/\/whitelip.com\/tr\/wp-json\/wp\/v2\/product_cat?post=8104"},{"taxonomy":"product_tag","embeddable":true,"href":"https:\/\/whitelip.com\/tr\/wp-json\/wp\/v2\/product_tag?post=8104"},{"taxonomy":"flavours","embeddable":true,"href":"https:\/\/whitelip.com\/tr\/wp-json\/wp\/v2\/flavours?post=8104"},{"taxonomy":"format","embeddable":true,"href":"https:\/\/whitelip.com\/tr\/wp-json\/wp\/v2\/format?post=8104"},{"taxonomy":"nicotine","embeddable":true,"href":"https:\/\/whitelip.com\/tr\/wp-json\/wp\/v2\/nicotine?post=8104"}],"curies":[{"name":"wp","href":"https:\/\/api.w.org\/{rel}","templated":true}]}}