{"id":8084,"date":"2024-11-28T12:36:55","date_gmt":"2024-11-28T12:36:55","guid":{"rendered":"https:\/\/whitelip.com\/iceberg-energy-extreme\/"},"modified":"2026-05-06T10:11:09","modified_gmt":"2026-05-06T10:11:09","slug":"iceberg-energy-extreme","status":"publish","type":"product","link":"https:\/\/whitelip.com\/tr\/iceberg\/iceberg-energy-extreme\/","title":{"rendered":"ICEBERG Energy Extreme"},"content":{"rendered":"<h2><b>ICEBERG Energy Extreme<\/b><\/h2>\n<p><span style=\"font-weight: 400;\">ICEBERG Energy Extreme nikotin po\u015fetleri, pop\u00fcler enerji i\u00e7eceklerinden esinlenen cesur, enerjik bir lezzet sunmakta ve yo\u011fun nikotin g\u00fcc\u00fc ile e\u015fle\u015ftirilmektedir. Bu t\u00fct\u00fcns\u00fcz, ince po\u015fetler g\u00fc\u00e7l\u00fc ve serinletici bir se\u00e7enek arayan deneyimli kullan\u0131c\u0131lar i\u00e7in idealdir ve uyar\u0131 halinde kalmak i\u00e7in tasarlanm\u0131\u015ft\u0131r. Ayr\u0131k ve rahat kullan\u0131m i\u00e7in tasarlanan ICEBERG Energy Extreme, benzersiz ve canland\u0131r\u0131c\u0131 bir lezzet profili ile nikotin keyfini alman\u0131n temiz ve da\u011f\u0131n\u0131kl\u0131k olmayan bir yolunu sunmaktad\u0131r.<\/span><\/p>\n<table>\n<tbody>\n<tr>\n<td><b>Attribute<\/b><\/td>\n<td><b>Ayr\u0131nt\u0131lar<\/b><\/td>\n<\/tr>\n<tr>\n<td><span style=\"font-weight: 400;\">Kutu Ba\u015f\u0131na \u0130\u00e7erik<\/span><\/td>\n<td><span style=\"font-weight: 400;\">12g (20 po\u015fet)<\/span><\/td>\n<\/tr>\n<tr>\n<td><span style=\"font-weight: 400;\">Nikotin \u0130\u00e7eri\u011fi<\/span><\/td>\n<td><span style=\"font-weight: 400;\">50 mg\/g (po\u015fet ba\u015f\u0131na 35 mg)<\/span><\/td>\n<\/tr>\n<tr>\n<td><span style=\"font-weight: 400;\">Po\u015fet Format\u0131<\/span><\/td>\n<td><span style=\"font-weight: 400;\">\u0130nce<\/span><\/td>\n<\/tr>\n<tr>\n<td><span style=\"font-weight: 400;\">\u00dcretici<\/span><\/td>\n<td><span style=\"font-weight: 400;\">ICEBERG<\/span><\/td>\n<\/tr>\n<tr>\n<td><span style=\"font-weight: 400;\">Aroma<\/span><\/td>\n<td><span style=\"font-weight: 400;\">Enerji \u0130\u00e7ece\u011fi<\/span><\/td>\n<\/tr>\n<tr>\n<td><span style=\"font-weight: 400;\">T\u00fcr<\/span><\/td>\n<td><span style=\"font-weight: 400;\">T\u00fcm beyaz po\u015fet, t\u00fct\u00fcns\u00fcz<\/span><\/td>\n<\/tr>\n<\/tbody>\n<\/table>\n<p>\u00a0<\/p>","protected":false},"excerpt":{"rendered":"<p>ICEBERG Energy, cesur <strong data-start=\"29\" data-end=\"45\">enerji i\u00e7ece\u011fi<\/strong> lezzet ile serinletici, enerjik bir etki sunmaktad\u0131r. <strong data-start=\"89\" data-end=\"97\">\u0130nce<\/strong> t\u00fct\u00fcn i\u00e7ermeyen po\u015fetler duda\u011f\u0131n alt\u0131nda gizlice yerle\u015fir ve leke yapmaz. Her po\u015fet <strong data-start=\"186\" data-end=\"204\">35 mg nikotin<\/strong>, g\u00fc\u00e7l\u00fc, canland\u0131r\u0131c\u0131 bir etki sa\u011flar. Neoptolem taraf\u0131ndan Polonya'da \u00fcretilmi\u015ftir.<\/p>","protected":false},"featured_media":8085,"comment_status":"open","ping_status":"closed","template":"","format":[206],"meta":{"_acf_changed":false},"product_brand":[],"product_cat":[50],"product_tag":[16603],"flavours":[194],"nicotine":[226,233],"class_list":{"0":"post-8084","1":"product","2":"type-product","3":"status-publish","4":"has-post-thumbnail","6":"product_cat-iceberg","7":"product_tag-35-mg-pouch","8":"pa_quantity-1-pack","9":"pa_quantity-10-pack","10":"pa_quantity-3-pack","11":"pa_quantity-30-pack","12":"pa_quantity-5-pack","13":"pa_quantity-60-pack","14":"flavours-energy-drink","15":"format-slim","16":"nicotine-50-mg-g","17":"nicotine-extreme","19":"first","20":"instock","21":"taxable","22":"shipping-taxable","23":"purchasable","24":"product-type-variable"},"acf":[],"_links":{"self":[{"href":"https:\/\/whitelip.com\/tr\/wp-json\/wp\/v2\/product\/8084","targetHints":{"allow":["GET"]}}],"collection":[{"href":"https:\/\/whitelip.com\/tr\/wp-json\/wp\/v2\/product"}],"about":[{"href":"https:\/\/whitelip.com\/tr\/wp-json\/wp\/v2\/types\/product"}],"replies":[{"embeddable":true,"href":"https:\/\/whitelip.com\/tr\/wp-json\/wp\/v2\/comments?post=8084"}],"wp:featuredmedia":[{"embeddable":true,"href":"https:\/\/whitelip.com\/tr\/wp-json\/wp\/v2\/media\/8085"}],"wp:attachment":[{"href":"https:\/\/whitelip.com\/tr\/wp-json\/wp\/v2\/media?parent=8084"}],"wp:term":[{"taxonomy":"product_brand","embeddable":true,"href":"https:\/\/whitelip.com\/tr\/wp-json\/wp\/v2\/product_brand?post=8084"},{"taxonomy":"product_cat","embeddable":true,"href":"https:\/\/whitelip.com\/tr\/wp-json\/wp\/v2\/product_cat?post=8084"},{"taxonomy":"product_tag","embeddable":true,"href":"https:\/\/whitelip.com\/tr\/wp-json\/wp\/v2\/product_tag?post=8084"},{"taxonomy":"flavours","embeddable":true,"href":"https:\/\/whitelip.com\/tr\/wp-json\/wp\/v2\/flavours?post=8084"},{"taxonomy":"format","embeddable":true,"href":"https:\/\/whitelip.com\/tr\/wp-json\/wp\/v2\/format?post=8084"},{"taxonomy":"nicotine","embeddable":true,"href":"https:\/\/whitelip.com\/tr\/wp-json\/wp\/v2\/nicotine?post=8084"}],"curies":[{"name":"wp","href":"https:\/\/api.w.org\/{rel}","templated":true}]}}