{"id":8078,"date":"2024-11-28T12:36:53","date_gmt":"2024-11-28T12:36:53","guid":{"rendered":"https:\/\/whitelip.com\/cuba-black-cheese\/"},"modified":"2026-05-06T10:11:09","modified_gmt":"2026-05-06T10:11:09","slug":"cuba-black-cheese","status":"publish","type":"product","link":"https:\/\/whitelip.com\/tr\/cuba\/cuba-black-cheese\/","title":{"rendered":"CUBA Black Cheese"},"content":{"rendered":"<h2><b>CUBA Black Cheese<\/b><\/h2>\n<p><span style=\"font-weight: 400;\">CUBA Black Cheese nikotin po\u015fetleri, al\u0131\u015f\u0131lmad\u0131k tatlar arayan ki\u015filer i\u00e7in benzersiz bir deneyim sa\u011flayan \u00f6zg\u00fcn ve cesur peynir aromatas\u0131n\u0131 sunmaktad\u0131r. Her ince formatl\u0131 po\u015fet gram ba\u015f\u0131na 43 mg nikotin i\u00e7erir, bu da po\u015fet ba\u015f\u0131na yakla\u015f\u0131k 43 mg'a e\u015fittir ve deneyimli kullan\u0131c\u0131lar i\u00e7in uygun olan yo\u011fun bir his sa\u011flar. Siyah renkli po\u015fetler gizli ve di\u015fleri lekemez olacak \u015fekilde tasarlanm\u0131\u015ft\u0131r. Her kutu 20 po\u015fet i\u00e7erir ve keyifli bir \u015fekilde kullanmak i\u00e7in bol miktarda \u00fcr\u00fcn sunmaktad\u0131r. \u00c7a\u011fda\u015f y\u00f6ntemleri geleneksel kalite ile harmanlamakla \u00fcnl\u00fc Polonyal\u0131 \u00fcretici CUBA taraf\u0131ndan \u00fcretilen bu po\u015fetler y\u00fcksek standartlar ve yenilik\u00e7i tat kombinasyonlar\u0131n\u0131n \u00f6rne\u011fidir.<\/span><\/p>\n<table>\n<tbody>\n<tr>\n<td><b>Attribute<\/b><\/td>\n<td><b>Ayr\u0131nt\u0131lar<\/b><\/td>\n<\/tr>\n<tr>\n<td><b>10g (20 po\u015fet)<\/b><\/td>\n<td><span style=\"font-weight: 400;\">13g (20 po\u015fet)<\/span><\/td>\n<\/tr>\n<tr>\n<td><b>Nikotin i\u00e7eri\u011fi<\/b><\/td>\n<td><span style=\"font-weight: 400;\">43 mg\/g (po\u015fet ba\u015f\u0131na 43 mg)<\/span><\/td>\n<\/tr>\n<tr>\n<td><b>Po\u015fet format\u0131<\/b><\/td>\n<td><span style=\"font-weight: 400;\">\u0130nce<\/span><\/td>\n<\/tr>\n<tr>\n<td><b>\u00dcretici<\/b><\/td>\n<td><span style=\"font-weight: 400;\">CUBA<\/span><\/td>\n<\/tr>\n<tr>\n<td><b>Aroma<\/b><\/td>\n<td><span style=\"font-weight: 400;\">Peynir<\/span><\/td>\n<\/tr>\n<tr>\n<td><b>T\u00fcr<\/b><\/td>\n<td><span style=\"font-weight: 400;\">Tamamen beyaz po\u015fet<\/span><\/td>\n<\/tr>\n<\/tbody>\n<\/table>\n<p>\u00a0<\/p>","protected":false},"excerpt":{"rendered":"<p>\u00d6zg\u00fcn, cesur <strong data-start=\"18\" data-end=\"28\">cheese<\/strong> ger\u00e7ekten al\u0131\u015f\u0131lmad\u0131k bir tat i\u00e7in. <strong data-start=\"67\" data-end=\"82\">tamamen beyaz po\u015fetler duda\u011f\u0131n alt\u0131nda gizli ve rahat bir \u015fekilde oturur, leke olmadan istedi\u011finiz zaman kullan\u0131labilir. Her po\u015fet i\u00e7erir <\/strong>siyah po\u015fetler duda\u011f\u0131n alt\u0131nda g\u00f6zden ka\u00e7\u0131yor ve di\u015fleri boyamayacak. Her po\u015fet <strong data-start=\"163\" data-end=\"192\">~po\u015fet ba\u015f\u0131na 43 mg nikotin<\/strong> (43 mg\/g), deneyimli kullan\u0131c\u0131lar i\u00e7in yo\u011fun bir etki sa\u011flar. Her kutu CUBA taraf\u0131ndan y\u00fcksek kalite standartlar\u0131na g\u00f6re yap\u0131lan 20 po\u015fet i\u00e7erir.<\/p>","protected":false},"featured_media":8079,"comment_status":"open","ping_status":"closed","template":"","format":[206],"meta":{"_acf_changed":false},"product_brand":[],"product_cat":[46],"product_tag":[16567],"flavours":[186],"nicotine":[227,233],"class_list":{"0":"post-8078","1":"product","2":"type-product","3":"status-publish","4":"has-post-thumbnail","6":"product_cat-cuba","7":"product_tag-43-mg-pouch","8":"pa_quantity-1-pack","9":"pa_quantity-10-pack","10":"pa_quantity-3-pack","11":"pa_quantity-30-pack","12":"pa_quantity-5-pack","13":"pa_quantity-60-pack","14":"flavours-cheese","15":"format-slim","16":"nicotine-43-mg-g","17":"nicotine-extreme","19":"first","20":"outofstock","21":"taxable","22":"shipping-taxable","23":"purchasable","24":"product-type-variable"},"acf":[],"_links":{"self":[{"href":"https:\/\/whitelip.com\/tr\/wp-json\/wp\/v2\/product\/8078","targetHints":{"allow":["GET"]}}],"collection":[{"href":"https:\/\/whitelip.com\/tr\/wp-json\/wp\/v2\/product"}],"about":[{"href":"https:\/\/whitelip.com\/tr\/wp-json\/wp\/v2\/types\/product"}],"replies":[{"embeddable":true,"href":"https:\/\/whitelip.com\/tr\/wp-json\/wp\/v2\/comments?post=8078"}],"wp:featuredmedia":[{"embeddable":true,"href":"https:\/\/whitelip.com\/tr\/wp-json\/wp\/v2\/media\/8079"}],"wp:attachment":[{"href":"https:\/\/whitelip.com\/tr\/wp-json\/wp\/v2\/media?parent=8078"}],"wp:term":[{"taxonomy":"product_brand","embeddable":true,"href":"https:\/\/whitelip.com\/tr\/wp-json\/wp\/v2\/product_brand?post=8078"},{"taxonomy":"product_cat","embeddable":true,"href":"https:\/\/whitelip.com\/tr\/wp-json\/wp\/v2\/product_cat?post=8078"},{"taxonomy":"product_tag","embeddable":true,"href":"https:\/\/whitelip.com\/tr\/wp-json\/wp\/v2\/product_tag?post=8078"},{"taxonomy":"flavours","embeddable":true,"href":"https:\/\/whitelip.com\/tr\/wp-json\/wp\/v2\/flavours?post=8078"},{"taxonomy":"format","embeddable":true,"href":"https:\/\/whitelip.com\/tr\/wp-json\/wp\/v2\/format?post=8078"},{"taxonomy":"nicotine","embeddable":true,"href":"https:\/\/whitelip.com\/tr\/wp-json\/wp\/v2\/nicotine?post=8078"}],"curies":[{"name":"wp","href":"https:\/\/api.w.org\/{rel}","templated":true}]}}