{"id":8074,"date":"2024-11-28T12:36:53","date_gmt":"2024-11-28T12:36:53","guid":{"rendered":"https:\/\/whitelip.com\/77-watermelon-ice-light\/"},"modified":"2026-05-06T10:11:32","modified_gmt":"2026-05-06T10:11:32","slug":"77-watermelon-ice-light","status":"publish","type":"product","link":"https:\/\/whitelip.com\/tr\/77\/77-watermelon-ice-light\/","title":{"rendered":"77 Watermelon Ice Light"},"content":{"rendered":"<h2><strong>77 Watermelon Ice Light<\/strong><\/h2>\n<p><span style=\"font-weight: 400;\">77 Watermelon Ice Light nikotin po\u015fetleri, ince, t\u00fcm\u00fcyle beyaz formatta tatl\u0131 ve do\u011fal karpuz tad\u0131 sunmaktad\u0131r. Her po\u015fet 5,2 mg nikotin i\u00e7erir ve nazik bir nikotin deneyimi arayan ki\u015filer i\u00e7in uygun olan hafif bir hissiyat sa\u011flar. Ayr\u0131k tasar\u0131m, duda\u011f\u0131n alt\u0131nda rahat bir uyum sa\u011flayarak herhangi bir zamanda kullan\u0131m s\u0131ras\u0131nda di\u015fleri lekeli hale getirmeyecek \u015fekilde tasarlanm\u0131\u015ft\u0131r. 77 Group taraf\u0131ndan \u00fcretilen bu tut\u00fcn i\u00e7ermez po\u015fetler, y\u00fcksek kalite standartlar\u0131n\u0131 ve yenilik\u00e7i tat kombinasyonlar\u0131n\u0131 temsil etmektedir.<\/span><\/p>\n<table>\n<tbody>\n<tr>\n<td><b>Attribute<\/b><\/td>\n<td><b>Ayr\u0131nt\u0131lar<\/b><\/td>\n<\/tr>\n<tr>\n<td><b>10g (20 po\u015fet)<\/b><\/td>\n<td><span style=\"font-weight: 400;\">Nikotin i\u00e7eri\u011fi<\/span><\/td>\n<\/tr>\n<tr>\n<td><b>Nikotin i\u00e7eri\u011fi<\/b><\/td>\n<td><span style=\"font-weight: 400;\">8 mg\/g (po\u015fet ba\u015f\u0131na 5,2 mg)<\/span><\/td>\n<\/tr>\n<tr>\n<td><b>Po\u015fet format\u0131<\/b><\/td>\n<td><span style=\"font-weight: 400;\">\u0130nce<\/span><\/td>\n<\/tr>\n<tr>\n<td><b>\u00dcretici<\/b><\/td>\n<td><span style=\"font-weight: 400;\">77 Grubu<\/span><\/td>\n<\/tr>\n<tr>\n<td><b>Aroma<\/b><\/td>\n<td><span style=\"font-weight: 400;\">Karpuz<\/span><\/td>\n<\/tr>\n<tr>\n<td><b>T\u00fcr<\/b><\/td>\n<td><span style=\"font-weight: 400;\">Tamamen beyaz po\u015fet<\/span><\/td>\n<\/tr>\n<\/tbody>\n<\/table>","protected":false},"excerpt":{"rendered":"<p>Tatl\u0131, do\u011fal <strong data-start=\"15\" data-end=\"29\">karpuz<\/strong> temiz, ferahlat\u0131c\u0131 bir biti\u015f ile. \u00dcr\u00fcn <strong data-start=\"67\" data-end=\"86\">tamamen beyaz po\u015fetler duda\u011f\u0131n alt\u0131nda gizli ve rahat bir \u015fekilde oturur, leke olmadan istedi\u011finiz zaman kullan\u0131labilir. Her po\u015fet i\u00e7erir <\/strong>tamamen beyaz po\u015fetler duda\u011f\u0131n alt\u0131nda gizli ve rahat oturur, leke olmadan, her zaman kullan\u0131m i\u00e7in. Her po\u015fet <strong data-start=\"189\" data-end=\"208\">5,2 mg nikotin<\/strong>, 77 Group taraf\u0131ndan yumu\u015fak hafif kuvvet bir deneyim sunar.<\/p>","protected":false},"featured_media":8075,"comment_status":"open","ping_status":"closed","template":"","format":[206],"meta":{"_acf_changed":false},"product_brand":[],"product_cat":[23],"product_tag":[16547],"flavours":[196],"nicotine":[230,236],"class_list":{"0":"post-8074","1":"product","2":"type-product","3":"status-publish","4":"has-post-thumbnail","6":"product_cat-23","7":"product_tag-5-2-mg-pouch","8":"pa_quantity-1-pack","9":"pa_quantity-10-pack","10":"pa_quantity-3-pack","11":"pa_quantity-30-pack","12":"pa_quantity-5-pack","13":"pa_quantity-60-pack","14":"flavours-fruits-berries","15":"format-slim","16":"nicotine-8-mg-g","17":"nicotine-strong","19":"first","20":"outofstock","21":"taxable","22":"shipping-taxable","23":"purchasable","24":"product-type-variable"},"acf":[],"_links":{"self":[{"href":"https:\/\/whitelip.com\/tr\/wp-json\/wp\/v2\/product\/8074","targetHints":{"allow":["GET"]}}],"collection":[{"href":"https:\/\/whitelip.com\/tr\/wp-json\/wp\/v2\/product"}],"about":[{"href":"https:\/\/whitelip.com\/tr\/wp-json\/wp\/v2\/types\/product"}],"replies":[{"embeddable":true,"href":"https:\/\/whitelip.com\/tr\/wp-json\/wp\/v2\/comments?post=8074"}],"wp:featuredmedia":[{"embeddable":true,"href":"https:\/\/whitelip.com\/tr\/wp-json\/wp\/v2\/media\/8075"}],"wp:attachment":[{"href":"https:\/\/whitelip.com\/tr\/wp-json\/wp\/v2\/media?parent=8074"}],"wp:term":[{"taxonomy":"product_brand","embeddable":true,"href":"https:\/\/whitelip.com\/tr\/wp-json\/wp\/v2\/product_brand?post=8074"},{"taxonomy":"product_cat","embeddable":true,"href":"https:\/\/whitelip.com\/tr\/wp-json\/wp\/v2\/product_cat?post=8074"},{"taxonomy":"product_tag","embeddable":true,"href":"https:\/\/whitelip.com\/tr\/wp-json\/wp\/v2\/product_tag?post=8074"},{"taxonomy":"flavours","embeddable":true,"href":"https:\/\/whitelip.com\/tr\/wp-json\/wp\/v2\/flavours?post=8074"},{"taxonomy":"format","embeddable":true,"href":"https:\/\/whitelip.com\/tr\/wp-json\/wp\/v2\/format?post=8074"},{"taxonomy":"nicotine","embeddable":true,"href":"https:\/\/whitelip.com\/tr\/wp-json\/wp\/v2\/nicotine?post=8074"}],"curies":[{"name":"wp","href":"https:\/\/api.w.org\/{rel}","templated":true}]}}