{"id":8072,"date":"2024-11-28T12:36:53","date_gmt":"2024-11-28T12:36:53","guid":{"rendered":"https:\/\/whitelip.com\/loop-jalapeno-lime-hyper-strong\/"},"modified":"2026-04-14T12:06:33","modified_gmt":"2026-04-14T12:06:33","slug":"loop-jalapeno-lime-hyper-strong","status":"publish","type":"product","link":"https:\/\/whitelip.com\/tr\/loop\/loop-jalapeno-lime-hyper-strong\/","title":{"rendered":"LOOP Jalape\u00f1o Limon Hyper G\u00fc\u00e7l\u00fc"},"content":{"rendered":"<h2><b>LOOP Jalape\u00f1o Limon Hyper G\u00fc\u00e7l\u00fc<\/b><\/h2>\n<p><span style=\"font-weight: 400;\">LOOP Jalape\u00f1o Lime Hyper Strong, limonun keskin zar\u0131n\u0131 baharatl\u0131 jalape\u00f1o te\u011feti ile birle\u015ftirerek yo\u011fun ve cesur bir nikotin deneyimi sunar. Bu ince nikotin po\u015fetleri, y\u00fcksek nikotin g\u00fcc\u00fc ile benzersiz ve canland\u0131r\u0131c\u0131 bir tat arayan deneyimli kullan\u0131c\u0131lar i\u00e7in tasarlanm\u0131\u015f. Gizli ve rahat kullan\u0131m i\u00e7in tasarlanm\u0131\u015f, LOOP Jalape\u00f1o Lime Hyper Strong duda\u011f\u0131n alt\u0131nda kolayca oturup, baharatl\u0131 ve sitrus kar\u0131\u015f\u0131m\u0131n\u0131n heyecan verici kombinasyonundan ho\u015flananlar i\u00e7in m\u00fckemmel.<\/span><\/p>\n<table>\n<tbody>\n<tr>\n<td><b>Attribute<\/b><\/td>\n<td><b>Ayr\u0131nt\u0131lar<\/b><\/td>\n<\/tr>\n<tr>\n<td><span style=\"font-weight: 400;\">Kutu Ba\u015f\u0131na \u0130\u00e7erik<\/span><\/td>\n<td><span style=\"font-weight: 400;\">12g (20 po\u015fet)<\/span><\/td>\n<\/tr>\n<tr>\n<td><span style=\"font-weight: 400;\">Nikotin \u0130\u00e7eri\u011fi<\/span><\/td>\n<td><span style=\"font-weight: 400;\">20 mg\/g<\/span><\/td>\n<\/tr>\n<tr>\n<td><span style=\"font-weight: 400;\">Po\u015fet Format\u0131<\/span><\/td>\n<td><span style=\"font-weight: 400;\">\u0130nce<\/span><\/td>\n<\/tr>\n<tr>\n<td><span style=\"font-weight: 400;\">\u00dcretici<\/span><\/td>\n<td><span style=\"font-weight: 400;\">LOOP<\/span><\/td>\n<\/tr>\n<tr>\n<td><span style=\"font-weight: 400;\">Aroma<\/span><\/td>\n<td><span style=\"font-weight: 400;\">Jalape\u00f1o ve Limon<\/span><\/td>\n<\/tr>\n<tr>\n<td><span style=\"font-weight: 400;\">T\u00fcr<\/span><\/td>\n<td><span style=\"font-weight: 400;\">T\u00fcm beyaz po\u015fet, t\u00fct\u00fcns\u00fcz<\/span><\/td>\n<\/tr>\n<\/tbody>\n<\/table>","protected":false},"excerpt":{"rendered":"<p>LOOP <strong data-start=\"0\" data-end=\"19\" data-is-only-node=\"\">Jalape\u00f1o &amp; Lime <\/strong>yo\u011fun, cesur bir profil sa\u011flayarak keskin sitrus ve ate\u015fli bir te\u011fet ile, deneyimli kullan\u0131c\u0131lar i\u00e7in tasarlanm\u0131\u015f. <strong data-start=\"124\" data-end=\"132\">ince<\/strong> po\u015fetler duda\u011f\u0131n alt\u0131nda gizli ve rahat \u015fekilde oturup temiz, canland\u0131r\u0131c\u0131 bir deneyim sa\u011flar.<\/p>","protected":false},"featured_media":8073,"comment_status":"open","ping_status":"closed","template":"","format":[206],"meta":{"_acf_changed":false},"product_brand":[],"product_cat":[32],"product_tag":[17005],"flavours":[187,190],"nicotine":[219,232],"class_list":{"0":"post-8072","1":"product","2":"type-product","3":"status-publish","4":"has-post-thumbnail","6":"product_cat-loop","7":"product_tag-15-6-mg-pouch","8":"pa_quantity-1-pack","9":"pa_quantity-10-pack","10":"pa_quantity-3-pack","11":"pa_quantity-30-pack","12":"pa_quantity-5-pack","13":"pa_quantity-60-pack","14":"flavours-chili","15":"flavours-citrus","16":"format-slim","17":"nicotine-25-mg-g","18":"nicotine-extra-strong","20":"first","21":"instock","22":"taxable","23":"shipping-taxable","24":"purchasable","25":"product-type-variable"},"acf":[],"_links":{"self":[{"href":"https:\/\/whitelip.com\/tr\/wp-json\/wp\/v2\/product\/8072","targetHints":{"allow":["GET"]}}],"collection":[{"href":"https:\/\/whitelip.com\/tr\/wp-json\/wp\/v2\/product"}],"about":[{"href":"https:\/\/whitelip.com\/tr\/wp-json\/wp\/v2\/types\/product"}],"replies":[{"embeddable":true,"href":"https:\/\/whitelip.com\/tr\/wp-json\/wp\/v2\/comments?post=8072"}],"wp:featuredmedia":[{"embeddable":true,"href":"https:\/\/whitelip.com\/tr\/wp-json\/wp\/v2\/media\/8073"}],"wp:attachment":[{"href":"https:\/\/whitelip.com\/tr\/wp-json\/wp\/v2\/media?parent=8072"}],"wp:term":[{"taxonomy":"product_brand","embeddable":true,"href":"https:\/\/whitelip.com\/tr\/wp-json\/wp\/v2\/product_brand?post=8072"},{"taxonomy":"product_cat","embeddable":true,"href":"https:\/\/whitelip.com\/tr\/wp-json\/wp\/v2\/product_cat?post=8072"},{"taxonomy":"product_tag","embeddable":true,"href":"https:\/\/whitelip.com\/tr\/wp-json\/wp\/v2\/product_tag?post=8072"},{"taxonomy":"flavours","embeddable":true,"href":"https:\/\/whitelip.com\/tr\/wp-json\/wp\/v2\/flavours?post=8072"},{"taxonomy":"format","embeddable":true,"href":"https:\/\/whitelip.com\/tr\/wp-json\/wp\/v2\/format?post=8072"},{"taxonomy":"nicotine","embeddable":true,"href":"https:\/\/whitelip.com\/tr\/wp-json\/wp\/v2\/nicotine?post=8072"}],"curies":[{"name":"wp","href":"https:\/\/api.w.org\/{rel}","templated":true}]}}