{"id":8054,"date":"2024-12-20T19:39:05","date_gmt":"2024-12-20T19:39:05","guid":{"rendered":"https:\/\/whitelip.com\/velo-peppermint-storm\/"},"modified":"2026-04-17T13:03:48","modified_gmt":"2026-04-17T13:03:48","slug":"velo-peppermint-storm","status":"publish","type":"product","link":"https:\/\/whitelip.com\/tr\/velo\/velo-peppermint-storm\/","title":{"rendered":"VELO Nane F\u0131rt\u0131nas\u0131"},"content":{"rendered":"<h2><b>VELO Nane F\u0131rt\u0131nas\u0131\u00a0<\/b><\/h2>\n<p>VELO Peppermint Storm yo\u011fun ve canland\u0131r\u0131c\u0131 bir nane deneyimi sunarak peppermint'in serinli\u011fini menthol ipucusuyla birle\u015ftirmektedir. Bu ince, beyaz nikotin po\u015fetleri gizli ve rahat kullan\u0131m i\u00e7in tasarlanm\u0131\u015f olup, duda\u011f\u0131n alt\u0131na sorunsuz bir \u015fekilde uyum sa\u011flayarak g\u00f6zle g\u00f6r\u00fclmez kal\u0131r. Po\u015fet ba\u015f\u0131na 10,9 mg y\u00fcksek nikotin kuvveti, daha g\u00fc\u00e7l\u00fc bir nikotin tokad\u0131 arayan ki\u015filer i\u00e7in sa\u011flam ve tatmin edici bir deneyim sa\u011flamaktad\u0131r. T\u00fct\u00fcns\u00fcz ve y\u00fcksek kaliteli bitki liflerini kullanarak VELO Peppermint Storm, geleneksel \u00fcr\u00fcnlere temiz ve keyifli bir alternatif sunmaktad\u0131r.<\/p>\n<table>\n<tbody>\n<tr>\n<td><b>Attribute<\/b><\/td>\n<td><b>Ayr\u0131nt\u0131lar<\/b><\/td>\n<\/tr>\n<tr>\n<td><span style=\"font-weight: 400;\">Brand<\/span><\/td>\n<td><span style=\"font-weight: 400;\">VELO<\/span><\/td>\n<\/tr>\n<tr>\n<td><span style=\"font-weight: 400;\">\u00dcr\u00fcn T\u00fcr\u00fc<\/span><\/td>\n<td><span style=\"font-weight: 400;\">T\u00fcm Beyaz Nikotin Po\u015fetleri<\/span><\/td>\n<\/tr>\n<tr>\n<td><span style=\"font-weight: 400;\">Format<\/span><\/td>\n<td><span style=\"font-weight: 400;\">\u0130nce<\/span><\/td>\n<\/tr>\n<tr>\n<td><span style=\"font-weight: 400;\">Aroma<\/span><\/td>\n<td><span style=\"font-weight: 400;\">Hafif mentol ile nane<\/span><\/td>\n<\/tr>\n<tr>\n<td><span style=\"font-weight: 400;\">Nikotin G\u00fcc\u00fc<\/span><\/td>\n<td><span style=\"font-weight: 400;\">Po\u015fet ba\u015f\u0131na 10,9 mg (15,6 mg\/g)<\/span><\/td>\n<\/tr>\n<tr>\n<td><span style=\"font-weight: 400;\">K\u0131s\u0131m A\u011f\u0131rl\u0131\u011f\u0131<\/span><\/td>\n<td><span style=\"font-weight: 400;\">0,7 gram<\/span><\/td>\n<\/tr>\n<tr>\n<td><span style=\"font-weight: 400;\">K\u0131s\u0131m Say\u0131s\u0131<\/span><\/td>\n<td><span style=\"font-weight: 400;\">kutu ba\u015f\u0131na 20<\/span><\/td>\n<\/tr>\n<tr>\n<td><span style=\"font-weight: 400;\">Toplam Kutu A\u011f\u0131rl\u0131\u011f\u0131<\/span><\/td>\n<td><span style=\"font-weight: 400;\">14 gram<\/span><\/td>\n<\/tr>\n<tr>\n<td><span style=\"font-weight: 400;\">\u00dcretici<\/span><\/td>\n<td><span style=\"font-weight: 400;\">BAT<\/span><\/td>\n<\/tr>\n<tr>\n<td><span style=\"font-weight: 400;\">Dikkate De\u011fer \u00d6zellikler<\/span><\/td>\n<td><span style=\"font-weight: 400;\">T\u00fct\u00fcns\u00fcz, ayr\u0131k slim porsiyonlar, y\u00fcksek nikotin g\u00fcc\u00fc<\/span><\/td>\n<\/tr>\n<\/tbody>\n<\/table>","protected":false},"excerpt":{"rendered":"<p>VELO Peppermint Storm nikotin po\u015fetleri yo\u011fun bir <strong data-start=\"58\" data-end=\"80\">Peppermint Menthol<\/strong> tat sunuyor so\u011fuk, canland\u0131r\u0131c\u0131 bir deneyim i\u00e7in. <strong data-start=\"125\" data-end=\"133\">\u0130nce<\/strong>, ayr\u0131k, konforlu kullan\u0131m ve temiz sal\u0131n\u0131m i\u00e7in t\u00fcm beyaz format. Her po\u015fette <strong data-start=\"223\" data-end=\"243\">10,9 mg nikotin<\/strong>.<\/p>","protected":false},"featured_media":8055,"comment_status":"open","ping_status":"closed","template":"","format":[206],"meta":{"_acf_changed":false},"product_brand":[],"product_cat":[48],"product_tag":[16523,17005],"flavours":[199],"nicotine":[213,232],"class_list":{"0":"post-8054","1":"product","2":"type-product","3":"status-publish","4":"has-post-thumbnail","6":"product_cat-velo","7":"product_tag-11-off","8":"product_tag-15-6-mg-pouch","9":"pa_quantity-1-pack","10":"pa_quantity-10-pack","11":"pa_quantity-3-pack","12":"pa_quantity-30-pack","13":"pa_quantity-5-pack","14":"pa_quantity-60-pack","15":"flavours-mint","16":"format-slim","17":"nicotine-16-mg-g","18":"nicotine-extra-strong","20":"first","21":"instock","22":"sale","23":"taxable","24":"shipping-taxable","25":"product-type-variable"},"acf":[],"_links":{"self":[{"href":"https:\/\/whitelip.com\/tr\/wp-json\/wp\/v2\/product\/8054","targetHints":{"allow":["GET"]}}],"collection":[{"href":"https:\/\/whitelip.com\/tr\/wp-json\/wp\/v2\/product"}],"about":[{"href":"https:\/\/whitelip.com\/tr\/wp-json\/wp\/v2\/types\/product"}],"replies":[{"embeddable":true,"href":"https:\/\/whitelip.com\/tr\/wp-json\/wp\/v2\/comments?post=8054"}],"wp:featuredmedia":[{"embeddable":true,"href":"https:\/\/whitelip.com\/tr\/wp-json\/wp\/v2\/media\/8055"}],"wp:attachment":[{"href":"https:\/\/whitelip.com\/tr\/wp-json\/wp\/v2\/media?parent=8054"}],"wp:term":[{"taxonomy":"product_brand","embeddable":true,"href":"https:\/\/whitelip.com\/tr\/wp-json\/wp\/v2\/product_brand?post=8054"},{"taxonomy":"product_cat","embeddable":true,"href":"https:\/\/whitelip.com\/tr\/wp-json\/wp\/v2\/product_cat?post=8054"},{"taxonomy":"product_tag","embeddable":true,"href":"https:\/\/whitelip.com\/tr\/wp-json\/wp\/v2\/product_tag?post=8054"},{"taxonomy":"flavours","embeddable":true,"href":"https:\/\/whitelip.com\/tr\/wp-json\/wp\/v2\/flavours?post=8054"},{"taxonomy":"format","embeddable":true,"href":"https:\/\/whitelip.com\/tr\/wp-json\/wp\/v2\/format?post=8054"},{"taxonomy":"nicotine","embeddable":true,"href":"https:\/\/whitelip.com\/tr\/wp-json\/wp\/v2\/nicotine?post=8054"}],"curies":[{"name":"wp","href":"https:\/\/api.w.org\/{rel}","templated":true}]}}