{"id":8044,"date":"2024-12-20T19:39:03","date_gmt":"2024-12-20T19:39:03","guid":{"rendered":"https:\/\/whitelip.com\/velo-lime-flame\/"},"modified":"2026-04-17T13:01:32","modified_gmt":"2026-04-17T13:01:32","slug":"velo-lime-flame","status":"publish","type":"product","link":"https:\/\/whitelip.com\/tr\/velo\/velo-lime-flame\/","title":{"rendered":"VELO Lime Flame"},"content":{"rendered":"<h2><strong>VELO Lime Flame\u00a0<\/strong><\/h2>\n<p>VELO Lime Flame &#8211; Bu ayr\u0131k po\u015fetler, y\u00fcksek kaliteli nikotini jalape\u00f1o ve limonun yo\u011fun taze aromalar\u0131yla birle\u015ftirerek, ferahlat\u0131c\u0131 ve uzun s\u00fcreli bir deneyim sunar. Po\u015fetler ince formatta gelir ve 14,3 mg\/g nikotin g\u00fcc\u00fcne sahiptir.<\/p>\n<ul>\n<li>Lezzet: Jalape\u00f1o &amp; Lime<\/li>\n<li>Format: \u0130nce<\/li>\n<li>Nikotin: 14,3 mg\/g<\/li>\n<li>Po\u015fetler: 20 adet<\/li>\n<li>A\u011f\u0131rl\u0131k: 14 g<\/li>\n<li>Marka: <a href=\"https:\/\/whitelip.se\/en\/velo\/\" target=\"_blank\" rel=\"noopener\">VELO<\/a><\/li>\n<li>\u00dcretici: <a href=\"https:\/\/www.bat.com\/\" target=\"_blank\" rel=\"noopener\">BAT<\/a><\/li>\n<\/ul>\n<p><em><strong>Marka Hakk\u0131nda: VELO<\/strong><\/em><\/p>\n<p>VELO nikotin po\u015fetlerinin tad\u0131n\u0131 ve pop\u00fclarite \u00e7\u0131kart\u0131n &#8211; ola\u011fan\u00fcst\u00fc aroma \u00e7e\u015fitlili\u011fi ve kolayl\u0131k sunan d\u00fcnya \u00e7ap\u0131nda \u00f6nde gelen bir dizi. K\u00fcresel pop\u00fclarite ve \u00e7e\u015fitli heyecan verici aromalar ve nikotin yo\u011funluklar\u0131 ile VELO, nikotin ihtiya\u00e7lar\u0131n\u0131z\u0131 kar\u015f\u0131lamak i\u00e7in uygun ve ayr\u0131k bir \u00e7\u00f6z\u00fcm sunmaktad\u0131r. Geni\u015f VELO nikotin po\u015fetleri serisini ke\u015ffetmek ve istedi\u011finiz herhangi bir zamanda keyifli ve uygun bir nikotin deneyimi i\u00e7in neden d\u00fcnyan\u0131n en pop\u00fcler se\u00e7eneklerinden biri oldu\u011funu ke\u015ffedin.<\/p>\n<p><em><strong>Whitelip.se Hakk\u0131nda:\u00a0<\/strong><\/em><\/p>\n<p><span data-contrast=\"auto\">Whitelip.se'ye ho\u015f geldiniz; y\u00fcksek kaliteli nikotin po\u015fetleri i\u00e7in nihai hedefiniz. Nikotin ihtiya\u00e7lar\u0131n\u0131z\u0131 kar\u015f\u0131lamak i\u00e7in tasarlanm\u0131\u015f geni\u015f \u00fcr\u00fcn yelpazesini ke\u015ffedin, Amerika Birle\u015fik Devletleri ve Avrupa'ya kargo se\u00e7ene\u011fiyle, \u00f6deme s\u0131ras\u0131nda \u00fccretsiz kargo se\u00e7ene\u011fi bulunmaktad\u0131r. Her sat\u0131n almada memnuniyetinizi art\u0131r\u0131n \u00e7\u00fcnk\u00fc size en iyi markalar ve kap\u0131n\u0131za sorunsuz teslimat getiriyoruz. Whitelip.se'de sadece en iyi kolayl\u0131k ve premium kaliteyi deneyimleyin. \u015eimdi al\u0131\u015fveri\u015f yap\u0131n ve premium tamamen beyaz nikotin po\u015fetlerinin keyfini \u00e7\u0131kar\u0131n.<\/span><\/p>","protected":false},"excerpt":{"rendered":"<p>VELO Lime Flame nikotin po\u015fetleri yo\u011fun, ferahlat\u0131c\u0131 bir <strong data-start=\"64\" data-end=\"83\">Jalape\u00f1o &amp; Lime<\/strong> tat sunmaktad\u0131r uzun s\u00fcreli bir deneyim i\u00e7in. <strong data-start=\"122\" data-end=\"130\">\u0130nce<\/strong>, kesintisiz, beyaz format gizli ve rahat kullan\u0131m i\u00e7in.<\/p>","protected":false},"featured_media":8045,"comment_status":"open","ping_status":"closed","template":"","format":[206],"meta":{"_acf_changed":false},"product_brand":[],"product_cat":[48],"product_tag":[16583],"flavours":[187],"nicotine":[211,232],"class_list":{"0":"post-8044","1":"product","2":"type-product","3":"status-publish","4":"has-post-thumbnail","6":"product_cat-velo","7":"product_tag-8-mg-pouch","8":"pa_quantity-1-pack","9":"pa_quantity-10-pack","10":"pa_quantity-3-pack","11":"pa_quantity-30-pack","12":"pa_quantity-5-pack","13":"pa_quantity-60-pack","14":"flavours-chili","15":"format-slim","16":"nicotine-14-mg-g","17":"nicotine-extra-strong","19":"first","20":"instock","21":"taxable","22":"shipping-taxable","23":"product-type-variable","24":"has-default-attributes"},"acf":[],"_links":{"self":[{"href":"https:\/\/whitelip.com\/tr\/wp-json\/wp\/v2\/product\/8044","targetHints":{"allow":["GET"]}}],"collection":[{"href":"https:\/\/whitelip.com\/tr\/wp-json\/wp\/v2\/product"}],"about":[{"href":"https:\/\/whitelip.com\/tr\/wp-json\/wp\/v2\/types\/product"}],"replies":[{"embeddable":true,"href":"https:\/\/whitelip.com\/tr\/wp-json\/wp\/v2\/comments?post=8044"}],"wp:featuredmedia":[{"embeddable":true,"href":"https:\/\/whitelip.com\/tr\/wp-json\/wp\/v2\/media\/8045"}],"wp:attachment":[{"href":"https:\/\/whitelip.com\/tr\/wp-json\/wp\/v2\/media?parent=8044"}],"wp:term":[{"taxonomy":"product_brand","embeddable":true,"href":"https:\/\/whitelip.com\/tr\/wp-json\/wp\/v2\/product_brand?post=8044"},{"taxonomy":"product_cat","embeddable":true,"href":"https:\/\/whitelip.com\/tr\/wp-json\/wp\/v2\/product_cat?post=8044"},{"taxonomy":"product_tag","embeddable":true,"href":"https:\/\/whitelip.com\/tr\/wp-json\/wp\/v2\/product_tag?post=8044"},{"taxonomy":"flavours","embeddable":true,"href":"https:\/\/whitelip.com\/tr\/wp-json\/wp\/v2\/flavours?post=8044"},{"taxonomy":"format","embeddable":true,"href":"https:\/\/whitelip.com\/tr\/wp-json\/wp\/v2\/format?post=8044"},{"taxonomy":"nicotine","embeddable":true,"href":"https:\/\/whitelip.com\/tr\/wp-json\/wp\/v2\/nicotine?post=8044"}],"curies":[{"name":"wp","href":"https:\/\/api.w.org\/{rel}","templated":true}]}}